{"id":31407,"date":"2021-05-09T17:39:09","date_gmt":"2021-05-09T16:39:09","guid":{"rendered":"https:\/\/www.bonberenea.com\/?post_type=product&#038;p=31407"},"modified":"2021-05-09T17:39:10","modified_gmt":"2021-05-09T16:39:10","slug":"abereh-joan-etorrian","status":"publish","type":"product","link":"https:\/\/www.bonberenea.com\/es\/online-denda\/abereh-joan-etorrian\/","title":{"rendered":"Abereh &#8211; Joan etorrian"},"content":{"rendered":"<p><img decoding=\"async\" class=\"alignnone size-full wp-image-31236\" src=\"https:\/\/bonberenea.com\/wp-content\/uploads\/2021\/04\/Abereh-banner.jpeg\" alt=\"\" width=\"1600\" height=\"565\" srcset=\"https:\/\/www.bonberenea.com\/wp-content\/uploads\/2021\/04\/Abereh-banner.jpeg 1600w, https:\/\/www.bonberenea.com\/wp-content\/uploads\/2021\/04\/Abereh-banner-300x106.jpeg 300w, https:\/\/www.bonberenea.com\/wp-content\/uploads\/2021\/04\/Abereh-banner-1024x362.jpeg 1024w, https:\/\/www.bonberenea.com\/wp-content\/uploads\/2021\/04\/Abereh-banner-768x271.jpeg 768w, https:\/\/www.bonberenea.com\/wp-content\/uploads\/2021\/04\/Abereh-banner-1536x542.jpeg 1536w, https:\/\/www.bonberenea.com\/wp-content\/uploads\/2021\/04\/Abereh-banner-890x314.jpeg 890w, https:\/\/www.bonberenea.com\/wp-content\/uploads\/2021\/04\/Abereh-banner-663x234.jpeg 663w\" sizes=\"(max-width: 1600px) 100vw, 1600px\" \/><\/p>\n<p>Joan-etorrian es el nuevo trabajo compuesto por 7 canciones que ha publicado el cantautor de Balmaseda Erik Berganza. El trabajo fue grabado a manos de Karlos Osinaga &#8220;Txap&#8221; los \u00faltimos d\u00edas del a\u00f1o 2020 el cual saldr\u00e1 a la luz antes del verano del 2021. Si hay que definir este trabajo, lo etiquetar\u00edamos como lo-fi folk, emo y punkrock, pero que vamos a decir de las etiquetas.<\/p>\n<p><img decoding=\"async\" class=\"alignnone size-full wp-image-31237\" src=\"https:\/\/bonberenea.com\/wp-content\/uploads\/2021\/04\/Abereh-promo-argazkia.jpeg\" alt=\"\" width=\"768\" height=\"1024\" srcset=\"https:\/\/www.bonberenea.com\/wp-content\/uploads\/2021\/04\/Abereh-promo-argazkia.jpeg 768w, https:\/\/www.bonberenea.com\/wp-content\/uploads\/2021\/04\/Abereh-promo-argazkia-225x300.jpeg 225w, https:\/\/www.bonberenea.com\/wp-content\/uploads\/2021\/04\/Abereh-promo-argazkia-663x884.jpeg 663w, https:\/\/www.bonberenea.com\/wp-content\/uploads\/2021\/04\/Abereh-promo-argazkia-300x400.jpeg 300w\" sizes=\"(max-width: 768px) 100vw, 768px\" \/><\/p>\n<p>Track List:<br \/>\nSide A<br \/>\n1- Lur eri honetan<br \/>\n2- Joan-etorrian<br \/>\n3- Zirrara hura<br \/>\n4- Hitzen bila<\/p>\n<p>Side B<br \/>\n5- Mundu basatia da hau<br \/>\n6- Lur azpiko ahotsak<br \/>\n7- Iltzeen antzera<\/p>\n<p>Harremanetarako:<br \/>\nberganza.erik@gmail.com<br \/>\n670 826 338 &#8211; Erik<\/p>","protected":false},"excerpt":{"rendered":"<p>Joan-etorrian es el nuevo trabajo compuesto por 7 canciones que ha publicado el cantautor de Balmaseda Erik Berganza. El trabajo fue grabado a manos de Karlos Osinaga &#8220;Txap&#8221; los \u00faltimos d\u00edas del a\u00f1o 2020 el cual saldr\u00e1 a la luz [&hellip;]<\/p>\n","protected":false},"featured_media":31238,"template":"","meta":{"_exactmetrics_skip_tracking":false,"_exactmetrics_sitenote_active":false,"_exactmetrics_sitenote_note":"","_exactmetrics_sitenote_category":0},"product_cat":[495],"product_tag":[],"_links":{"self":[{"href":"https:\/\/www.bonberenea.com\/es\/wp-json\/wp\/v2\/product\/31407"}],"collection":[{"href":"https:\/\/www.bonberenea.com\/es\/wp-json\/wp\/v2\/product"}],"about":[{"href":"https:\/\/www.bonberenea.com\/es\/wp-json\/wp\/v2\/types\/product"}],"wp:featuredmedia":[{"embeddable":true,"href":"https:\/\/www.bonberenea.com\/es\/wp-json\/wp\/v2\/media\/31238"}],"wp:attachment":[{"href":"https:\/\/www.bonberenea.com\/es\/wp-json\/wp\/v2\/media?parent=31407"}],"wp:term":[{"taxonomy":"product_cat","embeddable":true,"href":"https:\/\/www.bonberenea.com\/es\/wp-json\/wp\/v2\/product_cat?post=31407"},{"taxonomy":"product_tag","embeddable":true,"href":"https:\/\/www.bonberenea.com\/es\/wp-json\/wp\/v2\/product_tag?post=31407"}],"curies":[{"name":"wp","href":"https:\/\/api.w.org\/{rel}","templated":true}]}}