{"id":31328,"date":"2021-04-24T21:04:59","date_gmt":"2021-04-24T20:04:59","guid":{"rendered":"https:\/\/www.bonberenea.com\/?post_type=product&#038;p=31328"},"modified":"2021-04-24T21:05:51","modified_gmt":"2021-04-24T20:05:51","slug":"arima-biluztasunez-jantzita","status":"publish","type":"product","link":"https:\/\/www.bonberenea.com\/es\/online-denda\/arima-biluztasunez-jantzita\/","title":{"rendered":"Arima &#8211; Biluztasunez jantzita"},"content":{"rendered":"<p><img decoding=\"async\" class=\"alignnone size-full wp-image-31101\" src=\"https:\/\/bonberenea.com\/wp-content\/uploads\/2021\/02\/Arima-banner-2021.jpg\" alt=\"\" width=\"1600\" height=\"565\" srcset=\"https:\/\/www.bonberenea.com\/wp-content\/uploads\/2021\/02\/Arima-banner-2021.jpg 1600w, https:\/\/www.bonberenea.com\/wp-content\/uploads\/2021\/02\/Arima-banner-2021-300x106.jpg 300w, https:\/\/www.bonberenea.com\/wp-content\/uploads\/2021\/02\/Arima-banner-2021-1024x362.jpg 1024w, https:\/\/www.bonberenea.com\/wp-content\/uploads\/2021\/02\/Arima-banner-2021-768x271.jpg 768w, https:\/\/www.bonberenea.com\/wp-content\/uploads\/2021\/02\/Arima-banner-2021-1536x542.jpg 1536w, https:\/\/www.bonberenea.com\/wp-content\/uploads\/2021\/02\/Arima-banner-2021-890x314.jpg 890w, https:\/\/www.bonberenea.com\/wp-content\/uploads\/2021\/02\/Arima-banner-2021-663x234.jpg 663w\" sizes=\"(max-width: 1600px) 100vw, 1600px\" \/><\/p>\n<p>La distorsi\u00f3n fue el detonante de la creaci\u00f3n de Arima en el a\u00f1o 2018. Un proyecto que surge a ra\u00edz de mi metamorfosis musical y personal, con el objetivo de plasmar mis necesidades vitales y emocionales de una forma totalmente propia.<\/p>\n<p>El Shoegaze es el hilo conductor de unas canciones que te llevan de la calma a la catarsis y de la destrucci\u00f3n a la tranquilidad en pocos segundos. Los temas son poderosos y quebradizos al mismo tiempo. Las letras est\u00e1n salpicadas de miedos, experiencias vitales y colectivas, preguntas y respuestas.<\/p>\n<p><img decoding=\"async\" class=\"alignnone wp-image-30881\" src=\"https:\/\/bonberenea.com\/wp-content\/uploads\/2020\/12\/Arima-Promo-1-edit-1.jpg\" alt=\"\" width=\"768\" height=\"512\" srcset=\"https:\/\/www.bonberenea.com\/wp-content\/uploads\/2020\/12\/Arima-Promo-1-edit-1.jpg 1920w, https:\/\/www.bonberenea.com\/wp-content\/uploads\/2020\/12\/Arima-Promo-1-edit-1-300x200.jpg 300w, https:\/\/www.bonberenea.com\/wp-content\/uploads\/2020\/12\/Arima-Promo-1-edit-1-1024x683.jpg 1024w, https:\/\/www.bonberenea.com\/wp-content\/uploads\/2020\/12\/Arima-Promo-1-edit-1-768x512.jpg 768w, https:\/\/www.bonberenea.com\/wp-content\/uploads\/2020\/12\/Arima-Promo-1-edit-1-1536x1024.jpg 1536w, https:\/\/www.bonberenea.com\/wp-content\/uploads\/2020\/12\/Arima-Promo-1-edit-1-890x593.jpg 890w, https:\/\/www.bonberenea.com\/wp-content\/uploads\/2020\/12\/Arima-Promo-1-edit-1-663x442.jpg 663w\" sizes=\"(max-width: 768px) 100vw, 768px\" \/><\/p>\n<p>En el a\u00f1o 2019 presentamos nuestro primer EP \u201cMetamorphosis\u201d en diferentes puntos de Euskal Herria. La grabaci\u00f3n se realiz\u00f3\u0301 en Bonberenea, donde Karlos Osinaga, \u201cTxap\u201d, estuvo a los mandos de la nave. A principios del 2021, de la misma manera, vamos a publicar 6 canciones con el t\u00edtulo \u201cBiluztasunez Jantzita\u201d. Arima somos Paule Bilbao, (guitarra y voz) Josu Gonz\u00e1lez (bajo) y Gontzal Bilbao (bater\u00eda).\u201c<\/p>\n<p>TRACKLIST<\/p>\n<div class=\"page\" title=\"Page 1\">\n<div class=\"section\">\n<div class=\"layoutArea\">\n<div class=\"column\">\n<p>1.- Orbainak<br \/>\n2.- Noraezean<br \/>\n3.- Pentsamenduen biktimak<br \/>\n4.- Utopia<br \/>\n5.- Magnetismo artifizialak<br \/>\n6.- Ametsen noranzko errealistie<\/p>\n<p>Contacto:<br \/>\npaulebilbao@gmail.com<br \/>\nPaule: 638 860 632<\/p>\n<\/div>\n<\/div>\n<\/div>\n<\/div>\n<p><\/p>","protected":false},"excerpt":{"rendered":"<p>La distorsi\u00f3n fue el detonante de la creaci\u00f3n de Arima en el a\u00f1o 2018. Un proyecto que surge a ra\u00edz de mi metamorfosis musical y personal, con el objetivo de plasmar mis necesidades vitales y emocionales de una forma totalmente [&hellip;]<\/p>\n","protected":false},"featured_media":31181,"template":"","meta":{"_exactmetrics_skip_tracking":false,"_exactmetrics_sitenote_active":false,"_exactmetrics_sitenote_note":"","_exactmetrics_sitenote_category":0},"product_cat":[495],"product_tag":[589,442,590,205],"_links":{"self":[{"href":"https:\/\/www.bonberenea.com\/es\/wp-json\/wp\/v2\/product\/31328"}],"collection":[{"href":"https:\/\/www.bonberenea.com\/es\/wp-json\/wp\/v2\/product"}],"about":[{"href":"https:\/\/www.bonberenea.com\/es\/wp-json\/wp\/v2\/types\/product"}],"wp:featuredmedia":[{"embeddable":true,"href":"https:\/\/www.bonberenea.com\/es\/wp-json\/wp\/v2\/media\/31181"}],"wp:attachment":[{"href":"https:\/\/www.bonberenea.com\/es\/wp-json\/wp\/v2\/media?parent=31328"}],"wp:term":[{"taxonomy":"product_cat","embeddable":true,"href":"https:\/\/www.bonberenea.com\/es\/wp-json\/wp\/v2\/product_cat?post=31328"},{"taxonomy":"product_tag","embeddable":true,"href":"https:\/\/www.bonberenea.com\/es\/wp-json\/wp\/v2\/product_tag?post=31328"}],"curies":[{"name":"wp","href":"https:\/\/api.w.org\/{rel}","templated":true}]}}