{"id":30633,"date":"2020-05-23T16:48:41","date_gmt":"2020-05-23T15:48:41","guid":{"rendered":"https:\/\/www.bonberenea.com\/?post_type=product&#038;p=30633"},"modified":"2021-11-19T19:42:41","modified_gmt":"2021-11-19T18:42:41","slug":"lepora","status":"publish","type":"product","link":"https:\/\/www.bonberenea.com\/es\/online-denda\/lepora\/","title":{"rendered":"Lepora"},"content":{"rendered":"<p><img decoding=\"async\" class=\"alignnone size-full wp-image-30637\" src=\"https:\/\/bonberenea.com\/wp-content\/uploads\/2020\/03\/Lepora-banner-kalean.jpg\" alt=\"\" width=\"890\" height=\"315\" srcset=\"https:\/\/www.bonberenea.com\/wp-content\/uploads\/2020\/03\/Lepora-banner-kalean.jpg 890w, https:\/\/www.bonberenea.com\/wp-content\/uploads\/2020\/03\/Lepora-banner-kalean-300x106.jpg 300w, https:\/\/www.bonberenea.com\/wp-content\/uploads\/2020\/03\/Lepora-banner-kalean-768x272.jpg 768w, https:\/\/www.bonberenea.com\/wp-content\/uploads\/2020\/03\/Lepora-banner-kalean-663x235.jpg 663w\" sizes=\"(max-width: 890px) 100vw, 890px\" \/><\/p>\n<p class=\"P1\">LEPORA, cuarteto de Vitoria-Gasteiz, ha publicado su primer trabajo con el sello Bonberenea Ekintzak (Lepora, 2020).<\/p>\n<p><span class=\"T5\">Despu\u00e9s de m\u00e1s de 2 a\u00f1os de trabajo en el local Lepora se presenta al p\u00fablico con un disco compuesto de 8 temas directos y crudos.<\/span> Entre sus influencias destacan diversas visiones del rock de los 90, al igual que la huella de las anteriores experiencias de sus miembros en bandas como Same Old, Eh!, Libe, Bronze, Tutan Come On, Iont, Kashbad, Trumbo&#8230; El resultado son 8 temas variados pero con un denominador com\u00fan: una base bateria-bajo contundente, agresiva; guitarras delirantes y afiladas; y un amplio registro mel\u00f3dico en voces, oscuras e intensas. Las letras reflejan, entre otros, temas como el modo de vida actual, el calvario de la inmigraci\u00f3n, ciertas amenazas del poder, \u00a0las relaciones o la comunicaci\u00f3n. Todas las letras son de Lepora, excepto \u201cAnalfabeto politikoa\u201d (Bertolt Brecht).<\/p>\n<p>El disco ha sido grabado y mezclado por Karlos Osinaga en el estudio de Bonberenea (Tolosa) y lo ha masterizado Jonan Ordorika en Mamia estudioa. El dise\u00f1o ha corrido a cargo de Rodrigo Garc\u00eda y las fotos son de Victor H. A partir de mayo de 2020 en formato LP+CD y en CD.<\/p>\n<p><img decoding=\"async\" class=\"alignnone size-full wp-image-30541\" src=\"https:\/\/bonberenea.com\/wp-content\/uploads\/2020\/03\/Lepora-arg.jpg\" alt=\"\" width=\"640\" height=\"248\" srcset=\"https:\/\/www.bonberenea.com\/wp-content\/uploads\/2020\/03\/Lepora-arg.jpg 640w, https:\/\/www.bonberenea.com\/wp-content\/uploads\/2020\/03\/Lepora-arg-300x116.jpg 300w\" sizes=\"(max-width: 640px) 100vw, 640px\" \/><\/p>\n<p>Tracklist:<br \/>\n1- Akuriak<br \/>\n2- Dardo uxa<br \/>\n3- Ustelontzia<br \/>\n4- Analfabeto politikoa<br \/>\n5- Besarkada<br \/>\n6- Manhattan<br \/>\n7- Ezer ez aurrean<br \/>\n8- Bizi behar da<\/p>\n<p>Contacto:<br \/>\nleporataldea@gmail.com<\/p>","protected":false},"excerpt":{"rendered":"<p>LEPORA, cuarteto de Vitoria-Gasteiz, ha publicado su primer trabajo con el sello Bonberenea Ekintzak (Lepora, 2020). Despu\u00e9s de m\u00e1s de 2 a\u00f1os de trabajo en el local Lepora se presenta al p\u00fablico con un disco compuesto de 8 temas directos [&hellip;]<\/p>\n","protected":false},"featured_media":30539,"template":"","meta":{"_exactmetrics_skip_tracking":false,"_exactmetrics_sitenote_active":false,"_exactmetrics_sitenote_note":"","_exactmetrics_sitenote_category":0},"product_cat":[451],"product_tag":[],"_links":{"self":[{"href":"https:\/\/www.bonberenea.com\/es\/wp-json\/wp\/v2\/product\/30633"}],"collection":[{"href":"https:\/\/www.bonberenea.com\/es\/wp-json\/wp\/v2\/product"}],"about":[{"href":"https:\/\/www.bonberenea.com\/es\/wp-json\/wp\/v2\/types\/product"}],"wp:featuredmedia":[{"embeddable":true,"href":"https:\/\/www.bonberenea.com\/es\/wp-json\/wp\/v2\/media\/30539"}],"wp:attachment":[{"href":"https:\/\/www.bonberenea.com\/es\/wp-json\/wp\/v2\/media?parent=30633"}],"wp:term":[{"taxonomy":"product_cat","embeddable":true,"href":"https:\/\/www.bonberenea.com\/es\/wp-json\/wp\/v2\/product_cat?post=30633"},{"taxonomy":"product_tag","embeddable":true,"href":"https:\/\/www.bonberenea.com\/es\/wp-json\/wp\/v2\/product_tag?post=30633"}],"curies":[{"name":"wp","href":"https:\/\/api.w.org\/{rel}","templated":true}]}}