{"id":29963,"date":"2019-11-29T18:47:03","date_gmt":"2019-11-29T17:47:03","guid":{"rendered":"https:\/\/www.bonberenea.com\/?post_type=product&#038;p=29963"},"modified":"2021-11-19T19:48:18","modified_gmt":"2021-11-19T18:48:18","slug":"arima-metamorphosis","status":"publish","type":"product","link":"https:\/\/www.bonberenea.com\/es\/online-denda\/arima-metamorphosis\/","title":{"rendered":"Arima &#8211; Metamorphosis"},"content":{"rendered":"<p><\/p>\n<div dir=\"ltr\" style=\"text-align: left;\">\n<p><img decoding=\"async\" class=\"alignnone size-full wp-image-29545\" src=\"https:\/\/bonberenea.com\/wp-content\/uploads\/2019\/10\/Arima-Banner.jpg\" alt=\"\" width=\"1024\" height=\"362\" srcset=\"https:\/\/www.bonberenea.com\/wp-content\/uploads\/2019\/10\/Arima-Banner.jpg 1024w, https:\/\/www.bonberenea.com\/wp-content\/uploads\/2019\/10\/Arima-Banner-300x106.jpg 300w, https:\/\/www.bonberenea.com\/wp-content\/uploads\/2019\/10\/Arima-Banner-768x272.jpg 768w, https:\/\/www.bonberenea.com\/wp-content\/uploads\/2019\/10\/Arima-Banner-890x315.jpg 890w, https:\/\/www.bonberenea.com\/wp-content\/uploads\/2019\/10\/Arima-Banner-663x234.jpg 663w\" sizes=\"(max-width: 1024px) 100vw, 1024px\" \/><\/p>\n<p>Con el fin de mostrar mis necesidades emocionales y sentimentales de una manera diferente, cre\u00e9 el proyecto &#8220;Alma&#8221; en 2018.<br \/>\nLas melod\u00edas sentimentales y et\u00e9reas lo invitan a un viaje personal y especial mezclando guitarras distorsionadas. Un concierto de &#8220;alma&#8221; es como un zapato; especial, personal y sentimental.<br \/>\nDurante los pr\u00f3ximos 4 meses, presentaremos el EP &#8220;Metamorphosis&#8221; EP en todo el Pa\u00eds Vasco. El \u00e1lbum fue grabado por Karlos Osinaga, con &#8220;Txap&#8221; en los estudios de grabaci\u00f3n de Bonberenea. El nuevo proyecto incluir\u00e1 a Josu Gonz\u00e1lez (bajo) y Gontzal Bilbao (bater\u00eda).<br \/>\nPaule Bilbao (guitarra y voz).<\/p>\n<\/div>\n<p><img decoding=\"async\" class=\"alignnone wp-image-29540\" src=\"https:\/\/bonberenea.com\/wp-content\/uploads\/2019\/10\/Arima-banda-definitiva.jpg\" alt=\"\" width=\"987\" height=\"1421\" \/><\/p>\n<p>Side A:<br \/>\n&#8211; Kale grisak<br \/>\n&#8211; Mugak<\/p>\n<p>Side B:<br \/>\n-Non zaude?<br \/>\n-Beso(ak)<\/p>\n<p>Directos:<br \/>\n9 Noviembre, Bilbo &#8220;Cuchillo&#8221; galeria<br \/>\n29 Noviembre, Bonberenea Tolosa + Tobogan andaluz (Arg)<br \/>\n3 Diciembre,\u00a0Gasteiz, Parral<br \/>\n7 Diciembre, Durangoko Azoka (Ahotsenea)<\/p>\n<p>Contacto:<br \/>\npaulebilbao@gmail.com<br \/>\nPaule: 638 860 632<\/p>","protected":false},"excerpt":{"rendered":"<p>Con el fin de mostrar mis necesidades emocionales y sentimentales de una manera diferente, cre\u00e9 el proyecto &#8220;Alma&#8221; en 2018. Las melod\u00edas sentimentales y et\u00e9reas lo invitan a un viaje personal y especial mezclando guitarras distorsionadas. Un concierto de &#8220;alma&#8221; [&hellip;]<\/p>\n","protected":false},"featured_media":29964,"template":"","meta":{"_exactmetrics_skip_tracking":false,"_exactmetrics_sitenote_active":false,"_exactmetrics_sitenote_note":"","_exactmetrics_sitenote_category":0},"product_cat":[135],"product_tag":[],"_links":{"self":[{"href":"https:\/\/www.bonberenea.com\/es\/wp-json\/wp\/v2\/product\/29963"}],"collection":[{"href":"https:\/\/www.bonberenea.com\/es\/wp-json\/wp\/v2\/product"}],"about":[{"href":"https:\/\/www.bonberenea.com\/es\/wp-json\/wp\/v2\/types\/product"}],"wp:featuredmedia":[{"embeddable":true,"href":"https:\/\/www.bonberenea.com\/es\/wp-json\/wp\/v2\/media\/29964"}],"wp:attachment":[{"href":"https:\/\/www.bonberenea.com\/es\/wp-json\/wp\/v2\/media?parent=29963"}],"wp:term":[{"taxonomy":"product_cat","embeddable":true,"href":"https:\/\/www.bonberenea.com\/es\/wp-json\/wp\/v2\/product_cat?post=29963"},{"taxonomy":"product_tag","embeddable":true,"href":"https:\/\/www.bonberenea.com\/es\/wp-json\/wp\/v2\/product_tag?post=29963"}],"curies":[{"name":"wp","href":"https:\/\/api.w.org\/{rel}","templated":true}]}}