{"id":29915,"date":"2019-11-16T19:26:24","date_gmt":"2019-11-16T18:26:24","guid":{"rendered":"https:\/\/www.bonberenea.com\/?post_type=product&#038;p=29915"},"modified":"2021-11-19T19:44:48","modified_gmt":"2021-11-19T18:44:48","slug":"sega-sound-killers","status":"publish","type":"product","link":"https:\/\/www.bonberenea.com\/es\/online-denda\/sega-sound-killers\/","title":{"rendered":"Sega Sound Killers"},"content":{"rendered":"<p><img decoding=\"async\" class=\"alignnone size-full wp-image-29505\" src=\"https:\/\/bonberenea.com\/wp-content\/uploads\/2019\/10\/Sega-Sound-Killers-banner.jpeg\" alt=\"\" width=\"1024\" height=\"362\" srcset=\"https:\/\/www.bonberenea.com\/wp-content\/uploads\/2019\/10\/Sega-Sound-Killers-banner.jpeg 1024w, https:\/\/www.bonberenea.com\/wp-content\/uploads\/2019\/10\/Sega-Sound-Killers-banner-300x106.jpeg 300w, https:\/\/www.bonberenea.com\/wp-content\/uploads\/2019\/10\/Sega-Sound-Killers-banner-768x272.jpeg 768w, https:\/\/www.bonberenea.com\/wp-content\/uploads\/2019\/10\/Sega-Sound-Killers-banner-890x315.jpeg 890w, https:\/\/www.bonberenea.com\/wp-content\/uploads\/2019\/10\/Sega-Sound-Killers-banner-663x234.jpeg 663w\" sizes=\"(max-width: 1024px) 100vw, 1024px\" \/><\/p>\n<p>Hoy te toca atracar el banco m\u00e1s cercano a tu casa, comprarte esa moto cara de tu color m\u00e1s odiado y olvidarte el casco, hoy toca no protegerse. Ya est\u00e1s en la car- retera. Mirada al cielo. Los fuegos artificial- es te sorprenden, la autopista que une tus o\u00eddos se viste de explosiones, en el prim- er peaje, un letrero de ne\u00f3n que comen- ta \u201cwelcome to paradise\u201d, ardiendo, c\u00f3mo no, celebrando la extinci\u00f3n. Viva nosotros.<br \/>\nLa lluvia que te apetece escuchar en esta \u00fal- tima noche. Imparable. Un ritmo que no des- cansa. En este highway, mientras cuentas las l\u00edneas, saboreas el desierto y tiroteas ese hori- zonte que ya no te podr\u00e1 desafiar ma\u00f1ana.<br \/>\nEs la \u00faltima cena. Cuatro primeros pla- tos; sin postre. Al loro, escucha. Este an- imal mitol\u00f3gico, electr\u00f3nico, gin-t\u00f3nico nacido de las cenizas de la rep\u00fablica de los sintetizadores, escucha como le bro- ta sangre azul, escucha tus huesos y tus mentiras cayendo hasta reventarte las caderas, las rodillas, la cabeza. To- das las verg\u00fcenzas se beben de un trago.<br \/>\nImag\u00ednate unas nubes fumadoras, con una tos fuerte, granizo en forma de te- clas de piano, una tormenta eterna de subgraves. Imaginate un escenario dentro de un tornado. Sube. Y no ba- jes nunca. Celebra tu \u00faltima velada.<br \/>\nMenos mal que est\u00e1s viv@ en tu apocalipsis.<br \/>\nSEGA SOUND KILLERS: Matx- et, Ektz, Lusar y Eneko L. Porque los tiranos tambi\u00e9n tienen nombre.<\/p>\n<p><img decoding=\"async\" class=\"alignnone size-full wp-image-29542\" src=\"https:\/\/bonberenea.com\/wp-content\/uploads\/2019\/10\/sega_soundkillers_gbravo_04.jpg\" alt=\"\" width=\"5735\" height=\"3822\" \/><\/p>\n<p>Side A:<br \/>\n&#8211; Welcome to Apocalypse<br \/>\n&#8211; Hate\u00b4em All<br \/>\n&#8211; Alive<br \/>\n&#8211; Shake it<\/p>\n<p>Side B:<br \/>\n&#8211; We are Alive<br \/>\n&#8211; Adi!<\/p>\n<p>Directos:<br \/>\n15 de Noviembre, Amurrio, Burubio<br \/>\n16 de Noviembre, Bonberenea, Tolosa<br \/>\n21 de Noviembre, Arrasate gaztetxea<br \/>\n30 de Noviembre, Donostia, Larratxo K.E.<br \/>\n14 de Diciembre, Durango Iparragirre<br \/>\n27 de Diciembre, Elorrio, Arriola<\/p>\n<p>Contacto:<br \/>\nsegasoundkillers@gmail.com<\/p>","protected":false},"excerpt":{"rendered":"<p>Hoy te toca atracar el banco m\u00e1s cercano a tu casa, comprarte esa moto cara de tu color m\u00e1s odiado y olvidarte el casco, hoy toca no protegerse. Ya est\u00e1s en la car- retera. Mirada al cielo. Los fuegos artificial- [&hellip;]<\/p>\n","protected":false},"featured_media":29916,"template":"","meta":{"_exactmetrics_skip_tracking":false,"_exactmetrics_sitenote_active":false,"_exactmetrics_sitenote_note":"","_exactmetrics_sitenote_category":0},"product_cat":[135],"product_tag":[572,442,205,582],"_links":{"self":[{"href":"https:\/\/www.bonberenea.com\/es\/wp-json\/wp\/v2\/product\/29915"}],"collection":[{"href":"https:\/\/www.bonberenea.com\/es\/wp-json\/wp\/v2\/product"}],"about":[{"href":"https:\/\/www.bonberenea.com\/es\/wp-json\/wp\/v2\/types\/product"}],"wp:featuredmedia":[{"embeddable":true,"href":"https:\/\/www.bonberenea.com\/es\/wp-json\/wp\/v2\/media\/29916"}],"wp:attachment":[{"href":"https:\/\/www.bonberenea.com\/es\/wp-json\/wp\/v2\/media?parent=29915"}],"wp:term":[{"taxonomy":"product_cat","embeddable":true,"href":"https:\/\/www.bonberenea.com\/es\/wp-json\/wp\/v2\/product_cat?post=29915"},{"taxonomy":"product_tag","embeddable":true,"href":"https:\/\/www.bonberenea.com\/es\/wp-json\/wp\/v2\/product_tag?post=29915"}],"curies":[{"name":"wp","href":"https:\/\/api.w.org\/{rel}","templated":true}]}}