{"id":29781,"date":"2019-11-09T20:31:34","date_gmt":"2019-11-09T19:31:34","guid":{"rendered":"https:\/\/www.bonberenea.com\/?post_type=product&#038;p=29781"},"modified":"2021-11-19T19:45:54","modified_gmt":"2021-11-19T18:45:54","slug":"red-baleine-the-dame","status":"publish","type":"product","link":"https:\/\/www.bonberenea.com\/es\/online-denda\/red-baleine-the-dame\/","title":{"rendered":"Red Baleine &#8220;The Dame&#8221;"},"content":{"rendered":"<p><img decoding=\"async\" class=\"alignnone size-full wp-image-29544\" src=\"https:\/\/bonberenea.com\/wp-content\/uploads\/2019\/10\/Red-Baleine-Banner.jpg\" alt=\"\" width=\"1600\" height=\"566\" srcset=\"https:\/\/www.bonberenea.com\/wp-content\/uploads\/2019\/10\/Red-Baleine-Banner.jpg 1600w, https:\/\/www.bonberenea.com\/wp-content\/uploads\/2019\/10\/Red-Baleine-Banner-300x106.jpg 300w, https:\/\/www.bonberenea.com\/wp-content\/uploads\/2019\/10\/Red-Baleine-Banner-768x272.jpg 768w, https:\/\/www.bonberenea.com\/wp-content\/uploads\/2019\/10\/Red-Baleine-Banner-1024x362.jpg 1024w, https:\/\/www.bonberenea.com\/wp-content\/uploads\/2019\/10\/Red-Baleine-Banner-890x315.jpg 890w, https:\/\/www.bonberenea.com\/wp-content\/uploads\/2019\/10\/Red-Baleine-Banner-663x235.jpg 663w\" sizes=\"(max-width: 1600px) 100vw, 1600px\" \/><\/p>\n<p><strong><em>El canto de una ballena<br \/>\n<\/em><\/strong>Red Baleine (ballena roja, en ingl\u00e9s y franc\u00e9s) es un grupo de Zaragoza, con miembros de grupos como Visi\u00f3n T\u00fanel, Rouille (ambos ya extintos) y Casi Reptil (actualmente en activo).<br \/>\n<strong><br \/>\nSu estilo\u00a0<\/strong>flirtea con el post-rock, indie \/ alternativo\u2026 con cierto toque experimental. En su \u00faltima etapa, est\u00e1n jugando m\u00e1s con los ambientes y ritmos creados por sintetizadores, tanto en sus nuevas canciones, como en los directos, acompa\u00f1ados tambi\u00e9n de la \u201cvideoescenograf\u00eda\u201d de Pablo Noailles.<br \/>\nEn la tem\u00e1tica que tocan en sus letras y el motor general de su m\u00fasica, suelen repetirse la idea del mar, detalles y elementos de la naturaleza, la cr\u00edtica y la observaci\u00f3n del mundo en general que nos rodea y las sensaciones que todo ello les provoca. Estos temas suelen ser tratados de forma abstracta, con im\u00e1genes, sentimientos, y tambi\u00e9n hay un espacio para criticar el control del poder y de c\u00f3mo resistir a su dominio.<br \/>\n<em>En esta \u00faltima etapa, en su pr\u00f3ximo disco, tambi\u00e9n aparece la imagen de la bruja, como s\u00edmbolo de aquellas personas que han sido o siguen siendo perseguidas por cuestiones de g\u00e9nero, raza, identidad sexual, ideas pol\u00edticas\u2026.<\/em><\/p>\n<p><img decoding=\"async\" class=\"alignnone wp-image-29547\" src=\"https:\/\/bonberenea.com\/wp-content\/uploads\/2019\/10\/redbaleine-argz.jpg\" alt=\"\" width=\"756\" height=\"425\" srcset=\"https:\/\/www.bonberenea.com\/wp-content\/uploads\/2019\/10\/redbaleine-argz.jpg 1920w, https:\/\/www.bonberenea.com\/wp-content\/uploads\/2019\/10\/redbaleine-argz-300x169.jpg 300w, https:\/\/www.bonberenea.com\/wp-content\/uploads\/2019\/10\/redbaleine-argz-768x432.jpg 768w, https:\/\/www.bonberenea.com\/wp-content\/uploads\/2019\/10\/redbaleine-argz-1024x576.jpg 1024w, https:\/\/www.bonberenea.com\/wp-content\/uploads\/2019\/10\/redbaleine-argz-890x501.jpg 890w, https:\/\/www.bonberenea.com\/wp-content\/uploads\/2019\/10\/redbaleine-argz-663x373.jpg 663w\" sizes=\"(max-width: 756px) 100vw, 756px\" \/><\/p>\n<p><strong><em>\u201cThe Dame\u201d<br \/>\n<\/em><\/strong><strong>Tras sacar su primer<\/strong>\u00a0vinilo en octubre del 2016, ahora, en la noche del 31 de octubre \/ 1 de noviembre, aprovechando la noche de difuntos \/ \u00e1nimas, saldr\u00e1 a la luz su segundo disco,\u00a0The Dame\u00a0(La dama). Este disco cuenta con la originalidad de que ha sido grabado en la iglesia de Pozuel de Ariza, uno de esos pueblos qu<br \/>\nUna de las canciones cuenta con la colaboraci\u00f3n de Javier Ordu\u00f1a, uno de los DJs y productor de m\u00fasica electr\u00f3nica m\u00e1s reconocidos en Arag\u00f3n.<\/p>\n<p>El t\u00edtulo de\u00a0\u00abThe Dame\u00bb\u00a0viene por unas l\u00edneas en una de sus canciones (Alive &amp; Brave), que cuenta la historia de una bruja a la que est\u00e1n quemando, y que las llamas, lejos de debilitarla, la hacen todav\u00eda m\u00e1s fuerte.\u00a0<em>\u00abThe dame remains alive and brave\u00bb<\/em>, la dama permanece viva y valiente. En la canci\u00f3n se usa el s\u00edmbolo de la bruja como homenaje a aquellas y aquellos que en alg\u00fan momento han sido perseguidos, juzgados o asesinados por cuestiones de sexo, raza, ideolog\u00eda, etc.<\/p>\n<p>Para esta edici\u00f3n, han contado con la colaboraci\u00f3n de sellos como La Rubia Producciones, Ta-Ta Boom Records, Magofermin, y Bonberenea.<\/p>\n<p><iframe title=\"RED BALEINE - alive and brave - VIDEOCLIP\" width=\"500\" height=\"281\" src=\"https:\/\/www.youtube.com\/embed\/OqfV11Alufs?feature=oembed\" frameborder=\"0\" allow=\"accelerometer; autoplay; clipboard-write; encrypted-media; gyroscope; picture-in-picture\" allowfullscreen><\/iframe><\/p>\n<p><strong><em>El documental: Una ballena en una iglesia<br \/>\n<\/em><\/strong>De forma paralela a la grabaci\u00f3n del disco, el grupo ha preparado un documental con im\u00e1genes del proceso de grabaci\u00f3n en la iglesia de Pozuel de Ariza. Sin embargo, no se calificar\u00eda como un documental sobre la grabaci\u00f3n, sino como un peque\u00f1o homenaje a esos lugares que est\u00e1n quedando vac\u00edos. En \u00e9l s\u00ed que se trata circunstancialmente la experiencia de grabar en un lugar as\u00ed, de sus sensaciones, pero sobre todo trata de la despoblaci\u00f3n de estos lugares, y de sus protagonistas. No ser\u00eda un documental profundo del tema, sino que se acercar\u00eda un poco m\u00e1s a los collages de fotos y recuerdos que hacemos despu\u00e9s de un viaje, y los recopilamos un poco a nuestro gusto para tener un bonito recuerdo de todo eso, y de las cosas que nos han parecido m\u00e1s importantes, y poder contarlas, y recordarlas.<\/p>\n<p>Track list<br \/>\n1- Here comes the strom<br \/>\n2-Howlling<br \/>\n3-Claws like bluebells<br \/>\n4-Walking with ordinary silence<br \/>\n5-Si algun dia llega el dia feat Javier Ordu\u00f1a<br \/>\n6- The fligth of the cicadas<br \/>\n7- Alive and Brave<br \/>\n8-Ligths in the city<br \/>\n9- She was a beautiful boy<\/p>\n<p>Directos:<br \/>\n15 de Noviembre, + Interlude + Los Cosmeticos, Las Armas, Zaragoza<br \/>\n30 de Noviembre, + Grande Days, Bonberenea Tolosa<br \/>\n13 de Diciembre, + \u00c1rida, La Faena II, Madrid<br \/>\n15 de Febrero, Bilbo<br \/>\n30 de Mayo, Pozuel de Ariza<\/p>\n<p>Contacto:<br \/>\nredbaleine.com<br \/>\nhola@redbaleine.com<\/p>","protected":false},"excerpt":{"rendered":"<p>El canto de una ballena Red Baleine (ballena roja, en ingl\u00e9s y franc\u00e9s) es un grupo de Zaragoza, con miembros de grupos como Visi\u00f3n T\u00fanel, Rouille (ambos ya extintos) y Casi Reptil (actualmente en activo). Su estilo\u00a0flirtea con el post-rock, [&hellip;]<\/p>\n","protected":false},"featured_media":29782,"template":"","meta":{"_exactmetrics_skip_tracking":false,"_exactmetrics_sitenote_active":false,"_exactmetrics_sitenote_note":"","_exactmetrics_sitenote_category":0},"product_cat":[451],"product_tag":[572,442,205,577],"_links":{"self":[{"href":"https:\/\/www.bonberenea.com\/es\/wp-json\/wp\/v2\/product\/29781"}],"collection":[{"href":"https:\/\/www.bonberenea.com\/es\/wp-json\/wp\/v2\/product"}],"about":[{"href":"https:\/\/www.bonberenea.com\/es\/wp-json\/wp\/v2\/types\/product"}],"wp:featuredmedia":[{"embeddable":true,"href":"https:\/\/www.bonberenea.com\/es\/wp-json\/wp\/v2\/media\/29782"}],"wp:attachment":[{"href":"https:\/\/www.bonberenea.com\/es\/wp-json\/wp\/v2\/media?parent=29781"}],"wp:term":[{"taxonomy":"product_cat","embeddable":true,"href":"https:\/\/www.bonberenea.com\/es\/wp-json\/wp\/v2\/product_cat?post=29781"},{"taxonomy":"product_tag","embeddable":true,"href":"https:\/\/www.bonberenea.com\/es\/wp-json\/wp\/v2\/product_tag?post=29781"}],"curies":[{"name":"wp","href":"https:\/\/api.w.org\/{rel}","templated":true}]}}