{"id":28994,"date":"2019-05-04T18:01:35","date_gmt":"2019-05-04T17:01:35","guid":{"rendered":"https:\/\/www.bonberenea.com\/?post_type=product&#038;p=28994"},"modified":"2019-05-04T18:01:35","modified_gmt":"2019-05-04T17:01:35","slug":"eztanda-errua-norena-da","status":"publish","type":"product","link":"https:\/\/www.bonberenea.com\/es\/online-denda\/eztanda-errua-norena-da\/","title":{"rendered":"Eztanda &#8211; Errua norena da?"},"content":{"rendered":"<p><img decoding=\"async\" class=\"alignnone size-full wp-image-28774\" src=\"https:\/\/bonberenea.com\/wp-content\/uploads\/2019\/03\/Eztanda-Banner.jpg\" alt=\"\" width=\"3969\" height=\"1448\" \/><\/p>\n<p>Eztanda, es un grupo formado por cuatro j\u00f3venes de Tolosaldea en el verano de 2015. Grupo compuesto por Ion (bater\u00eda), Mikel (guitarra y voz), Unai (bajo) y Aitor (guitarra) impulsados por sus pasiones musicales. Durante estos a\u00f1os, han pasado de tocar versiones a componer sus propias canciones, queriendo as\u00ed encontrar su melod\u00eda y car\u00e1cter propio. Una manera de expresar sus ideas y hacer una denuncia a la sociedad actual.<\/p>\n<p>En septiembre de 2018, grabaron su primera maqueta \u201cEztanda\u201d compuesto for 3 canciones en el gaztetxe de Anoeta. M\u00e1s tarde, en diciembre de 2018, entraron en el estudio de Bonberenea a grabar su primer disco bajo la direcci\u00f3n de Karlos Osinaga. \u201cErrua norena da?\u201d es el t\u00edtulo de este proyecto completado por 6 canciones, con uno estilo m\u00e1s cerca al metal, con ritmos duros y pasajes mel\u00f3dicos.<\/p>\n<p><img decoding=\"async\" class=\"alignnone size-full wp-image-28787\" src=\"https:\/\/bonberenea.com\/wp-content\/uploads\/2019\/03\/Eztanda-promo1.jpg\" alt=\"\" width=\"886\" height=\"589\" srcset=\"https:\/\/www.bonberenea.com\/wp-content\/uploads\/2019\/03\/Eztanda-promo1.jpg 886w, https:\/\/www.bonberenea.com\/wp-content\/uploads\/2019\/03\/Eztanda-promo1-300x199.jpg 300w, https:\/\/www.bonberenea.com\/wp-content\/uploads\/2019\/03\/Eztanda-promo1-768x511.jpg 768w, https:\/\/www.bonberenea.com\/wp-content\/uploads\/2019\/03\/Eztanda-promo1-663x441.jpg 663w\" sizes=\"(max-width: 886px) 100vw, 886px\" \/><\/p>\n<p>Tracklist:<\/p>\n<p>1- Utopia<br \/>\n2- Hiria=Aberia<br \/>\n3- Legez<br \/>\n4- Dibertsitatea<br \/>\n5- Ez!<br \/>\n6- Errua norena da?<\/p>\n<p>Contacto:<br \/>\neztandatalde@gmail.com<br \/>\n605359010 (Jon)<\/p>","protected":false},"excerpt":{"rendered":"<p>Eztanda, es un grupo formado por cuatro j\u00f3venes de Tolosaldea en el verano de 2015. Grupo compuesto por Ion (bater\u00eda), Mikel (guitarra y voz), Unai (bajo) y Aitor (guitarra) impulsados por sus pasiones musicales. Durante estos a\u00f1os, han pasado de [&hellip;]<\/p>\n","protected":false},"featured_media":28776,"template":"","meta":{"_exactmetrics_skip_tracking":false,"_exactmetrics_sitenote_active":false,"_exactmetrics_sitenote_note":"","_exactmetrics_sitenote_category":0},"product_cat":[496],"product_tag":[],"_links":{"self":[{"href":"https:\/\/www.bonberenea.com\/es\/wp-json\/wp\/v2\/product\/28994"}],"collection":[{"href":"https:\/\/www.bonberenea.com\/es\/wp-json\/wp\/v2\/product"}],"about":[{"href":"https:\/\/www.bonberenea.com\/es\/wp-json\/wp\/v2\/types\/product"}],"wp:featuredmedia":[{"embeddable":true,"href":"https:\/\/www.bonberenea.com\/es\/wp-json\/wp\/v2\/media\/28776"}],"wp:attachment":[{"href":"https:\/\/www.bonberenea.com\/es\/wp-json\/wp\/v2\/media?parent=28994"}],"wp:term":[{"taxonomy":"product_cat","embeddable":true,"href":"https:\/\/www.bonberenea.com\/es\/wp-json\/wp\/v2\/product_cat?post=28994"},{"taxonomy":"product_tag","embeddable":true,"href":"https:\/\/www.bonberenea.com\/es\/wp-json\/wp\/v2\/product_tag?post=28994"}],"curies":[{"name":"wp","href":"https:\/\/api.w.org\/{rel}","templated":true}]}}