{"id":28186,"date":"2018-12-01T18:44:31","date_gmt":"2018-12-01T16:44:31","guid":{"rendered":"https:\/\/www.bonberenea.com\/?post_type=product&#038;p=28186"},"modified":"2018-12-01T19:13:02","modified_gmt":"2018-12-01T17:13:02","slug":"petti-bonberenean-zuzenean-20181020","status":"publish","type":"product","link":"https:\/\/www.bonberenea.com\/es\/online-denda\/petti-bonberenean-zuzenean-20181020\/","title":{"rendered":"Petti Bonberenean Zuzenean 2018\/10\/20"},"content":{"rendered":"<p><img decoding=\"async\" class=\"alignnone wp-image-28003\" src=\"https:\/\/bonberenea.com\/wp-content\/uploads\/2018\/10\/BANNER-PETTI-BONB089.jpg\" alt=\"\" width=\"810\" height=\"331\" \/><\/p>\n<p>10 a\u00f1os despu\u00e9s de la publicaci\u00f3n de \u201cAwa\u00f1ak\u201d, disco dedicado a su entonces recientemente fallecido progenitor, el 18 de octubre de 2018 grab\u00f3 un nuevo disco en directo en Bonberenea (Tolosa).<\/p>\n<p><img decoding=\"async\" class=\"alignnone size-full wp-image-28017\" src=\"https:\/\/bonberenea.com\/wp-content\/uploads\/2018\/10\/Petti-webarg.jpg\" alt=\"\" width=\"886\" height=\"589\" srcset=\"https:\/\/www.bonberenea.com\/wp-content\/uploads\/2018\/10\/Petti-webarg.jpg 886w, https:\/\/www.bonberenea.com\/wp-content\/uploads\/2018\/10\/Petti-webarg-300x199.jpg 300w, https:\/\/www.bonberenea.com\/wp-content\/uploads\/2018\/10\/Petti-webarg-768x511.jpg 768w, https:\/\/www.bonberenea.com\/wp-content\/uploads\/2018\/10\/Petti-webarg-663x441.jpg 663w\" sizes=\"(max-width: 886px) 100vw, 886px\" \/><\/p>\n<p>Nuevamente desde las entra\u00f1as, nuevamente emocionante. Petti ha creado excelentes temas, asi como ha hecho numerosos temas suyos. Energico y sincero, para ofrecer un concierto que quedara grabado en la memoria de muchos.<\/p>\n<p>Ha seleccionado los mejores 14 de temas que ofrecio en directo sobre el escenario para crear un nuevo \u00e1lbum. La mezcla y masterizaci\u00f3n ha corrido a cargo de Maikel en Mik estudioa de Bera y se publicar\u00e1 el 3 de Diciembre de 2018 de mano de la plataforma Bonberenea Ekintzak.<\/p>\n<p>Tracklist:<\/p>\n<p>1-PERIKA (Petti)<br \/>\n2-ZERU INFERNU (B. Goietxe\/Petti)<br \/>\n3- DIRDIRA HORI\u00a0\u00a0 (B. Goietxe\/Petti)<br \/>\n4-PSHIKOBURMUIN (Petti)<br \/>\n5-OASIA (Petti)<br \/>\n6- XORIERI MINTZO ZEN (Mixel Labegerie\/Petti)<br \/>\n7-ERRAMURIK GABEKO GAUAK (H. Cano\/Petti)<br \/>\n8-EZ BARKATZEN (B. Goietxe\/Petti)<br \/>\n9-AZKEN AETZAREN BALADA (E.Barberena\/Petti)<br \/>\n10-NI NAIZ (E.Barberena\/Petti)<br \/>\n11-LAGUN MINAREN BLUESA (Petti)<br \/>\n12-GAIZKIEGINAK (Petti)<br \/>\n13-SOLASALDIA\u00a0\u00a0 (Petti)<br \/>\n14-RANROBERRAN\u00a0\u00a0 (Manolo Urbieta)<\/p>\n<p>Contacto:<br \/>\n697 76 34 90<br \/>\npetti.musika@gmail.com<br \/>\nwww.petti.eus<\/p>","protected":false},"excerpt":{"rendered":"<p>10 a\u00f1os despu\u00e9s de la publicaci\u00f3n de \u201cAwa\u00f1ak\u201d, disco dedicado a su entonces recientemente fallecido progenitor, el 18 de octubre de 2018 grab\u00f3 un nuevo disco en directo en Bonberenea (Tolosa). Nuevamente desde las entra\u00f1as, nuevamente emocionante. Petti ha creado [&hellip;]<\/p>\n","protected":false},"featured_media":27998,"template":"","meta":{"_exactmetrics_skip_tracking":false,"_exactmetrics_sitenote_active":false,"_exactmetrics_sitenote_note":"","_exactmetrics_sitenote_category":0},"product_cat":[134],"product_tag":[560,442,205,473],"_links":{"self":[{"href":"https:\/\/www.bonberenea.com\/es\/wp-json\/wp\/v2\/product\/28186"}],"collection":[{"href":"https:\/\/www.bonberenea.com\/es\/wp-json\/wp\/v2\/product"}],"about":[{"href":"https:\/\/www.bonberenea.com\/es\/wp-json\/wp\/v2\/types\/product"}],"wp:featuredmedia":[{"embeddable":true,"href":"https:\/\/www.bonberenea.com\/es\/wp-json\/wp\/v2\/media\/27998"}],"wp:attachment":[{"href":"https:\/\/www.bonberenea.com\/es\/wp-json\/wp\/v2\/media?parent=28186"}],"wp:term":[{"taxonomy":"product_cat","embeddable":true,"href":"https:\/\/www.bonberenea.com\/es\/wp-json\/wp\/v2\/product_cat?post=28186"},{"taxonomy":"product_tag","embeddable":true,"href":"https:\/\/www.bonberenea.com\/es\/wp-json\/wp\/v2\/product_tag?post=28186"}],"curies":[{"name":"wp","href":"https:\/\/api.w.org\/{rel}","templated":true}]}}