{"id":27751,"date":"2018-09-09T19:26:44","date_gmt":"2018-09-09T18:26:44","guid":{"rendered":"https:\/\/www.bonberenea.com\/?post_type=product&#038;p=27751"},"modified":"2018-10-03T11:39:01","modified_gmt":"2018-10-03T09:39:01","slug":"maddi-ying-yang","status":"publish","type":"product","link":"https:\/\/www.bonberenea.com\/es\/online-denda\/maddi-ying-yang\/","title":{"rendered":"Maddi &#8211; Ying-Yang"},"content":{"rendered":"<p><span lang=\"ES-TRAD\"><img decoding=\"async\" class=\"alignnone size-full wp-image-27731\" src=\"https:\/\/bonberenea.com\/wp-content\/uploads\/2018\/08\/39258922_1487739308038236_870291778694021120_n.jpg\" alt=\"\" width=\"960\" height=\"678\" srcset=\"https:\/\/www.bonberenea.com\/wp-content\/uploads\/2018\/08\/39258922_1487739308038236_870291778694021120_n.jpg 960w, https:\/\/www.bonberenea.com\/wp-content\/uploads\/2018\/08\/39258922_1487739308038236_870291778694021120_n-300x212.jpg 300w, https:\/\/www.bonberenea.com\/wp-content\/uploads\/2018\/08\/39258922_1487739308038236_870291778694021120_n-768x542.jpg 768w, https:\/\/www.bonberenea.com\/wp-content\/uploads\/2018\/08\/39258922_1487739308038236_870291778694021120_n-890x629.jpg 890w, https:\/\/www.bonberenea.com\/wp-content\/uploads\/2018\/08\/39258922_1487739308038236_870291778694021120_n-663x468.jpg 663w\" sizes=\"(max-width: 960px) 100vw, 960px\" \/><br \/>\n<\/span><\/p>\n<p>MADDI es un proyecto que inicialmente estaba compuesto en solitario por la ataundarra Maddi Noguera y que desde 2017 ha tomado formato de banda. El nuevo disco \u201cYing Yang\u201d viene con diez nuevas canciones compuestas durante este \u00faltimo a\u00f1o en el local con mimo, con un sonido m\u00e1s contundente pero sin perder su car\u00e1cter. Este disco grabado y mezclado por Karlos Osinaga durante los meses de julio y agosto de 2018 en el estudio de Bonberenea, ha salido a la luz en octubre.<\/p>\n<p><span lang=\"ES-TRAD\"><img decoding=\"async\" class=\"alignnone wp-image-27738\" src=\"https:\/\/bonberenea.com\/wp-content\/uploads\/2018\/09\/maddi-promo-argz.jpg\" alt=\"\" width=\"691\" height=\"691\" srcset=\"https:\/\/www.bonberenea.com\/wp-content\/uploads\/2018\/09\/maddi-promo-argz.jpg 960w, https:\/\/www.bonberenea.com\/wp-content\/uploads\/2018\/09\/maddi-promo-argz-290x290.jpg 290w, https:\/\/www.bonberenea.com\/wp-content\/uploads\/2018\/09\/maddi-promo-argz-100x100.jpg 100w, https:\/\/www.bonberenea.com\/wp-content\/uploads\/2018\/09\/maddi-promo-argz-300x300.jpg 300w, https:\/\/www.bonberenea.com\/wp-content\/uploads\/2018\/09\/maddi-promo-argz-768x768.jpg 768w, https:\/\/www.bonberenea.com\/wp-content\/uploads\/2018\/09\/maddi-promo-argz-350x350.jpg 350w, https:\/\/www.bonberenea.com\/wp-content\/uploads\/2018\/09\/maddi-promo-argz-890x890.jpg 890w, https:\/\/www.bonberenea.com\/wp-content\/uploads\/2018\/09\/maddi-promo-argz-663x663.jpg 663w, https:\/\/www.bonberenea.com\/wp-content\/uploads\/2018\/09\/maddi-promo-argz-400x400.jpg 400w\" sizes=\"(max-width: 691px) 100vw, 691px\" \/><\/span><\/p>\n<p>Tracklist:<br \/>\n1- Ying Yang<br \/>\n2- Ez dakite<br \/>\n3- Nora<br \/>\n4- Nahi gabe<br \/>\n5- Gezurrak<br \/>\n6- Aldameneko oheko tipa<br \/>\n7- Igeri<br \/>\n8- Kale ilunei<br \/>\n9- Desertu hila<br \/>\n10- Gezurrak 2.0<\/p>\n<audio class=\"wp-audio-shortcode\" id=\"audio-27751-2\" preload=\"none\" style=\"width: 100%;\" controls=\"controls\"><source type=\"audio\/mpeg\" src=\"https:\/\/bonberenea.com\/wp-content\/uploads\/2018\/09\/06_ALDAMENEKO-OHEKO-TIPA.mp3?_=2\" \/><a href=\"https:\/\/bonberenea.com\/wp-content\/uploads\/2018\/09\/06_ALDAMENEKO-OHEKO-TIPA.mp3\">https:\/\/bonberenea.com\/wp-content\/uploads\/2018\/09\/06_ALDAMENEKO-OHEKO-TIPA.mp3<\/a><\/audio>\n<p>Contacto:<br \/>\nmaddimusika@gmail.com<\/p>","protected":false},"excerpt":{"rendered":"<p>MADDI es un proyecto que inicialmente estaba compuesto en solitario por la ataundarra Maddi Noguera y que desde 2017 ha tomado formato de banda. El nuevo disco \u201cYing Yang\u201d viene con diez nuevas canciones compuestas durante este \u00faltimo a\u00f1o en [&hellip;]<\/p>\n","protected":false},"featured_media":27741,"template":"","meta":{"_exactmetrics_skip_tracking":false,"_exactmetrics_sitenote_active":false,"_exactmetrics_sitenote_note":"","_exactmetrics_sitenote_category":0},"product_cat":[134],"product_tag":[560,442,205,563,564],"_links":{"self":[{"href":"https:\/\/www.bonberenea.com\/es\/wp-json\/wp\/v2\/product\/27751"}],"collection":[{"href":"https:\/\/www.bonberenea.com\/es\/wp-json\/wp\/v2\/product"}],"about":[{"href":"https:\/\/www.bonberenea.com\/es\/wp-json\/wp\/v2\/types\/product"}],"wp:featuredmedia":[{"embeddable":true,"href":"https:\/\/www.bonberenea.com\/es\/wp-json\/wp\/v2\/media\/27741"}],"wp:attachment":[{"href":"https:\/\/www.bonberenea.com\/es\/wp-json\/wp\/v2\/media?parent=27751"}],"wp:term":[{"taxonomy":"product_cat","embeddable":true,"href":"https:\/\/www.bonberenea.com\/es\/wp-json\/wp\/v2\/product_cat?post=27751"},{"taxonomy":"product_tag","embeddable":true,"href":"https:\/\/www.bonberenea.com\/es\/wp-json\/wp\/v2\/product_tag?post=27751"}],"curies":[{"name":"wp","href":"https:\/\/api.w.org\/{rel}","templated":true}]}}