{"id":26308,"date":"2018-01-19T23:42:56","date_gmt":"2018-01-19T22:42:56","guid":{"rendered":"https:\/\/www.bonberenea.com\/?post_type=product&#038;p=26308"},"modified":"2018-04-30T18:56:33","modified_gmt":"2018-04-30T17:56:33","slug":"bonberenea-20-urte-bizirik","status":"publish","type":"product","link":"https:\/\/www.bonberenea.com\/es\/online-denda\/bonberenea-20-urte-bizirik\/","title":{"rendered":"Bonberenea 20 urte bizirik"},"content":{"rendered":"<p><img decoding=\"async\" class=\"alignnone size-full wp-image-26256\" src=\"https:\/\/bonberenea.com\/wp-content\/uploads\/2018\/01\/20-urte-liburu-banner.jpg\" alt=\"\" width=\"1024\" height=\"515\" srcset=\"https:\/\/www.bonberenea.com\/wp-content\/uploads\/2018\/01\/20-urte-liburu-banner.jpg 1024w, https:\/\/www.bonberenea.com\/wp-content\/uploads\/2018\/01\/20-urte-liburu-banner-300x151.jpg 300w, https:\/\/www.bonberenea.com\/wp-content\/uploads\/2018\/01\/20-urte-liburu-banner-768x386.jpg 768w, https:\/\/www.bonberenea.com\/wp-content\/uploads\/2018\/01\/20-urte-liburu-banner-890x448.jpg 890w, https:\/\/www.bonberenea.com\/wp-content\/uploads\/2018\/01\/20-urte-liburu-banner-663x333.jpg 663w\" sizes=\"(max-width: 1024px) 100vw, 1024px\" \/><\/p>\n<p>20 a\u00f1os no pasan por nada, eso mismo podr\u00e1s leer en las p\u00e1ginas de este libro. Nunca debemos subestimar la importancia de la historia. La historia es quien nos pone en el presente y es de alg\u00fan modo, quien nos da parte de nuestra personalidad. Siendo conscientes de que la historia es a su vez nuestro ser, este \u00faltimo trabajo de Bonberenea Ekintzak rema en esos mares.<\/p>\n<p>Es necesario hacer un alto en el camino. De vez en cuando, volver la mirada hacia atr\u00e1s y hacer un an\u00e1lisis de todo lo que ha sucedido. Esto es de alguna manera como analizar nuestra propia salud y justo eso es lo que aqu\u00ed pretendemos hacer.<\/p>\n<p>No es la primera vez. Si retrocedemos diez a\u00f1os atr\u00e1s, entonces hicimos lo mismo. Dejamos constancia de nuestras vivencias y nuestras desventuras y tratamos, de la mejor de las maneras posibles convertirlas en palabras, en im\u00e1genes y al final, compartirlas. Como un cuento que el viento se lleva, la intenci\u00f3n era llegar a todas partes. Ventilar el trabajo de nuestra casa, como si cualquiera quisiese formar parte de ello, tratando de ense\u00f1ar que, con esfuerzo, todo es posible.<\/p>\n<p>Dejar a un lado la hermeticidad y ver la luz. Luz en nuestra casa y en nuestro esfuerzo, pero, sobre todo, iluminar a quien quiera saber sobre lo que hacemos, o demostrar a aquellos que no creen en lo que aqu\u00ed se hace.<\/p>\n<p>20 a\u00f1os no pasan por nada y justo eso est\u00e1 recogido en estas p\u00e1ginas. En este testigo denso, encontrar\u00e1s todo tipo de informaci\u00f3n sobre todo lo que aqu\u00ed se ha hecho; desde conciertos hasta trabajos comunitarios. Trabajos que aunque muchas veces no gozan de protagonismo, han ayudado a forjar nuestra personalidad.<\/p>\n<p>Con el af\u00e1n de resumir la \u00faltima d\u00e9cada de nuestra historia, podr\u00e1s encontrar fotos hechas desde el a\u00f1o 2007 a la actualidad, an\u00e1lisis de acontecimientos y la narraci\u00f3n de nuestra situaci\u00f3n. La mejor manera, sin duda, de conocer nuestra casa, nuestro proyecto, nuestro sue\u00f1o.<\/p>\n<p>Si\u00e9ntete libre de tener, leer y sacar tus propias conclusiones sobre nuestra historia; ese es pues, en \u00faltima instancia el sentido de este trabajo.<\/p>\n<p>Tras estas p\u00e1ginas, ya hemos comenzado a escribir nuestra nueva historia, buscando nuestro lugar en la pr\u00f3xima d\u00e9cada, continuando con nuestro trabajo. Lee sobre el trabajo hecho hasta ahora, pues este es el camino hacia el futuro.<\/p>\n<p>Bonberenea Bizirik!<\/p>","protected":false},"excerpt":{"rendered":"<p>20 a\u00f1os no pasan por nada, eso mismo podr\u00e1s leer en las p\u00e1ginas de este libro. Nunca debemos subestimar la importancia de la historia. La historia es quien nos pone en el presente y es de alg\u00fan modo, quien nos [&hellip;]<\/p>\n","protected":false},"featured_media":27440,"template":"","meta":{"_exactmetrics_skip_tracking":false,"_exactmetrics_sitenote_active":false,"_exactmetrics_sitenote_note":"","_exactmetrics_sitenote_category":0},"product_cat":[148],"product_tag":[559,517,442,522,205],"_links":{"self":[{"href":"https:\/\/www.bonberenea.com\/es\/wp-json\/wp\/v2\/product\/26308"}],"collection":[{"href":"https:\/\/www.bonberenea.com\/es\/wp-json\/wp\/v2\/product"}],"about":[{"href":"https:\/\/www.bonberenea.com\/es\/wp-json\/wp\/v2\/types\/product"}],"wp:featuredmedia":[{"embeddable":true,"href":"https:\/\/www.bonberenea.com\/es\/wp-json\/wp\/v2\/media\/27440"}],"wp:attachment":[{"href":"https:\/\/www.bonberenea.com\/es\/wp-json\/wp\/v2\/media?parent=26308"}],"wp:term":[{"taxonomy":"product_cat","embeddable":true,"href":"https:\/\/www.bonberenea.com\/es\/wp-json\/wp\/v2\/product_cat?post=26308"},{"taxonomy":"product_tag","embeddable":true,"href":"https:\/\/www.bonberenea.com\/es\/wp-json\/wp\/v2\/product_tag?post=26308"}],"curies":[{"name":"wp","href":"https:\/\/api.w.org\/{rel}","templated":true}]}}