{"id":26303,"date":"2018-01-19T23:38:52","date_gmt":"2018-01-19T22:38:52","guid":{"rendered":"https:\/\/www.bonberenea.com\/?post_type=product&#038;p=26303"},"modified":"2018-01-19T23:46:14","modified_gmt":"2018-01-19T22:46:14","slug":"bi-bala-arazo-modernoak","status":"publish","type":"product","link":"https:\/\/www.bonberenea.com\/es\/online-denda\/bi-bala-arazo-modernoak\/","title":{"rendered":"Bi bala &#8211; Arazo modernoak"},"content":{"rendered":"<p><img decoding=\"async\" class=\"alignnone wp-image-26254\" src=\"https:\/\/bonberenea.com\/wp-content\/uploads\/2018\/01\/Bi-bala-banner.jpg\" alt=\"\" width=\"739\" height=\"372\" srcset=\"https:\/\/www.bonberenea.com\/wp-content\/uploads\/2018\/01\/Bi-bala-banner.jpg 890w, https:\/\/www.bonberenea.com\/wp-content\/uploads\/2018\/01\/Bi-bala-banner-300x151.jpg 300w, https:\/\/www.bonberenea.com\/wp-content\/uploads\/2018\/01\/Bi-bala-banner-768x387.jpg 768w, https:\/\/www.bonberenea.com\/wp-content\/uploads\/2018\/01\/Bi-bala-banner-663x334.jpg 663w\" sizes=\"(max-width: 739px) 100vw, 739px\" \/><\/p>\n<p>Tras dos a\u00f1os de silencio, Bi Bala est\u00e1n de vuelta y con ellos, las balas que despertar\u00e1 a la sociedad de su letargo. Aunque sigan por el camino de sus dos anteriores trabajos (\u201cWasabi\u201d, 2014; y Gure Eroyak, 2015), este tercer trabajo de Bi Bala viene con un sonido m\u00e1s contundente que nunca y con unas letras m\u00e1s certeras que nunca.<\/p>\n<p>Desde su creaci\u00f3n en 2013, la banda guipuzcoana sigue rompiendo fronteras y muestra de ello, es la gira que realizaron por Japon el pasado a\u00f1o.<\/p>\n<p>Bi Bala es referente dentro del estilo bertso-rock. Mezcla los dos ingredientes de una forma muy especial. Adem\u00e1s de los bertsolaris I\u00f1aki Gurrutxaga (guitarra) y Aitzol Barandiaran (voz), Xabier Etxeberria \u201cPitxu\u201d (bajo) y Julen Goikoetxea (bateria) forman la banda.<\/p>\n<p>En este nuevo disco llamado \u201cArazo modernoak\u201d, la banda viene con sus ya habituales letras afiladas y con un toque de humor; casi nadie se salvar\u00e1 de llevarse una buena sacudida.<\/p>\n<p>Producido por la plataforma Bonberenea Ekintzak, Karlos Osinaga \u201cTxap\u201d ha sido el encargado de grabar y mezclar el disco en el estudio del gaztetxe Bonberenea de Tolosa en septiembre y octubre de 2017. La masterizaci\u00f3n ha corrido a cargo de Jonan Ordorika en los estudios Mamia Mastering.<\/p>\n<p><img decoding=\"async\" class=\"alignnone wp-image-26252\" src=\"https:\/\/bonberenea.com\/wp-content\/uploads\/2018\/01\/Bi-bala-promoargz.jpg\" alt=\"\" width=\"797\" height=\"512\" srcset=\"https:\/\/www.bonberenea.com\/wp-content\/uploads\/2018\/01\/Bi-bala-promoargz.jpg 2048w, https:\/\/www.bonberenea.com\/wp-content\/uploads\/2018\/01\/Bi-bala-promoargz-300x193.jpg 300w, https:\/\/www.bonberenea.com\/wp-content\/uploads\/2018\/01\/Bi-bala-promoargz-768x494.jpg 768w, https:\/\/www.bonberenea.com\/wp-content\/uploads\/2018\/01\/Bi-bala-promoargz-1024x659.jpg 1024w, https:\/\/www.bonberenea.com\/wp-content\/uploads\/2018\/01\/Bi-bala-promoargz-890x572.jpg 890w, https:\/\/www.bonberenea.com\/wp-content\/uploads\/2018\/01\/Bi-bala-promoargz-663x426.jpg 663w\" sizes=\"(max-width: 797px) 100vw, 797px\" \/><\/p>\n<p><strong>Contacto:<\/strong><br \/>\nbibalataldea@gmail.com<\/p>","protected":false},"excerpt":{"rendered":"<p>Tras dos a\u00f1os de silencio, Bi Bala est\u00e1n de vuelta y con ellos, las balas que despertar\u00e1 a la sociedad de su letargo. Aunque sigan por el camino de sus dos anteriores trabajos (\u201cWasabi\u201d, 2014; y Gure Eroyak, 2015), este [&hellip;]<\/p>\n","protected":false},"featured_media":26253,"template":"","meta":{"_exactmetrics_skip_tracking":false,"_exactmetrics_sitenote_active":false,"_exactmetrics_sitenote_note":"","_exactmetrics_sitenote_category":0},"product_cat":[134],"product_tag":[517,442,504,205],"_links":{"self":[{"href":"https:\/\/www.bonberenea.com\/es\/wp-json\/wp\/v2\/product\/26303"}],"collection":[{"href":"https:\/\/www.bonberenea.com\/es\/wp-json\/wp\/v2\/product"}],"about":[{"href":"https:\/\/www.bonberenea.com\/es\/wp-json\/wp\/v2\/types\/product"}],"wp:featuredmedia":[{"embeddable":true,"href":"https:\/\/www.bonberenea.com\/es\/wp-json\/wp\/v2\/media\/26253"}],"wp:attachment":[{"href":"https:\/\/www.bonberenea.com\/es\/wp-json\/wp\/v2\/media?parent=26303"}],"wp:term":[{"taxonomy":"product_cat","embeddable":true,"href":"https:\/\/www.bonberenea.com\/es\/wp-json\/wp\/v2\/product_cat?post=26303"},{"taxonomy":"product_tag","embeddable":true,"href":"https:\/\/www.bonberenea.com\/es\/wp-json\/wp\/v2\/product_tag?post=26303"}],"curies":[{"name":"wp","href":"https:\/\/api.w.org\/{rel}","templated":true}]}}