{"id":26302,"date":"2018-01-19T23:36:40","date_gmt":"2018-01-19T22:36:40","guid":{"rendered":"https:\/\/www.bonberenea.com\/?post_type=product&#038;p=26302"},"modified":"2018-01-29T23:17:32","modified_gmt":"2018-01-29T22:17:32","slug":"libe-ilargia-erori-da","status":"publish","type":"product","link":"https:\/\/www.bonberenea.com\/es\/online-denda\/libe-ilargia-erori-da\/","title":{"rendered":"Libe &#8211; Ilargia erori da"},"content":{"rendered":"<p><img decoding=\"async\" class=\"alignnone wp-image-26247\" src=\"https:\/\/bonberenea.com\/wp-content\/uploads\/2018\/01\/Libe-Banner.jpg\" alt=\"\" width=\"618\" height=\"310\" srcset=\"https:\/\/www.bonberenea.com\/wp-content\/uploads\/2018\/01\/Libe-Banner.jpg 1024w, https:\/\/www.bonberenea.com\/wp-content\/uploads\/2018\/01\/Libe-Banner-300x151.jpg 300w, https:\/\/www.bonberenea.com\/wp-content\/uploads\/2018\/01\/Libe-Banner-768x386.jpg 768w, https:\/\/www.bonberenea.com\/wp-content\/uploads\/2018\/01\/Libe-Banner-890x448.jpg 890w, https:\/\/www.bonberenea.com\/wp-content\/uploads\/2018\/01\/Libe-Banner-663x333.jpg 663w\" sizes=\"(max-width: 618px) 100vw, 618px\" \/><br \/>\nLibe Garc\u00eda de Cort\u00e1zar ha participado en varios proyectos musicales, pero este que lleva su nombre es el m\u00e1s personal. Para enfrentarse a la composici\u00f3n de estos nuevos temas ha contado con dos de los m\u00fasicos que le acompa\u00f1aron en los conciertos de presentaci\u00f3n de su anterior trabajo (\u201cIhesaldi handia\u201d Bonberenea Ekintzak 2014): D ani Arrizabalaga a la bater\u00eda y Txus Villalabeitia a la guitarra. Al tr\u00edo se le ha unido Karlos Osinaga al final del proceso compositivo, como bajista y productor.As\u00ed han completado seis canciones, en parte porque sintieron que el disco no necesitaba m\u00e1s, pero tambi\u00e9n porque vieron que no pod\u00edan abarcar una mayor cantidad de temas con el nivel de mimo y detalle que pretend\u00edan. Se encerraron durante varios d\u00edas de este verano en el estudio de Bonberenea, hasta acercarse lo m\u00e1ximo posible a lo que sonaba en sus cabezas.<\/p>\n<p>Quer\u00edan incluir instrumentaci\u00f3n de cuerda en Maitasun kuantikoa y Lo dago, y lo han conseguido gracias a los arreglos de violonchelo de M aite Arroitajauregi. Adem\u00e1s han contado con la voz de Jon Basaguren<\/p>\n<p>para ese \u00faltimo tema, quien tambi\u00e9n les ha ayudado con las letras. Y aqu\u00ed ten\u00e9is el resultado. Basta una escucha para darse cuenta de que cada corte est\u00e1 lleno de detalles. Hay coraz\u00f3n en la composici\u00f3n, en el trabajo de estudio, en las letras y en cada una de las melod\u00edas. Lo han conseguido, la luna ha ca\u00eddo.<\/p>\n<p><img decoding=\"async\" class=\"alignnone wp-image-26246\" src=\"https:\/\/bonberenea.com\/wp-content\/uploads\/2018\/01\/Libe-foto-promo.jpg\" alt=\"\" width=\"756\" height=\"504\" srcset=\"https:\/\/www.bonberenea.com\/wp-content\/uploads\/2018\/01\/Libe-foto-promo.jpg 2048w, https:\/\/www.bonberenea.com\/wp-content\/uploads\/2018\/01\/Libe-foto-promo-300x200.jpg 300w, https:\/\/www.bonberenea.com\/wp-content\/uploads\/2018\/01\/Libe-foto-promo-768x512.jpg 768w, https:\/\/www.bonberenea.com\/wp-content\/uploads\/2018\/01\/Libe-foto-promo-1024x683.jpg 1024w, https:\/\/www.bonberenea.com\/wp-content\/uploads\/2018\/01\/Libe-foto-promo-890x593.jpg 890w, https:\/\/www.bonberenea.com\/wp-content\/uploads\/2018\/01\/Libe-foto-promo-663x442.jpg 663w\" sizes=\"(max-width: 756px) 100vw, 756px\" \/><br \/>\n<strong>Contacto:<\/strong><br \/>\nlibemusika.com<br \/>\nlibemusika@gmail.com<\/p>","protected":false},"excerpt":{"rendered":"<p>Libe Garc\u00eda de Cort\u00e1zar ha participado en varios proyectos musicales, pero este que lleva su nombre es el m\u00e1s personal. Para enfrentarse a la composici\u00f3n de estos nuevos temas ha contado con dos de los m\u00fasicos que le acompa\u00f1aron en [&hellip;]<\/p>\n","protected":false},"featured_media":26245,"template":"","meta":{"_exactmetrics_skip_tracking":false,"_exactmetrics_sitenote_active":false,"_exactmetrics_sitenote_note":"","_exactmetrics_sitenote_category":0},"product_cat":[496],"product_tag":[517,442,205,445],"_links":{"self":[{"href":"https:\/\/www.bonberenea.com\/es\/wp-json\/wp\/v2\/product\/26302"}],"collection":[{"href":"https:\/\/www.bonberenea.com\/es\/wp-json\/wp\/v2\/product"}],"about":[{"href":"https:\/\/www.bonberenea.com\/es\/wp-json\/wp\/v2\/types\/product"}],"wp:featuredmedia":[{"embeddable":true,"href":"https:\/\/www.bonberenea.com\/es\/wp-json\/wp\/v2\/media\/26245"}],"wp:attachment":[{"href":"https:\/\/www.bonberenea.com\/es\/wp-json\/wp\/v2\/media?parent=26302"}],"wp:term":[{"taxonomy":"product_cat","embeddable":true,"href":"https:\/\/www.bonberenea.com\/es\/wp-json\/wp\/v2\/product_cat?post=26302"},{"taxonomy":"product_tag","embeddable":true,"href":"https:\/\/www.bonberenea.com\/es\/wp-json\/wp\/v2\/product_tag?post=26302"}],"curies":[{"name":"wp","href":"https:\/\/api.w.org\/{rel}","templated":true}]}}