{"id":26121,"date":"2017-08-26T00:20:44","date_gmt":"2017-08-25T22:20:44","guid":{"rendered":"https:\/\/www.bonberenea.com\/?post_type=product&#038;p=26121"},"modified":"2018-05-01T21:56:30","modified_gmt":"2018-05-01T20:56:30","slug":"glaukoma-kalima","status":"publish","type":"product","link":"https:\/\/www.bonberenea.com\/es\/online-denda\/glaukoma-kalima\/","title":{"rendered":"Glaukoma &#8211; Kalima"},"content":{"rendered":"<p><img decoding=\"async\" class=\"alignnone size-full wp-image-26109\" src=\"https:\/\/bonberenea.com\/wp-content\/uploads\/2017\/08\/IMG_01001.jpg\" alt=\"\" width=\"1024\" height=\"515\" srcset=\"https:\/\/www.bonberenea.com\/wp-content\/uploads\/2017\/08\/IMG_01001.jpg 1024w, https:\/\/www.bonberenea.com\/wp-content\/uploads\/2017\/08\/IMG_01001-300x151.jpg 300w, https:\/\/www.bonberenea.com\/wp-content\/uploads\/2017\/08\/IMG_01001-768x386.jpg 768w, https:\/\/www.bonberenea.com\/wp-content\/uploads\/2017\/08\/IMG_01001-890x448.jpg 890w, https:\/\/www.bonberenea.com\/wp-content\/uploads\/2017\/08\/IMG_01001-663x333.jpg 663w\" sizes=\"(max-width: 1024px) 100vw, 1024px\" \/><\/p>\n<p align=\"justify\"><b>Glaukoma \u2013 Kalima 2017<\/b><\/p>\n<p align=\"justify\">El tercer trabajo de los tolosarras Glaukoma no es suave y edulcorado como es habitual actualmente. Kalima no la produce la factor\u00eda Disney, sino Bonberenea, y el disco es tan seco como pegajoso a la vez, como s\u00f3lo la arena puede serlo.<\/p>\n<p align=\"justify\">En nuestras des\u00e9rticas vidas (\u00bfvamos en una caravana hacia ninguna parte?) el trabajo precario, el espejismo del bienestar, la l\u00edquida realidad y el falso amor en tiempos de la red son conceptos desnudados por la Kalima.<\/p>\n<p align=\"justify\">En Kalima se puede apreciar el estilo Glaukoma pero con m\u00e1s profundidad, m\u00e1s directo, m\u00e1s seco. La madurez y los d\u00edas que vivimos queman la alegr\u00eda juvenil. El mar tampoco es el de la infancia, ya que es el mar del olvido y la muerte.<\/p>\n<p align=\"justify\">Dicen hoy en d\u00eda que no hay fronteras, pero la realidad es que cada vez son m\u00e1s altas las vallas y m\u00e1s afiladas las concertinas. La Kalima, no obstante, no conoce fronteras y llega hasta nuestras almas, golpe\u00e1ndonos y sec\u00e1ndonos nuestro interior en el c\u00edrculo Glaukoma.<\/p>\n<p align=\"justify\">Se puede bailar con Kalima. Se puede tener buen rollo con Kalima. Pero algo se ha roto dentro de nosotros y en nuestro entorno. Si no lo entiendes en 13 canciones, en euskera y castellano, <i>hay algo aqu\u00ed que va mal&#8230;<\/i><\/p>\n<p align=\"right\"><i>Eneko Barberena, verano de 2017<\/i><\/p>\n<p align=\"right\"><img decoding=\"async\" class=\"alignnone size-full wp-image-26110\" src=\"https:\/\/bonberenea.com\/wp-content\/uploads\/2017\/08\/IMG_0120.jpg\" alt=\"\" width=\"1600\" height=\"1067\" srcset=\"https:\/\/www.bonberenea.com\/wp-content\/uploads\/2017\/08\/IMG_0120.jpg 1600w, https:\/\/www.bonberenea.com\/wp-content\/uploads\/2017\/08\/IMG_0120-300x200.jpg 300w, https:\/\/www.bonberenea.com\/wp-content\/uploads\/2017\/08\/IMG_0120-768x512.jpg 768w, https:\/\/www.bonberenea.com\/wp-content\/uploads\/2017\/08\/IMG_0120-1024x683.jpg 1024w, https:\/\/www.bonberenea.com\/wp-content\/uploads\/2017\/08\/IMG_0120-890x594.jpg 890w, https:\/\/www.bonberenea.com\/wp-content\/uploads\/2017\/08\/IMG_0120-663x442.jpg 663w\" sizes=\"(max-width: 1600px) 100vw, 1600px\" \/><\/p>\n<p align=\"justify\">Ficha t\u00e9cnica:<\/p>\n<p align=\"justify\">-13 canciones.<\/p>\n<p align=\"justify\">-Euskara y castellano.<\/p>\n<p align=\"justify\">-Letras y m\u00fasica, Glaukoma.<\/p>\n<p align=\"justify\">-Producido por Bonberenea bajo la direcci\u00f3n de Karlos Osinaga \u201cTxap\u201d.<\/p>\n<p align=\"justify\">Tracklist:<\/p>\n<p align=\"justify\">1- INTRO<br \/>\n2- PIXKANAKA<br \/>\n3- KALIMA<br \/>\n4- SEMEN DE TINTA<br \/>\n5- FIRE (THEY&#8217;RE COMIN&#8217;)<br \/>\n6- GURE KAIOLA<br \/>\n7- PASS THE WEED<br \/>\n8- HERENCIA<br \/>\n9- W.Y.R.D.K.A. (Interludio)<br \/>\n10- RECREATION<br \/>\n11- ONE, TWO<br \/>\n12- PASS THE WINE<br \/>\n13- D.Q.E.M. (Saudade)<br \/>\n14- OUTRO<\/p>\n<p><iframe width=\"500\" height=\"281\" src=\"https:\/\/www.youtube.com\/embed\/wfcvHvVhvtY?feature=oembed\" frameborder=\"0\" allow=\"autoplay; encrypted-media\" allowfullscreen><\/iframe><\/p>\n<p align=\"justify\">Contacto:<br \/>\nglaukomaband@gmail.com<br \/>\n647024034 (Julen)<\/p>\n<p><\/p>","protected":false},"excerpt":{"rendered":"<p>Glaukoma \u2013 Kalima 2017 El tercer trabajo de los tolosarras Glaukoma no es suave y edulcorado como es habitual actualmente. Kalima no la produce la factor\u00eda Disney, sino Bonberenea, y el disco es tan seco como pegajoso a la vez, [&hellip;]<\/p>\n","protected":false},"featured_media":27441,"template":"","meta":{"_exactmetrics_skip_tracking":false,"_exactmetrics_sitenote_active":false,"_exactmetrics_sitenote_note":"","_exactmetrics_sitenote_category":0},"product_cat":[546,134],"product_tag":[517,442,205,449,557],"_links":{"self":[{"href":"https:\/\/www.bonberenea.com\/es\/wp-json\/wp\/v2\/product\/26121"}],"collection":[{"href":"https:\/\/www.bonberenea.com\/es\/wp-json\/wp\/v2\/product"}],"about":[{"href":"https:\/\/www.bonberenea.com\/es\/wp-json\/wp\/v2\/types\/product"}],"wp:featuredmedia":[{"embeddable":true,"href":"https:\/\/www.bonberenea.com\/es\/wp-json\/wp\/v2\/media\/27441"}],"wp:attachment":[{"href":"https:\/\/www.bonberenea.com\/es\/wp-json\/wp\/v2\/media?parent=26121"}],"wp:term":[{"taxonomy":"product_cat","embeddable":true,"href":"https:\/\/www.bonberenea.com\/es\/wp-json\/wp\/v2\/product_cat?post=26121"},{"taxonomy":"product_tag","embeddable":true,"href":"https:\/\/www.bonberenea.com\/es\/wp-json\/wp\/v2\/product_tag?post=26121"}],"curies":[{"name":"wp","href":"https:\/\/api.w.org\/{rel}","templated":true}]}}