{"id":25751,"date":"2017-05-20T00:15:15","date_gmt":"2017-05-19T22:15:15","guid":{"rendered":"https:\/\/www.bonberenea.com\/?post_type=product&#038;p=25751"},"modified":"2018-04-21T21:22:01","modified_gmt":"2018-04-21T20:22:01","slug":"sofa-ii","status":"publish","type":"product","link":"https:\/\/www.bonberenea.com\/es\/online-denda\/sofa-ii\/","title":{"rendered":"Sofa &#8211; II"},"content":{"rendered":"<p><\/p>\n<p style=\"text-align: justify;\"><img decoding=\"async\" class=\"alignnone size-full wp-image-25697\" src=\"https:\/\/bonberenea.com\/wp-content\/uploads\/2017\/04\/Sofa_argazkiaweb.jpg\" alt=\"Sofa_argazkiaweb\" width=\"623\" height=\"442\" srcset=\"https:\/\/www.bonberenea.com\/wp-content\/uploads\/2017\/04\/Sofa_argazkiaweb.jpg 623w, https:\/\/www.bonberenea.com\/wp-content\/uploads\/2017\/04\/Sofa_argazkiaweb-300x213.jpg 300w\" sizes=\"(max-width: 623px) 100vw, 623px\" \/><\/p>\n<p>Desde el a\u00f1o 2012 hay un modo diferente de entender la m\u00fasica, un modo de hacer propia esa m\u00fasica y hay, como no, un nombre que lo recoge: <strong>Sofa<\/strong>. Haciendo el sentido de su m\u00fasica lo m\u00e1s cercano posible, una banda que se escucha con facilidad. Y as\u00ed es, por supuesto, por que su trabajo se disfruta, despu\u00e9s, claro est\u00e1, de trabajar duro desde sus inicios hasta hoy. Tras m\u00e1s de cuarenta conciertos y un segundo trabajo de estudio a sus espaldas, <strong>Sofa<\/strong> est\u00e1n de vuelta. El grupo formado por un Zumaitarra y dos Zarauztarras ha escogido para llevar a cabo su nuevo trabajo la plataforma <strong>Bonberenea Ekintzak<\/strong>. Grabado en febrero del 2017, este trabajo ha sido producido bajo la direcci\u00f3n de Karlos Osinaga y cuenta con nueve canciones. Como eje central de su trabajo mantienen un puro rock instrumental, haciendo un homenaje propio a la base de toda m\u00fasica, sin letras ni cantante, este magn\u00edfico trabajo es, en su finalidad, una oda a la armon\u00eda y composici\u00f3n musical. Con el prop\u00f3sito de extender su m\u00fasica, este tr\u00edo imbuye frescor al actual panorama, siendo su trabajo uno de los que aporta ideas al salirse de la corriente. Hecho con ganas e ilusi\u00f3n, no dejar\u00e1 a nadie indiferente. Si quieres escuchar algo especial, escucha <strong>Sofa<\/strong>, escucha su nuevo trabajo: \u201c<strong>II<\/strong>\u201d.<\/p>\n<p><img decoding=\"async\" class=\"alignnone wp-image-25583\" src=\"https:\/\/bonberenea.com\/wp-content\/uploads\/2017\/04\/Sofa-banner.jpg\" alt=\"Sofa banner\" width=\"820\" height=\"290\" srcset=\"https:\/\/www.bonberenea.com\/wp-content\/uploads\/2017\/04\/Sofa-banner.jpg 2048w, https:\/\/www.bonberenea.com\/wp-content\/uploads\/2017\/04\/Sofa-banner-300x106.jpg 300w, https:\/\/www.bonberenea.com\/wp-content\/uploads\/2017\/04\/Sofa-banner-768x272.jpg 768w, https:\/\/www.bonberenea.com\/wp-content\/uploads\/2017\/04\/Sofa-banner-1024x362.jpg 1024w, https:\/\/www.bonberenea.com\/wp-content\/uploads\/2017\/04\/Sofa-banner-890x315.jpg 890w, https:\/\/www.bonberenea.com\/wp-content\/uploads\/2017\/04\/Sofa-banner-663x234.jpg 663w\" sizes=\"(max-width: 820px) 100vw, 820px\" \/><\/p>\n<p>Tracklist:<\/p>\n<p>A aldea<br \/>\n01 &#8211; Agorregi<br \/>\n02 &#8211; Correcaminos<br \/>\n03 &#8211; Bitzozkolak<br \/>\n04 &#8211; Ponto<\/p>\n<p>B aldea<br \/>\n05 &#8211; Tope Zatopek<br \/>\n06 &#8211; Triziklo<br \/>\n07 &#8211; Guartakerre<br \/>\n08 &#8211; Erro Karratua<br \/>\n09 &#8211; Periskopio<\/p>\n<p>Harremanetarako:<br \/>\nZuresofa@gmail.com<br \/>\n634 211 861 (Kepa)<\/p>\n<p><audio class=\"wp-audio-shortcode\" id=\"audio-25751-2\" preload=\"none\" style=\"width: 100%;\" controls=\"controls\"><source type=\"audio\/mpeg\" src=\"https:\/\/bonberenea.com\/wp-content\/uploads\/2017\/04\/05-Sofa-Tope-Zapotek.mp3?_=2\" \/><a href=\"https:\/\/bonberenea.com\/wp-content\/uploads\/2017\/04\/05-Sofa-Tope-Zapotek.mp3\">https:\/\/bonberenea.com\/wp-content\/uploads\/2017\/04\/05-Sofa-Tope-Zapotek.mp3<\/a><\/audio><\/p>","protected":false},"excerpt":{"rendered":"<p>Desde el a\u00f1o 2012 hay un modo diferente de entender la m\u00fasica, un modo de hacer propia esa m\u00fasica y hay, como no, un nombre que lo recoge: Sofa. Haciendo el sentido de su m\u00fasica lo m\u00e1s cercano posible, una [&hellip;]<\/p>\n","protected":false},"featured_media":25752,"template":"","meta":{"_exactmetrics_skip_tracking":false,"_exactmetrics_sitenote_active":false,"_exactmetrics_sitenote_note":"","_exactmetrics_sitenote_category":0},"product_cat":[134],"product_tag":[517,442,205,520],"_links":{"self":[{"href":"https:\/\/www.bonberenea.com\/es\/wp-json\/wp\/v2\/product\/25751"}],"collection":[{"href":"https:\/\/www.bonberenea.com\/es\/wp-json\/wp\/v2\/product"}],"about":[{"href":"https:\/\/www.bonberenea.com\/es\/wp-json\/wp\/v2\/types\/product"}],"wp:featuredmedia":[{"embeddable":true,"href":"https:\/\/www.bonberenea.com\/es\/wp-json\/wp\/v2\/media\/25752"}],"wp:attachment":[{"href":"https:\/\/www.bonberenea.com\/es\/wp-json\/wp\/v2\/media?parent=25751"}],"wp:term":[{"taxonomy":"product_cat","embeddable":true,"href":"https:\/\/www.bonberenea.com\/es\/wp-json\/wp\/v2\/product_cat?post=25751"},{"taxonomy":"product_tag","embeddable":true,"href":"https:\/\/www.bonberenea.com\/es\/wp-json\/wp\/v2\/product_tag?post=25751"}],"curies":[{"name":"wp","href":"https:\/\/api.w.org\/{rel}","templated":true}]}}