{"id":25041,"date":"2017-01-14T18:57:27","date_gmt":"2017-01-14T16:57:27","guid":{"rendered":"https:\/\/www.bonberenea.com\/?post_type=product&#038;p=25041"},"modified":"2021-11-19T19:49:10","modified_gmt":"2021-11-19T18:49:10","slug":"bonberenea-txaranga-berriozar","status":"publish","type":"product","link":"https:\/\/www.bonberenea.com\/es\/online-denda\/bonberenea-txaranga-berriozar\/","title":{"rendered":"Bonberenea Txaranga &#8211; Berriozar"},"content":{"rendered":"<p><img decoding=\"async\" class=\"alignnone size-full wp-image-24875\" src=\"https:\/\/bonberenea.com\/wp-content\/uploads\/2016\/12\/BANNER-TXARANGA-BERRIOZAR.jpg\" alt=\"banner-txaranga-berriozar\" width=\"2048\" height=\"724\" srcset=\"https:\/\/www.bonberenea.com\/wp-content\/uploads\/2016\/12\/BANNER-TXARANGA-BERRIOZAR.jpg 2048w, https:\/\/www.bonberenea.com\/wp-content\/uploads\/2016\/12\/BANNER-TXARANGA-BERRIOZAR-300x106.jpg 300w, https:\/\/www.bonberenea.com\/wp-content\/uploads\/2016\/12\/BANNER-TXARANGA-BERRIOZAR-768x272.jpg 768w, https:\/\/www.bonberenea.com\/wp-content\/uploads\/2016\/12\/BANNER-TXARANGA-BERRIOZAR-1024x362.jpg 1024w, https:\/\/www.bonberenea.com\/wp-content\/uploads\/2016\/12\/BANNER-TXARANGA-BERRIOZAR-890x315.jpg 890w, https:\/\/www.bonberenea.com\/wp-content\/uploads\/2016\/12\/BANNER-TXARANGA-BERRIOZAR-663x234.jpg 663w\" sizes=\"(max-width: 2048px) 100vw, 2048px\" \/><\/p>\n<p>Bonberenea Txaranga tiene un largo recorrido. El primer \u00e1lbum, vio la luz en el a\u00f1o 2005. Desde entonces tres m\u00e1s se han sumado a sus espaldas, haciendo que este que te presentamos sea su quinto trabajo de estudio. Las txarangas siempre han tenido esa connotaci\u00f3n callejera, animar las calles con la m\u00fasica que se queda en las mismas. La pasi\u00f3n que se transmite de generaci\u00f3n en generaci\u00f3n es la que le da su sustento. Pero Bonberenea Txaranga siempre ha tendido a romper este canon; siempre ha tendido a ser diferente.<\/p>\n<p>Pensando que las canciones que se escuchan en la calle no son suficiente, se embarcaron en crear las suyas propias. Algo complicado. Al esfuerzo de componer cualquier cosa, hay que sumarle cada uno de los instrumentos de una txaranga. Pero es la pasi\u00f3n lo que define los corazones de estos j\u00f3venes que no se cansan. Pues el hacer sus canciones mejor que nadie, contribuye no s\u00f3lo a definir su camino, si no tambi\u00e9n a su legitimidad.<\/p>\n<p><img decoding=\"async\" class=\"alignnone size-full wp-image-24889\" src=\"https:\/\/bonberenea.com\/wp-content\/uploads\/2016\/12\/BANNER-TXARANGA-2003-2017.jpeg\" alt=\"banner-txaranga-2003-2017\" width=\"1280\" height=\"453\" srcset=\"https:\/\/www.bonberenea.com\/wp-content\/uploads\/2016\/12\/BANNER-TXARANGA-2003-2017.jpeg 1280w, https:\/\/www.bonberenea.com\/wp-content\/uploads\/2016\/12\/BANNER-TXARANGA-2003-2017-300x106.jpeg 300w, https:\/\/www.bonberenea.com\/wp-content\/uploads\/2016\/12\/BANNER-TXARANGA-2003-2017-768x272.jpeg 768w, https:\/\/www.bonberenea.com\/wp-content\/uploads\/2016\/12\/BANNER-TXARANGA-2003-2017-1024x362.jpeg 1024w, https:\/\/www.bonberenea.com\/wp-content\/uploads\/2016\/12\/BANNER-TXARANGA-2003-2017-890x315.jpeg 890w, https:\/\/www.bonberenea.com\/wp-content\/uploads\/2016\/12\/BANNER-TXARANGA-2003-2017-663x235.jpeg 663w\" sizes=\"(max-width: 1280px) 100vw, 1280px\" \/><\/p>\n<p>Ya ha pasado algo de tiempo desde el <em>\u201cBihar Ez Da Gaur\u201d <\/em>y es por eso que rondaban rumores de nuevo proyecto por la txaranga. La idea era hacer algo fresco, pero sin obviar las tradicionales canciones del carnaval de Tolosa. De aqu\u00ed nace el proyecto que se llama <em>\u201cBerriozar\u201d<\/em>. A muchos les achacar\u00e1 la melancol\u00eda pero sabemos, que cualquiera que oiga este trabajo sentir\u00e1 la emoci\u00f3n t\u00edpica de las canciones de carnaval. Pues este trabajo coge lo que es viejo, y con trabajo y esfuerzo, lo convierte en nuevo. Esto es <em>Berriozar<\/em>.<\/p>\n<p>La txaranga siempre ha tenido la din\u00e1mica intr\u00ednseca de esta casa: trabajo y dedicaci\u00f3n. Es por esto, que es ahora cuando llega este trabajo, para conmemorar de alg\u00fan modo, el 20 aniversario de Bonberenea. Puesto que <em>\u201cBonberenea, oztopo guztien gainetik, 20 urte bizirik!\u201d. <\/em>El disco, en CD+Vinilo de 10\u201d, consta de 4 canciones y comparte tal vez, el destino de esta casa. Siendo met\u00e1fora directa de la casa que al principio no gust\u00f3 a todos, y con tiempo, se ha ganado el respeto.<\/p>\n<p>Las canciones de este disco por eso, puede que sigan el mismo camino. Hacen lo que a muchos no gustar\u00e1, coger las cl\u00e1sicas canciones del carnaval tolosarra y darles una vuelta de tuerca. Nuevos estilos en viejas canciones; canciones, las cualas, aunque al principio puedan llegar a sonar extra\u00f1as, enseguida se aprende a quererlas.<\/p>\n<p>Otra vez, Bonberenea Txaranga a conseguido plasmar su magia en un trabajo. An\u00edmate pues, a hacerte con un disco que seguro te va a gustar. An\u00edmate con los ritmos de Bonberenea Txaranga!<\/p>\n<p><img decoding=\"async\" class=\"alignnone size-full wp-image-24877\" src=\"https:\/\/bonberenea.com\/wp-content\/uploads\/2016\/12\/promo-argazkia-BTX-berriozar.jpeg\" alt=\"Bonberenea Txaranga Berriozar arg.\" width=\"1208\" height=\"859\" srcset=\"https:\/\/www.bonberenea.com\/wp-content\/uploads\/2016\/12\/promo-argazkia-BTX-berriozar.jpeg 1208w, https:\/\/www.bonberenea.com\/wp-content\/uploads\/2016\/12\/promo-argazkia-BTX-berriozar-300x213.jpeg 300w, https:\/\/www.bonberenea.com\/wp-content\/uploads\/2016\/12\/promo-argazkia-BTX-berriozar-768x546.jpeg 768w, https:\/\/www.bonberenea.com\/wp-content\/uploads\/2016\/12\/promo-argazkia-BTX-berriozar-1024x728.jpeg 1024w, https:\/\/www.bonberenea.com\/wp-content\/uploads\/2016\/12\/promo-argazkia-BTX-berriozar-890x633.jpeg 890w, https:\/\/www.bonberenea.com\/wp-content\/uploads\/2016\/12\/promo-argazkia-BTX-berriozar-663x471.jpeg 663w\" sizes=\"(max-width: 1208px) 100vw, 1208px\" \/><\/p>\n<audio class=\"wp-audio-shortcode\" id=\"audio-25041-2\" preload=\"none\" style=\"width: 100%;\" controls=\"controls\"><source type=\"audio\/mpeg\" src=\"https:\/\/bonberenea.com\/wp-content\/uploads\/2016\/12\/Bonberenea-Txaranga-Berriozar-Burundiana.mp3?_=2\" \/><a href=\"https:\/\/bonberenea.com\/wp-content\/uploads\/2016\/12\/Bonberenea-Txaranga-Berriozar-Burundiana.mp3\">https:\/\/bonberenea.com\/wp-content\/uploads\/2016\/12\/Bonberenea-Txaranga-Berriozar-Burundiana.mp3<\/a><\/audio>\n<p><strong><br \/>\nContacto:<\/strong><br \/>\ninfo@bonberenea.com<br \/>\nMattin 620 778 618<\/p>","protected":false},"excerpt":{"rendered":"<p>Bonberenea Txaranga tiene un largo recorrido. El primer \u00e1lbum, vio la luz en el a\u00f1o 2005. Desde entonces tres m\u00e1s se han sumado a sus espaldas, haciendo que este que te presentamos sea su quinto trabajo de estudio. Las txarangas [&hellip;]<\/p>\n","protected":false},"featured_media":25753,"template":"","meta":{"_exactmetrics_skip_tracking":false,"_exactmetrics_sitenote_active":false,"_exactmetrics_sitenote_note":"","_exactmetrics_sitenote_category":0},"product_cat":[135],"product_tag":[517,442,518,205,497],"_links":{"self":[{"href":"https:\/\/www.bonberenea.com\/es\/wp-json\/wp\/v2\/product\/25041"}],"collection":[{"href":"https:\/\/www.bonberenea.com\/es\/wp-json\/wp\/v2\/product"}],"about":[{"href":"https:\/\/www.bonberenea.com\/es\/wp-json\/wp\/v2\/types\/product"}],"wp:featuredmedia":[{"embeddable":true,"href":"https:\/\/www.bonberenea.com\/es\/wp-json\/wp\/v2\/media\/25753"}],"wp:attachment":[{"href":"https:\/\/www.bonberenea.com\/es\/wp-json\/wp\/v2\/media?parent=25041"}],"wp:term":[{"taxonomy":"product_cat","embeddable":true,"href":"https:\/\/www.bonberenea.com\/es\/wp-json\/wp\/v2\/product_cat?post=25041"},{"taxonomy":"product_tag","embeddable":true,"href":"https:\/\/www.bonberenea.com\/es\/wp-json\/wp\/v2\/product_tag?post=25041"}],"curies":[{"name":"wp","href":"https:\/\/api.w.org\/{rel}","templated":true}]}}