{"id":24643,"date":"2016-11-22T19:01:38","date_gmt":"2016-11-22T17:01:38","guid":{"rendered":"https:\/\/www.bonberenea.com\/?post_type=product&#038;p=24643"},"modified":"2016-12-02T20:54:09","modified_gmt":"2016-12-02T18:54:09","slug":"bonberenea-1997-hit-erremixak","status":"publish","type":"product","link":"https:\/\/www.bonberenea.com\/es\/online-denda\/bonberenea-1997-hit-erremixak\/","title":{"rendered":"Bonberenea 1997 Hit Erremixak"},"content":{"rendered":"<p><\/p>\n<p class=\"p1\">23 de diciembre de 1997 fue la fecha en la que se okup\u00f3 el primer edificio del colectivo Bonberenea, un edificio que hab\u00eda sido la sede de los bomberos de Tolosa. Duraron poco tiempo ah\u00ed, porque el Ayuntamiento de Tolosa decidi\u00f3 derribarlo para crear unas cuantas plazas de parking. S\u00f3lo fue el primer cap\u00edtulo, porque de seguido se okup\u00f3 otro edificio, y despu\u00e9s otro&#8230; Un movimiemto que est\u00e1 vivito y coleando hoy en d\u00eda y que el a\u00f1o que viene cumplir\u00e1 20 a\u00f1os en activo.<\/p>\n<p>Con la intenci\u00f3n de rememorar uno de los hitos m\u00e1s importantes de aquellas batallas, el pr\u00f3ximo 26 de noviembre ver\u00e1 la luz el recopilatorio \u201cBONBERENEA 1997 HIT ERREMIXAK\u201d, formado por ocho productores que han tenido una estrecha relaci\u00f3n con el colectivo a lo largo de estos a\u00f1os. El nombre hace referencia al himno \u201cInauteri 98 HIT\u201d del grupo Deabruak Teilatuetan, que goz\u00f3 de gran popularidad tras su publicaci\u00f3n en 1998. Tratando de homenajear dicho tema, se recuperaron las pistas anal\u00f3gicas originales de su grabaci\u00f3n para hac\u00e9rsela llegar a productores de diferentes estilos, para que a su vez \u00e9stos realizaran un remix, cada cual con su estilo particular. El punto de partida ha sido el mismo para todos. La meta, sin embargo, completamente diferente.<\/p>\n<p><img decoding=\"async\" class=\"alignnone size-full wp-image-24640\" src=\"https:\/\/bonberenea.com\/wp-content\/uploads\/2016\/11\/Bonberenea-1997-hit-erremixak-banner.jpg\" alt=\"bonberenea-1997-hit-erremixak-banner\" width=\"1280\" height=\"453\" srcset=\"https:\/\/www.bonberenea.com\/wp-content\/uploads\/2016\/11\/Bonberenea-1997-hit-erremixak-banner.jpg 1280w, https:\/\/www.bonberenea.com\/wp-content\/uploads\/2016\/11\/Bonberenea-1997-hit-erremixak-banner-300x106.jpg 300w, https:\/\/www.bonberenea.com\/wp-content\/uploads\/2016\/11\/Bonberenea-1997-hit-erremixak-banner-768x272.jpg 768w, https:\/\/www.bonberenea.com\/wp-content\/uploads\/2016\/11\/Bonberenea-1997-hit-erremixak-banner-1024x362.jpg 1024w, https:\/\/www.bonberenea.com\/wp-content\/uploads\/2016\/11\/Bonberenea-1997-hit-erremixak-banner-890x315.jpg 890w, https:\/\/www.bonberenea.com\/wp-content\/uploads\/2016\/11\/Bonberenea-1997-hit-erremixak-banner-663x235.jpg 663w\" sizes=\"(max-width: 1280px) 100vw, 1280px\" \/><\/p>\n<p>Son seis los productores o grupos de Euskal herria que han participado en el proyecto: Revolta Permanent, Selektah Stepi (Bad Sound System), DZ eta Pini (Esne Beltza), Anita Parker (Gose), Gorka Suaia a.k.a. Askapen Sound y Little Martin Selektah (Ziribulio Sound). Tambi\u00e9n se ha contado con participaci\u00f3n internacional: DJ Norio desde Jap\u00f3n y Tea Mage desde USA.<\/p>\n<p>Reggae, Hip Hop, elect\u00f3nica, ambient&#8230; Podr\u00e1s encontrar muchos estilos diferentes en este CD. Todos han partido del mismo punto: la canci\u00f3n \u201cInauteri 98 HIT\u201d de Deabruak Teilatuetan. Para saber a donde han llegado, no tienes m\u00e1s que \u201cpinchar\u201d el disco \u201cBONBERENEA 1997 HIT ERREMIXAK\u201d. Disfr\u00fatalo!<\/p>\n<audio class=\"wp-audio-shortcode\" id=\"audio-24643-2\" preload=\"none\" style=\"width: 100%;\" controls=\"controls\"><source type=\"audio\/mpeg\" src=\"https:\/\/bonberenea.com\/wp-content\/uploads\/2016\/11\/Bonberenea-Hit-97-22DZ-FEAT.-PINI22.mp3?_=2\" \/><a href=\"https:\/\/bonberenea.com\/wp-content\/uploads\/2016\/11\/Bonberenea-Hit-97-22DZ-FEAT.-PINI22.mp3\">https:\/\/bonberenea.com\/wp-content\/uploads\/2016\/11\/Bonberenea-Hit-97-22DZ-FEAT.-PINI22.mp3<\/a><\/audio>\n<p>TRACKLIST:<br \/>\n1- Revolta Permanent<br \/>\n2- DZ feat. Pini<br \/>\n3- Stepi Selektah feat. Moneo &amp; Tobal<br \/>\n4- Little Martin feat. Ziribulios<br \/>\n5- DJ Norio<br \/>\n6- Tea Mage<br \/>\n7- Anita Parker<br \/>\n8- Gorka Suaia A.K.A. Askapen Sound<br \/>\n9- Inauteri 98 HIT (Deabruak Teilatuetan).<\/p>\n<p><strong>Contacto:<\/strong><br \/>\ninfo@bonberenea.com<\/p>","protected":false},"excerpt":{"rendered":"<p>23 de diciembre de 1997 fue la fecha en la que se okup\u00f3 el primer edificio del colectivo Bonberenea, un edificio que hab\u00eda sido la sede de los bomberos de Tolosa. Duraron poco tiempo ah\u00ed, porque el Ayuntamiento de Tolosa [&hellip;]<\/p>\n","protected":false},"featured_media":24639,"template":"","meta":{"_exactmetrics_skip_tracking":false,"_exactmetrics_sitenote_active":false,"_exactmetrics_sitenote_note":"","_exactmetrics_sitenote_category":0},"product_cat":[134],"product_tag":[507,442,512,205],"_links":{"self":[{"href":"https:\/\/www.bonberenea.com\/es\/wp-json\/wp\/v2\/product\/24643"}],"collection":[{"href":"https:\/\/www.bonberenea.com\/es\/wp-json\/wp\/v2\/product"}],"about":[{"href":"https:\/\/www.bonberenea.com\/es\/wp-json\/wp\/v2\/types\/product"}],"wp:featuredmedia":[{"embeddable":true,"href":"https:\/\/www.bonberenea.com\/es\/wp-json\/wp\/v2\/media\/24639"}],"wp:attachment":[{"href":"https:\/\/www.bonberenea.com\/es\/wp-json\/wp\/v2\/media?parent=24643"}],"wp:term":[{"taxonomy":"product_cat","embeddable":true,"href":"https:\/\/www.bonberenea.com\/es\/wp-json\/wp\/v2\/product_cat?post=24643"},{"taxonomy":"product_tag","embeddable":true,"href":"https:\/\/www.bonberenea.com\/es\/wp-json\/wp\/v2\/product_tag?post=24643"}],"curies":[{"name":"wp","href":"https:\/\/api.w.org\/{rel}","templated":true}]}}