{"id":24642,"date":"2016-11-22T18:58:09","date_gmt":"2016-11-22T16:58:09","guid":{"rendered":"https:\/\/www.bonberenea.com\/?post_type=product&#038;p=24642"},"modified":"2017-01-14T19:06:54","modified_gmt":"2017-01-14T17:06:54","slug":"kamusuda-ordu-erdia-51n","status":"publish","type":"product","link":"https:\/\/www.bonberenea.com\/es\/online-denda\/kamusuda-ordu-erdia-51n\/","title":{"rendered":"Kamusuda &#038; Ordu Erdia 51n"},"content":{"rendered":"<p><img decoding=\"async\" class=\"alignnone size-full wp-image-24635\" src=\"https:\/\/bonberenea.com\/wp-content\/uploads\/2016\/11\/Kamusadaordueredia-51n-banner.jpg\" alt=\"kamusadaordueredia-51n-banner\" width=\"1662\" height=\"640\" srcset=\"https:\/\/www.bonberenea.com\/wp-content\/uploads\/2016\/11\/Kamusadaordueredia-51n-banner.jpg 1662w, https:\/\/www.bonberenea.com\/wp-content\/uploads\/2016\/11\/Kamusadaordueredia-51n-banner-300x116.jpg 300w, https:\/\/www.bonberenea.com\/wp-content\/uploads\/2016\/11\/Kamusadaordueredia-51n-banner-768x296.jpg 768w, https:\/\/www.bonberenea.com\/wp-content\/uploads\/2016\/11\/Kamusadaordueredia-51n-banner-1024x394.jpg 1024w, https:\/\/www.bonberenea.com\/wp-content\/uploads\/2016\/11\/Kamusadaordueredia-51n-banner-890x343.jpg 890w, https:\/\/www.bonberenea.com\/wp-content\/uploads\/2016\/11\/Kamusadaordueredia-51n-banner-663x255.jpg 663w\" sizes=\"(max-width: 1662px) 100vw, 1662px\" \/><\/p>\n<p>Corr\u00eda el a\u00f1o 2015 cuando GALDER IZAGIRRE y FER \u201cAPOA\u201d por aquel entonces bater\u00eda y voz de los desaparecidos KURAIA, deciden unir esfuerzos tambi\u00e9n fuera del escenario, y fusionar las fotos de uno junto a los textos y poemas del otro. A ellos se unir\u00eda ayud\u00e1ndoles con las traducciones y correcciones ASIER ZULUETA.<\/p>\n<p>De la primera colaboraci\u00f3n naci\u00f3 el libro KAMUSADA donde GALDER puso sus fotos a un viejo poema llamado \u201cDesencanto\u201d, escrito por FER a principios de los a\u00f1os 90, y que estaba incluido en un peque\u00f1o libro autoeditado en 2006 llamado \u201cTribolog\u00eda del Desencanto\u201d.<\/p>\n<p><img decoding=\"async\" class=\"alignnone size-full wp-image-24636\" src=\"https:\/\/bonberenea.com\/wp-content\/uploads\/2016\/11\/kamusadaorduerdia-51n-argazkia.jpg\" alt=\"kamusadaorduerdia-51n-argazkia\" width=\"702\" height=\"482\" srcset=\"https:\/\/www.bonberenea.com\/wp-content\/uploads\/2016\/11\/kamusadaorduerdia-51n-argazkia.jpg 702w, https:\/\/www.bonberenea.com\/wp-content\/uploads\/2016\/11\/kamusadaorduerdia-51n-argazkia-300x206.jpg 300w, https:\/\/www.bonberenea.com\/wp-content\/uploads\/2016\/11\/kamusadaorduerdia-51n-argazkia-663x455.jpg 663w\" sizes=\"(max-width: 702px) 100vw, 702px\" \/><\/p>\n<p>En la segunda colaboraci\u00f3n la formula vari\u00f3, y esta vez fue FER quien le puso letra a las fotos que GLADER hab\u00eda realizado en la ciudad Rumana de Brasov en uno de sus viajes por Europa. El resultado fue \u201cMEDIA HORA EN EL 51\u201d, una r\u00e1faga de im\u00e1genes captadas discretamente por GALDER durante media hora desde una ventana abierta a una de las realidades del Mundo. Una realidad g\u00e9lida, silenciosa y cruda captada por un francotirador que busca retratar a las personas para hacerlas eternas, y no dispara para acabar con ellas.<\/p>\n<p>Ahora ambos proyectos , se han convertido en dos libros que salen a la luz gracias a la ayuda de BONBERENEA EKINTZAK que son quienes los editan, y ayudan a los cuales ha sido posible hacer esto realidad.<\/p>\n<p><strong>Contacto:<\/strong><br \/>\nsapporo1970@hotmail.com<\/p>","protected":false},"excerpt":{"rendered":"<p>Corr\u00eda el a\u00f1o 2015 cuando GALDER IZAGIRRE y FER \u201cAPOA\u201d por aquel entonces bater\u00eda y voz de los desaparecidos KURAIA, deciden unir esfuerzos tambi\u00e9n fuera del escenario, y fusionar las fotos de uno junto a los textos y poemas del [&hellip;]<\/p>\n","protected":false},"featured_media":24637,"template":"","meta":{"_exactmetrics_skip_tracking":false,"_exactmetrics_sitenote_active":false,"_exactmetrics_sitenote_note":"","_exactmetrics_sitenote_category":0},"product_cat":[148],"product_tag":[507,442,205,513,514],"_links":{"self":[{"href":"https:\/\/www.bonberenea.com\/es\/wp-json\/wp\/v2\/product\/24642"}],"collection":[{"href":"https:\/\/www.bonberenea.com\/es\/wp-json\/wp\/v2\/product"}],"about":[{"href":"https:\/\/www.bonberenea.com\/es\/wp-json\/wp\/v2\/types\/product"}],"wp:featuredmedia":[{"embeddable":true,"href":"https:\/\/www.bonberenea.com\/es\/wp-json\/wp\/v2\/media\/24637"}],"wp:attachment":[{"href":"https:\/\/www.bonberenea.com\/es\/wp-json\/wp\/v2\/media?parent=24642"}],"wp:term":[{"taxonomy":"product_cat","embeddable":true,"href":"https:\/\/www.bonberenea.com\/es\/wp-json\/wp\/v2\/product_cat?post=24642"},{"taxonomy":"product_tag","embeddable":true,"href":"https:\/\/www.bonberenea.com\/es\/wp-json\/wp\/v2\/product_tag?post=24642"}],"curies":[{"name":"wp","href":"https:\/\/api.w.org\/{rel}","templated":true}]}}