{"id":24498,"date":"2016-11-08T19:31:54","date_gmt":"2016-11-08T17:31:54","guid":{"rendered":"https:\/\/www.bonberenea.com\/?post_type=product&#038;p=24498"},"modified":"2016-11-22T18:55:42","modified_gmt":"2016-11-22T16:55:42","slug":"adi","status":"publish","type":"product","link":"https:\/\/www.bonberenea.com\/es\/online-denda\/adi\/","title":{"rendered":"Adi!"},"content":{"rendered":"<p><img decoding=\"async\" class=\"alignnone wp-image-24493\" src=\"https:\/\/bonberenea.com\/wp-content\/uploads\/2016\/10\/BANNER-ADI.jpg\" alt=\"Adi!\" width=\"794\" height=\"281\" srcset=\"https:\/\/www.bonberenea.com\/wp-content\/uploads\/2016\/10\/BANNER-ADI.jpg 1280w, https:\/\/www.bonberenea.com\/wp-content\/uploads\/2016\/10\/BANNER-ADI-300x106.jpg 300w, https:\/\/www.bonberenea.com\/wp-content\/uploads\/2016\/10\/BANNER-ADI-768x272.jpg 768w, https:\/\/www.bonberenea.com\/wp-content\/uploads\/2016\/10\/BANNER-ADI-1024x362.jpg 1024w, https:\/\/www.bonberenea.com\/wp-content\/uploads\/2016\/10\/BANNER-ADI-890x315.jpg 890w, https:\/\/www.bonberenea.com\/wp-content\/uploads\/2016\/10\/BANNER-ADI-663x235.jpg 663w\" sizes=\"(max-width: 794px) 100vw, 794px\" \/><\/p>\n<p>Como reza el nombre de este proyecto, \u201cadi!\u201d que significa <em>atento,<\/em> hay que estar atento; atento a los futuros conciertos, atento por pasi\u00f3n y atento a la m\u00fasica. Este \u201cMaxi-CD\u201d se compone de cinco canciones del m\u00fasico Jon Urbizu, y no, no solo es m\u00fasica. Este es el primer trabajo del m\u00fasico en este formato y aunque ya ha pasado varias veces por el estudio de grabaci\u00f3n como participe de Bonberenea Txaranga, en este trabajo, se ha dejado cuerpo y alma, mente y ganas, esfuerzo e ilusi\u00f3n; este trabajo, es suyo. Saxofonista ac\u00e9rrimo y alumno de las mejores escuelas de jazz, no ha dejado sus referencias a un lado para ponerse a grabar bajo la direcci\u00f3n de Mikel Zelaia.<\/p>\n<p>A\u00fan y todo ha habido un gran trabajo buscando nuevas referencias para \u00e9l, referencias para encontrar un sonido mas crudo, para unir jazz y rock; en un hermanamiento de por s\u00ed nada f\u00e1cil. Para esto Jon Urbizu cuenta con la ayuda de tres enormes m\u00fasicos: Iker Pando(Glaukoma), Mariano Urtado (Anari, Inoren ero ni) y Antton Telleria. El percusionista Xabier Beldarrain y el saxofonista Jon Arruebarrena tambien han colaborado en el estudio. Este cocktail de m\u00fasicos ha provocado un acercamiento a otros estilos y la creaci\u00f3n de un sonido propio que tanto necesita un proyecto tan personal como este. La uni\u00f3n de tantas ideas se basa en el jazz, elemento central para el m\u00fasico y enseguida das cuenta de que es un trabajo bien hecho.<\/p>\n<p><img decoding=\"async\" class=\"alignnone size-full wp-image-24403\" src=\"https:\/\/bonberenea.com\/wp-content\/uploads\/2016\/10\/Adi_web.jpg\" alt=\"ADI!\" width=\"886\" height=\"589\" srcset=\"https:\/\/www.bonberenea.com\/wp-content\/uploads\/2016\/10\/Adi_web.jpg 886w, https:\/\/www.bonberenea.com\/wp-content\/uploads\/2016\/10\/Adi_web-300x199.jpg 300w, https:\/\/www.bonberenea.com\/wp-content\/uploads\/2016\/10\/Adi_web-768x511.jpg 768w, https:\/\/www.bonberenea.com\/wp-content\/uploads\/2016\/10\/Adi_web-663x441.jpg 663w\" sizes=\"(max-width: 886px) 100vw, 886px\" \/><\/p>\n<p>Por otra parte, es un trabajo terap\u00e9utico; es un trabajo creado para acabar con los demonios interiores del m\u00fasico de Bonberenea. Ha querido plasmar diferentes acontecimientos y vivencias de distintas \u00e9pocas de su vida personal y justo ese, es el eje del dise\u00f1o de toda esta obra. En un as\u00e9ptico blanco y negro, nos muestra una forma maniquea de entender el mundo. Solo dos caminos: la luz y la oscuridad.<\/p>\n<p>La luz es justo lo que Jon Urbizu busca con este trabajo luchando contra su oscuridad interior. No hay nada en el album que no sea personal y todo lo vivido y acontecido hasta ese disco ha contribuido a la creaci\u00f3n de ese punto de vista extremo. Miedo, pasi\u00f3n, sue\u00f1os, ilusi\u00f3n y depresi\u00f3n son emociones que ciclicamente todos tenemos, y de eso trata este album: de seguridad y de miedo. Seguridad de saber que lo que est\u00e1 haciendo es m\u00fasica de calidad y miedo a lo que el futuro pueda depararle. Escuchar este trabajo es conocer a Jon Urbizu, poreso es una grado para los que valoran una m\u00fasica personal y original. Una oportunidad perfecta para acercarse al punto de vista de este jazzman.<\/p>\n<audio class=\"wp-audio-shortcode\" id=\"audio-24498-2\" preload=\"none\" style=\"width: 100%;\" controls=\"controls\"><source type=\"audio\/mpeg\" src=\"https:\/\/bonberenea.com\/wp-content\/uploads\/2016\/10\/Adi-Gabon.mp3?_=2\" \/><a href=\"https:\/\/bonberenea.com\/wp-content\/uploads\/2016\/10\/Adi-Gabon.mp3\">https:\/\/bonberenea.com\/wp-content\/uploads\/2016\/10\/Adi-Gabon.mp3<\/a><\/audio>\n<p><strong>Contacto<\/strong><br \/>\nJon 688608362<br \/>\nJonurbizu@gmail.com<\/p>","protected":false},"excerpt":{"rendered":"<p>Como reza el nombre de este proyecto, \u201cadi!\u201d que significa atento, hay que estar atento; atento a los futuros conciertos, atento por pasi\u00f3n y atento a la m\u00fasica. Este \u201cMaxi-CD\u201d se compone de cinco canciones del m\u00fasico Jon Urbizu, y [&hellip;]<\/p>\n","protected":false},"featured_media":24408,"template":"","meta":{"_exactmetrics_skip_tracking":false,"_exactmetrics_sitenote_active":false,"_exactmetrics_sitenote_note":"","_exactmetrics_sitenote_category":0},"product_cat":[496],"product_tag":[507,511,442,205],"_links":{"self":[{"href":"https:\/\/www.bonberenea.com\/es\/wp-json\/wp\/v2\/product\/24498"}],"collection":[{"href":"https:\/\/www.bonberenea.com\/es\/wp-json\/wp\/v2\/product"}],"about":[{"href":"https:\/\/www.bonberenea.com\/es\/wp-json\/wp\/v2\/types\/product"}],"wp:featuredmedia":[{"embeddable":true,"href":"https:\/\/www.bonberenea.com\/es\/wp-json\/wp\/v2\/media\/24408"}],"wp:attachment":[{"href":"https:\/\/www.bonberenea.com\/es\/wp-json\/wp\/v2\/media?parent=24498"}],"wp:term":[{"taxonomy":"product_cat","embeddable":true,"href":"https:\/\/www.bonberenea.com\/es\/wp-json\/wp\/v2\/product_cat?post=24498"},{"taxonomy":"product_tag","embeddable":true,"href":"https:\/\/www.bonberenea.com\/es\/wp-json\/wp\/v2\/product_tag?post=24498"}],"curies":[{"name":"wp","href":"https:\/\/api.w.org\/{rel}","templated":true}]}}