{"id":24495,"date":"2016-11-08T18:56:41","date_gmt":"2016-11-08T16:56:41","guid":{"rendered":"https:\/\/www.bonberenea.com\/?post_type=product&#038;p=24495"},"modified":"2016-11-08T19:20:26","modified_gmt":"2016-11-08T17:20:26","slug":"espanol-bonberenea-eclair","status":"publish","type":"product","link":"https:\/\/www.bonberenea.com\/es\/online-denda\/espanol-bonberenea-eclair\/","title":{"rendered":"Bonberenea \u00c9clair"},"content":{"rendered":"<p><\/p>\n<p class=\"p1\"><img decoding=\"async\" class=\"alignnone size-full wp-image-24291\" src=\"https:\/\/bonberenea.com\/wp-content\/uploads\/2016\/10\/Eclair-pastelak01-663x223.jpeg\" alt=\"eclair-pastelak01-663x223\" width=\"663\" height=\"223\" srcset=\"https:\/\/www.bonberenea.com\/wp-content\/uploads\/2016\/10\/Eclair-pastelak01-663x223.jpeg 663w, https:\/\/www.bonberenea.com\/wp-content\/uploads\/2016\/10\/Eclair-pastelak01-663x223-300x101.jpeg 300w\" sizes=\"(max-width: 663px) 100vw, 663px\" \/><\/p>\n<p>La fama del amor por el dulce del pueblo de Tolosa es conocida desde siempre, y son unos cuantos los que han llevado esa pasi\u00f3n hasta la \u00faltima frontera. Basta con mirar la oferta que hay en el pueblo con respecto a este tipo de artesan\u00eda. Siguiendo por ese camino, Bonberenea ha decidido presentar su trabajo en forma de dulce, y no es la primera vez. De hecho, han pasado 10 a\u00f1os desde que se publicara aquel pastel llamado \u201cBonberenea Suffl\u00e9\u201d. El que publican esta vez llevar\u00e1 por nombre \u201cBonberenea \u00c9clair\u201d, siguiendo la misma ruta trazada por el anterior pero con sabores, formas y texturas diferentes. Eso s\u00ed, sin ninguna duda de que ser\u00e1 rico y dulce.<\/p>\n<p><img decoding=\"async\" class=\"alignnone size-large wp-image-24270\" src=\"https:\/\/bonberenea.com\/wp-content\/uploads\/2016\/10\/banner-ECLAIR-taldeak-DVD-1024x362.jpg\" alt=\"banner-eclair-taldeak-dvd\" width=\"1024\" height=\"362\" srcset=\"https:\/\/www.bonberenea.com\/wp-content\/uploads\/2016\/10\/banner-ECLAIR-taldeak-DVD-1024x362.jpg 1024w, https:\/\/www.bonberenea.com\/wp-content\/uploads\/2016\/10\/banner-ECLAIR-taldeak-DVD-300x106.jpg 300w, https:\/\/www.bonberenea.com\/wp-content\/uploads\/2016\/10\/banner-ECLAIR-taldeak-DVD-768x272.jpg 768w, https:\/\/www.bonberenea.com\/wp-content\/uploads\/2016\/10\/banner-ECLAIR-taldeak-DVD-890x315.jpg 890w, https:\/\/www.bonberenea.com\/wp-content\/uploads\/2016\/10\/banner-ECLAIR-taldeak-DVD-663x235.jpg 663w, https:\/\/www.bonberenea.com\/wp-content\/uploads\/2016\/10\/banner-ECLAIR-taldeak-DVD.jpg 1280w\" sizes=\"(max-width: 1024px) 100vw, 1024px\" \/><\/p>\n<p class=\"p3\">En colaboraci\u00f3n con el famoso artesano Rafa Gorrotxategi, ha sido suya la responsabilidad de dise\u00f1ar y crear los pastelitos que le dan nombre a este nuevo \u00e1lbum, cuya raz\u00f3n de ser es realizar un archivo de los grupos m\u00e1s significativos que han pasado por el gaztetxe entre 2012 y 2015. En formato DVD y utilizando los soportes audiovisuales m\u00e1s avanzados, todas las actuaciones en directo que se recogen han sido grabadas, mezcladas y masterizadas por los piromanos de casa y en casa. Esta vez, los pir\u00f3manos han querido mostrar los diferentes men\u00fas que se han cocinado en la casa. Como hace 10 a\u00f1os y colaborando con los mismos amigos.<\/p>\n<p><img decoding=\"async\" class=\"alignnone size-full wp-image-24290\" src=\"https:\/\/bonberenea.com\/wp-content\/uploads\/2016\/10\/Eclair-pastelak02-663x176.jpeg\" alt=\"eclair-pastelak02-663x176\" width=\"663\" height=\"176\" srcset=\"https:\/\/www.bonberenea.com\/wp-content\/uploads\/2016\/10\/Eclair-pastelak02-663x176.jpeg 663w, https:\/\/www.bonberenea.com\/wp-content\/uploads\/2016\/10\/Eclair-pastelak02-663x176-300x80.jpeg 300w\" sizes=\"(max-width: 663px) 100vw, 663px\" \/><\/p>\n<p>Belako, Anestesia, Estricalla, No More Lies, Bonberenea Txaranga, Nueva Vulcano, Glaukoma, Columpio Asesino, Viva Belgrado&#8230;Muchas bandas de estilos diferentes actuando en directo en Bonberenea. Todas en el mismo escenario y con su energ\u00eda y fuerza particulares. En el fondo, los pir\u00f3manos han querido dejar una huella para el futuro. Que el tiempo no borre un legado semejante. Al igual que lo hiciera el \u201cSuffl\u00e9\u201d hace 10 a\u00f1os, este \u201c\u00cbclair\u201d ofrece una foto din\u00e1mica de una \u00e9poca concreta de la m\u00fasica en Euskal Herria, que quedar\u00e1 reflejada para siempre.<\/p>\n<p>Formado por 20 canciones, podr\u00e1s hacerte con \u00e9l a partir del 5 de noviembre en Bonberenea, en esta misma p\u00e1gina web y en los habituales puntos de distribuci\u00f3n. Que aproveche!<\/p>\n<p><iframe width=\"500\" height=\"281\" src=\"https:\/\/www.youtube.com\/embed\/MU3S-4rjwzg?feature=oembed\" frameborder=\"0\" allowfullscreen><\/iframe><\/p>\n<p><strong>Contacto:<br \/>\n<\/strong>www.bonberenea.com<br \/>\ninfo@bonberenea.com<\/p>","protected":false},"excerpt":{"rendered":"<p>La fama del amor por el dulce del pueblo de Tolosa es conocida desde siempre, y son unos cuantos los que han llevado esa pasi\u00f3n hasta la \u00faltima frontera. Basta con mirar la oferta que hay en el pueblo con [&hellip;]<\/p>\n","protected":false},"featured_media":24496,"template":"","meta":{"_exactmetrics_skip_tracking":false,"_exactmetrics_sitenote_active":false,"_exactmetrics_sitenote_note":"","_exactmetrics_sitenote_category":0},"product_cat":[448],"product_tag":[507,442,510,205],"_links":{"self":[{"href":"https:\/\/www.bonberenea.com\/es\/wp-json\/wp\/v2\/product\/24495"}],"collection":[{"href":"https:\/\/www.bonberenea.com\/es\/wp-json\/wp\/v2\/product"}],"about":[{"href":"https:\/\/www.bonberenea.com\/es\/wp-json\/wp\/v2\/types\/product"}],"wp:featuredmedia":[{"embeddable":true,"href":"https:\/\/www.bonberenea.com\/es\/wp-json\/wp\/v2\/media\/24496"}],"wp:attachment":[{"href":"https:\/\/www.bonberenea.com\/es\/wp-json\/wp\/v2\/media?parent=24495"}],"wp:term":[{"taxonomy":"product_cat","embeddable":true,"href":"https:\/\/www.bonberenea.com\/es\/wp-json\/wp\/v2\/product_cat?post=24495"},{"taxonomy":"product_tag","embeddable":true,"href":"https:\/\/www.bonberenea.com\/es\/wp-json\/wp\/v2\/product_tag?post=24495"}],"curies":[{"name":"wp","href":"https:\/\/api.w.org\/{rel}","templated":true}]}}