{"id":23980,"date":"2016-08-29T17:19:53","date_gmt":"2016-08-29T16:19:53","guid":{"rendered":"https:\/\/www.bonberenea.com\/?post_type=product&#038;p=23980"},"modified":"2021-11-19T19:49:39","modified_gmt":"2021-11-19T18:49:39","slug":"belarminak-haztearen-izerdia","status":"publish","type":"product","link":"https:\/\/www.bonberenea.com\/es\/online-denda\/belarminak-haztearen-izerdia\/","title":{"rendered":"Belarmi\u00f1ak &#8211; Haztearen izerdia"},"content":{"rendered":"<p><\/p>\n<p style=\"text-align: justify;\"><img decoding=\"async\" class=\"alignnone size-large wp-image-23800\" src=\"https:\/\/bonberenea.com\/wp-content\/uploads\/2016\/06\/13502608_1175245575858943_527933838445827383_o-1024x362.jpg\" alt=\"13502608_1175245575858943_527933838445827383_o\" width=\"1024\" height=\"362\" srcset=\"https:\/\/www.bonberenea.com\/wp-content\/uploads\/2016\/06\/13502608_1175245575858943_527933838445827383_o-1024x362.jpg 1024w, https:\/\/www.bonberenea.com\/wp-content\/uploads\/2016\/06\/13502608_1175245575858943_527933838445827383_o-300x106.jpg 300w, https:\/\/www.bonberenea.com\/wp-content\/uploads\/2016\/06\/13502608_1175245575858943_527933838445827383_o-768x272.jpg 768w, https:\/\/www.bonberenea.com\/wp-content\/uploads\/2016\/06\/13502608_1175245575858943_527933838445827383_o-890x315.jpg 890w, https:\/\/www.bonberenea.com\/wp-content\/uploads\/2016\/06\/13502608_1175245575858943_527933838445827383_o-663x235.jpg 663w, https:\/\/www.bonberenea.com\/wp-content\/uploads\/2016\/06\/13502608_1175245575858943_527933838445827383_o.jpg 1280w\" sizes=\"(max-width: 1024px) 100vw, 1024px\" \/><\/p>\n<p style=\"text-align: justify;\">Los temas de Belarmi\u00f1ak destilan gran energia, vigor y pasi\u00f3n. Son temas con matices power pop y rock and roll, con mucha fuerza, y suavidad, al mismo tiempo, adornados con bonitas melod\u00edas.<\/p>\n<p style=\"text-align: justify;\">Los miembros del grupo Belarmi\u00f1ak Iki Poliki (guitarra y voz), E\u00f1aut Maiz (bajo y voz), Ilargi Agirre (bateria) y Joxi Ubeda (guitarra y voz) han contado con la estimable ayuda de Karlos Osinaga y Leire Zumeta para completar su primer disco. El maestro Karlos Osinaga ha realizado un excelente trabajo en la grabaci\u00f3n, mezclas y masterizaci\u00f3n, tambi\u00e9n ha tocado la guitarra, y Leire Zumeta ha cantado con su hermosa voz haciendo los coros de varios temas.<\/p>\n<p style=\"text-align: justify;\">Antes de formar Belarmi\u00f1ak en 2013 los miembros del grupo han tocado en otras formaciones: Lobo Electrico, Tortura Sistematika, Bukaera, Batzuk, Tanta, Hard Maon, Perros Deshidratados&#8230; Ilargi tambi\u00e9n toca en los grupos Perlak y Screaming George and the Hustlers. Durante estos a\u00f1os, Leire Zumeta, trikitilari y cantante del grupo Iratzar,\u00a0\u00a0tambien ha tocado con Belarmi\u00f1ak el acorde\u00f3n diat\u00f3nico.<\/p>\n<p><img decoding=\"async\" class=\"alignnone size-full wp-image-23759\" src=\"https:\/\/bonberenea.com\/wp-content\/uploads\/2016\/06\/Belarminak-web.jpg\" alt=\"Belarminak-web\" width=\"886\" height=\"589\" srcset=\"https:\/\/www.bonberenea.com\/wp-content\/uploads\/2016\/06\/Belarminak-web.jpg 886w, https:\/\/www.bonberenea.com\/wp-content\/uploads\/2016\/06\/Belarminak-web-300x199.jpg 300w, https:\/\/www.bonberenea.com\/wp-content\/uploads\/2016\/06\/Belarminak-web-768x511.jpg 768w, https:\/\/www.bonberenea.com\/wp-content\/uploads\/2016\/06\/Belarminak-web-663x441.jpg 663w\" sizes=\"(max-width: 886px) 100vw, 886px\" \/><\/p>\n<p style=\"text-align: justify;\">El grupo Belarmi\u00f1ak ha realizado varias actuaciones en directo en su corta trayectoria. En las salas Gazteszena de Donostia-San Sebasti\u00e1n y Leidor de Tolosa, en Bonberenea, en el club musical Le Bukowski de Donostia, en la fiesta Kilometroak de 2013 en Tolosa, en las fiestas del barrio Azkue de Ibarra, en el gaztetxe de Larrabetzu, y en varios bares y asociaciones culturales de Tolosa, Ibarra y Alegia. En dichas actuaciones han compartido cartel con Bide Ertzean, Xabier Montoia, Morau, MMa, I\u00f1igo Cabezafuego, Desordutan, Lain, Garazi Esnaola eta Garazi Egiguren, Azkaiter Pelox, The Romanticos, Tortura Sistematika, RAS y otros grupos.<\/p>\n<p style=\"text-align: justify;\">En 2014 grabaron varias canciones y las subieron a la plataforma de Internet bandcamp (belarmi-ak.bandcamp.com). Feko (RAS) se ocup\u00f3 de la grabaci\u00f3n, y los temas los interpretaron Iki Poliki (guitarra ac\u00fastica y el\u00e9ctrica, percusiones y voz), Leire Zumeta (acorde\u00f3n diat\u00f3nico y voz), Joxi Ubeda (guitarra ac\u00fastica y voz) y Garrulo Cadaver (percusiones).<\/p>\n<p style=\"text-align: justify;\">Al principio, el grupo Belarmi\u00f1ak mediante sus canciones creaba ambientes ac\u00fasticos y conmovedores,\u00a0\u00a0para dar a conocer los mundos interiores, sentimientos, emociones, dudas e inquietudes de sus componentes. La mayor\u00eda de los temas eran suaves y\u00a0\u00a0sosegados pero tambi\u00e9n interpretaban otros temas que eran m\u00e1s vivos e intensos. En los temas se pod\u00edan percibir toques pop, rock y folk. Ahora tocan con m\u00e1s fuerza, con dos guitarras el\u00e9ctricas, bajo el\u00e9ctrico y bater\u00eda, y est\u00e1n deseando presentar los temas de su primer disco en actuaciones en directo.<\/p>\n<p style=\"text-align: justify;\"><strong>\u00a0Contacto:<\/strong><br \/>\n669-83 91 66 (Iker)<br \/>\nbelarminakband@gmail.com<\/p>\n<p><\/p>","protected":false},"excerpt":{"rendered":"<p>Los temas de Belarmi\u00f1ak destilan gran energia, vigor y pasi\u00f3n. Son temas con matices power pop y rock and roll, con mucha fuerza, y suavidad, al mismo tiempo, adornados con bonitas melod\u00edas. Los miembros del grupo Belarmi\u00f1ak Iki Poliki (guitarra [&hellip;]<\/p>\n","protected":false},"featured_media":24497,"template":"","meta":{"_exactmetrics_skip_tracking":false,"_exactmetrics_sitenote_active":false,"_exactmetrics_sitenote_note":"","_exactmetrics_sitenote_category":0},"product_cat":[135],"product_tag":[507,442,509,205],"_links":{"self":[{"href":"https:\/\/www.bonberenea.com\/es\/wp-json\/wp\/v2\/product\/23980"}],"collection":[{"href":"https:\/\/www.bonberenea.com\/es\/wp-json\/wp\/v2\/product"}],"about":[{"href":"https:\/\/www.bonberenea.com\/es\/wp-json\/wp\/v2\/types\/product"}],"wp:featuredmedia":[{"embeddable":true,"href":"https:\/\/www.bonberenea.com\/es\/wp-json\/wp\/v2\/media\/24497"}],"wp:attachment":[{"href":"https:\/\/www.bonberenea.com\/es\/wp-json\/wp\/v2\/media?parent=23980"}],"wp:term":[{"taxonomy":"product_cat","embeddable":true,"href":"https:\/\/www.bonberenea.com\/es\/wp-json\/wp\/v2\/product_cat?post=23980"},{"taxonomy":"product_tag","embeddable":true,"href":"https:\/\/www.bonberenea.com\/es\/wp-json\/wp\/v2\/product_tag?post=23980"}],"curies":[{"name":"wp","href":"https:\/\/api.w.org\/{rel}","templated":true}]}}