{"id":23434,"date":"2016-04-25T17:29:35","date_gmt":"2016-04-25T16:29:35","guid":{"rendered":"https:\/\/www.bonberenea.com\/?post_type=product&#038;p=23434"},"modified":"2018-01-19T20:06:08","modified_gmt":"2018-01-19T19:06:08","slug":"glaukoma-vol-1-vol-2","status":"publish","type":"product","link":"https:\/\/www.bonberenea.com\/es\/online-denda\/glaukoma-vol-1-vol-2\/","title":{"rendered":"Glaukoma Vol.1 + Vol.2"},"content":{"rendered":"<p><img decoding=\"async\" class=\"alignnone size-full wp-image-23432\" src=\"https:\/\/bonberenea.com\/wp-content\/uploads\/2016\/04\/Glaukomapack_banner.jpg\" alt=\"Glaukomapack_banner\" width=\"1600\" height=\"566\" srcset=\"https:\/\/www.bonberenea.com\/wp-content\/uploads\/2016\/04\/Glaukomapack_banner.jpg 1600w, https:\/\/www.bonberenea.com\/wp-content\/uploads\/2016\/04\/Glaukomapack_banner-300x106.jpg 300w, https:\/\/www.bonberenea.com\/wp-content\/uploads\/2016\/04\/Glaukomapack_banner-768x272.jpg 768w, https:\/\/www.bonberenea.com\/wp-content\/uploads\/2016\/04\/Glaukomapack_banner-1024x362.jpg 1024w, https:\/\/www.bonberenea.com\/wp-content\/uploads\/2016\/04\/Glaukomapack_banner-890x315.jpg 890w, https:\/\/www.bonberenea.com\/wp-content\/uploads\/2016\/04\/Glaukomapack_banner-663x235.jpg 663w\" sizes=\"(max-width: 1600px) 100vw, 1600px\" \/>\u00a0El pr\u00f3ximo 25 de abril, Glaukoma y Bonberenea Ekintzak publicar\u00e1n un &#8220;pack&#8221; que contiene los discos Vol.1 y Vol.2. Habi\u00e9ndose agotado la edici\u00f3n anterior, el objetivo es seguir ofreciendo la opci\u00f3n de tener ambos discos en formato f\u00edsico. Con un dise\u00f1o \u00fanico y renovado, tendr\u00e1 un precio de 10\u20ac y se podr\u00e1 adquirir escribiendo a la direcci\u00f3n\u00a0denda@bonberenea.com, en Bonberenea y en los conciertos que ofrecer\u00e1 Glaukoma.<\/p>\n<p>P.D: Recuerda que puedes adquirir los dos discos en descarga libre en la p\u00e1gina\u00a0www.glaukomaband.com<\/p>\n<p><img decoding=\"async\" class=\"alignnone size-full wp-image-23431\" src=\"https:\/\/bonberenea.com\/wp-content\/uploads\/2016\/04\/Glaukomapromo_web.jpg\" alt=\"Glaukomapromo_web\" width=\"631\" height=\"486\" srcset=\"https:\/\/www.bonberenea.com\/wp-content\/uploads\/2016\/04\/Glaukomapromo_web.jpg 631w, https:\/\/www.bonberenea.com\/wp-content\/uploads\/2016\/04\/Glaukomapromo_web-300x231.jpg 300w\" sizes=\"(max-width: 631px) 100vw, 631px\" \/><\/p>\n<p><strong>Contacto:<\/strong><a href=\"mailto:glaukomaband@gmail.com\"><br \/>\n<\/a>glaukomaband@gmail.com<br \/>\n647024034 (Julen)<\/p>","protected":false},"excerpt":{"rendered":"<p>\u00a0El pr\u00f3ximo 25 de abril, Glaukoma y Bonberenea Ekintzak publicar\u00e1n un &#8220;pack&#8221; que contiene los discos Vol.1 y Vol.2. Habi\u00e9ndose agotado la edici\u00f3n anterior, el objetivo es seguir ofreciendo la opci\u00f3n de tener ambos discos en formato f\u00edsico. Con un [&hellip;]<\/p>\n","protected":false},"featured_media":23428,"template":"","meta":{"_exactmetrics_skip_tracking":false,"_exactmetrics_sitenote_active":false,"_exactmetrics_sitenote_note":"","_exactmetrics_sitenote_category":0},"product_cat":[453],"product_tag":[507,442,205,449],"_links":{"self":[{"href":"https:\/\/www.bonberenea.com\/es\/wp-json\/wp\/v2\/product\/23434"}],"collection":[{"href":"https:\/\/www.bonberenea.com\/es\/wp-json\/wp\/v2\/product"}],"about":[{"href":"https:\/\/www.bonberenea.com\/es\/wp-json\/wp\/v2\/types\/product"}],"wp:featuredmedia":[{"embeddable":true,"href":"https:\/\/www.bonberenea.com\/es\/wp-json\/wp\/v2\/media\/23428"}],"wp:attachment":[{"href":"https:\/\/www.bonberenea.com\/es\/wp-json\/wp\/v2\/media?parent=23434"}],"wp:term":[{"taxonomy":"product_cat","embeddable":true,"href":"https:\/\/www.bonberenea.com\/es\/wp-json\/wp\/v2\/product_cat?post=23434"},{"taxonomy":"product_tag","embeddable":true,"href":"https:\/\/www.bonberenea.com\/es\/wp-json\/wp\/v2\/product_tag?post=23434"}],"curies":[{"name":"wp","href":"https:\/\/api.w.org\/{rel}","templated":true}]}}