{"id":23317,"date":"2014-09-06T15:16:25","date_gmt":"2014-09-06T14:16:25","guid":{"rendered":"https:\/\/www.bonberenea.com\/?post_type=product&#038;p=23317"},"modified":"2016-04-17T00:04:16","modified_gmt":"2016-04-16T23:04:16","slug":"zea-mays-morphina","status":"publish","type":"product","link":"https:\/\/www.bonberenea.com\/es\/online-denda\/zea-mays-morphina\/","title":{"rendered":"Zea Mays &#8211; Morphina"},"content":{"rendered":"<p>La identidad de Zea Mays est\u00e1 establecida, aunque se inspiren en nuevos estilos y diferentes sonidos. Estructurados en una s\u00f3lida base r\u00edtmica, se enriquecen con una guitarra mordaz. Y a todo eso hay que sumar una voz brillante.<\/p>\n<p>La propuesta musical de Bilbo es un regalo espl\u00e9ndido para los amantes de la m\u00fasica, como cada disco que publican.<\/p>\n<p>Hay algo que se puede nombrar, pero no explicar: la qu\u00edmica musical. En \u00e9ste sentido el grupo lleg\u00f3 a su propio techo con el anterior disco. Y para seguir en el mismo estado. Morphina es un disco muy trabajado.<\/p>\n<p>Es profundo, lleno de nudos. Su m\u00fasica est\u00e1 llena de curvas, en las primeras escuchas requiere atenci\u00f3n especial. Es entonces cuando, en la segunda o tercera escucha, se desatan los nudos. Llega la luz. Es el momento en el que has interiorizado el disco, el momento que te ha atrapado\u2026 y te engancha de lleno.<\/p>\n<p><a href=\"https:\/\/bonberenea.com\/wp-content\/uploads\/2014\/09\/Zea-mays-morphina-foto.jpg\"><img decoding=\"async\" class=\"wp-image-4717 aligncenter\" src=\"https:\/\/bonberenea.com\/wp-content\/uploads\/2014\/09\/Zea-mays-morphina-foto-1024x682.jpg\" alt=\"Zea mays morphina foto\" width=\"660\" height=\"440\" srcset=\"https:\/\/www.bonberenea.com\/wp-content\/uploads\/2014\/09\/Zea-mays-morphina-foto-1024x682.jpg 1024w, https:\/\/www.bonberenea.com\/wp-content\/uploads\/2014\/09\/Zea-mays-morphina-foto-300x200.jpg 300w, https:\/\/www.bonberenea.com\/wp-content\/uploads\/2014\/09\/Zea-mays-morphina-foto-890x593.jpg 890w, https:\/\/www.bonberenea.com\/wp-content\/uploads\/2014\/09\/Zea-mays-morphina-foto-663x441.jpg 663w, https:\/\/www.bonberenea.com\/wp-content\/uploads\/2014\/09\/Zea-mays-morphina-foto.jpg 1397w\" sizes=\"(max-width: 660px) 100vw, 660px\" \/><\/a><\/p>\n<p>Es el gran secreto de un buen disco. Si le dedicas tiempo y atenci\u00f3n, te regala minutos y minutos de placer continuado.<\/p>\n<p>El disco bajo el sello Bonberenea Ekintzak recoge doce nuevos temas y en la m isma edici\u00f3n un regalo de lujo: un DVD para conocer mejor el grupo. Destaca por encima de todo el concierto en directo grabado en el Kafe Antzokia de Bilbao. Contiene unos cuantos extras de m\u00e1s. Adem\u00e1s del euskara, en el nuevo disco utilizan el ingl\u00e9s. Concretamente en dos canciones. Este \u00faltimo p\u00e1rrafo es lo m\u00e1s superficial, seguramente la informaci\u00f3n m\u00e1s recurrente en los medios de comunicaci\u00f3n.<\/p>\n<p>Lo que no se publica es lo importante. El logro de \u00e9sta gran banda: el coraje de llegar al extremo con su m\u00fasica, la virtud de crear un \u00e1mbiente emocional con sus letras. Y como suele ocurrir en las salas de cine, la capacidad se sentirte por un tiempo fuera de \u00e9ste jodido mundo. Los seguidores de Zea Mays lo entienden as\u00ed. Hace tiempo que la banda conquist\u00f3 su mayor logro: ser queridos por sus seguidores. Ese es el mejor reconocimiento: aquel que se hace desde las entra\u00f1as, de coraz\u00f3n.<\/p>\n<p><strong>Contacto:<\/strong><br \/>\n<a href=\"mailto:info@zea-mays.com\">info@zea-mays.com<\/a><br \/>\n<a href=\"http:\/\/www.zea-mays.com\">www.zea-mays.com<\/a><br \/>\n<a href=\"https:\/\/bonberenea.com\">www.myspace.com\/zeamaysrock<\/a><br \/>\n<a href=\"https:\/\/bonberenea.com\">www.bonberenea.com<\/a><\/p>","protected":false},"excerpt":{"rendered":"<p>La identidad de Zea Mays est\u00e1 establecida, aunque se inspiren en nuevos estilos y diferentes sonidos. Estructurados en una s\u00f3lida base r\u00edtmica, se enriquecen con una guitarra mordaz. Y a todo eso hay que sumar una voz brillante. La propuesta [&hellip;]<\/p>\n","protected":false},"featured_media":23336,"template":"","meta":{"_exactmetrics_skip_tracking":false,"_exactmetrics_sitenote_active":false,"_exactmetrics_sitenote_note":"","_exactmetrics_sitenote_category":0},"product_cat":[134],"product_tag":[465,442,205,218],"_links":{"self":[{"href":"https:\/\/www.bonberenea.com\/es\/wp-json\/wp\/v2\/product\/23317"}],"collection":[{"href":"https:\/\/www.bonberenea.com\/es\/wp-json\/wp\/v2\/product"}],"about":[{"href":"https:\/\/www.bonberenea.com\/es\/wp-json\/wp\/v2\/types\/product"}],"wp:featuredmedia":[{"embeddable":true,"href":"https:\/\/www.bonberenea.com\/es\/wp-json\/wp\/v2\/media\/23336"}],"wp:attachment":[{"href":"https:\/\/www.bonberenea.com\/es\/wp-json\/wp\/v2\/media?parent=23317"}],"wp:term":[{"taxonomy":"product_cat","embeddable":true,"href":"https:\/\/www.bonberenea.com\/es\/wp-json\/wp\/v2\/product_cat?post=23317"},{"taxonomy":"product_tag","embeddable":true,"href":"https:\/\/www.bonberenea.com\/es\/wp-json\/wp\/v2\/product_tag?post=23317"}],"curies":[{"name":"wp","href":"https:\/\/api.w.org\/{rel}","templated":true}]}}