{"id":23316,"date":"2016-04-16T18:41:17","date_gmt":"2016-04-16T17:41:17","guid":{"rendered":"https:\/\/www.bonberenea.com\/?post_type=product&#038;p=23316"},"modified":"2021-11-19T19:50:07","modified_gmt":"2021-11-19T18:50:07","slug":"humus-adorez","status":"publish","type":"product","link":"https:\/\/www.bonberenea.com\/es\/online-denda\/humus-adorez\/","title":{"rendered":"Humus &#8211; Adorez"},"content":{"rendered":"<p><img decoding=\"async\" class=\"alignnone wp-image-23315 size-full\" src=\"https:\/\/bonberenea.com\/wp-content\/uploads\/2016\/03\/BANNER-HUMUS-ADOREZ-ONA-2.jpg\" alt=\"BANNER HUMUS ADOREZ\" width=\"2048\" height=\"724\" srcset=\"https:\/\/www.bonberenea.com\/wp-content\/uploads\/2016\/03\/BANNER-HUMUS-ADOREZ-ONA-2.jpg 2048w, https:\/\/www.bonberenea.com\/wp-content\/uploads\/2016\/03\/BANNER-HUMUS-ADOREZ-ONA-2-300x106.jpg 300w, https:\/\/www.bonberenea.com\/wp-content\/uploads\/2016\/03\/BANNER-HUMUS-ADOREZ-ONA-2-768x272.jpg 768w, https:\/\/www.bonberenea.com\/wp-content\/uploads\/2016\/03\/BANNER-HUMUS-ADOREZ-ONA-2-1024x362.jpg 1024w, https:\/\/www.bonberenea.com\/wp-content\/uploads\/2016\/03\/BANNER-HUMUS-ADOREZ-ONA-2-890x315.jpg 890w, https:\/\/www.bonberenea.com\/wp-content\/uploads\/2016\/03\/BANNER-HUMUS-ADOREZ-ONA-2-663x234.jpg 663w\" sizes=\"(max-width: 2048px) 100vw, 2048px\" \/>El grupo tolosarra Humus ha vuelto a pasar por el estudio. Tras una gira de m\u00e1s de 40 conciertos realizada con su anterior trabajo \u201cSaurius\u201d (Bonberenea Ekintzak, 2013), presentan su nuevo trabajo, titulado \u201cAdorez\u201d. Formado por 4 canciones, ha contado con la direcci\u00f3n de Karlos Osinaga en cuanto al sonido. Del dise\u00f1o se ha encargado el artista gr\u00e1fico Tzesne. Grabado en febrero de 2016, ver\u00e1 la luz en formato EP-CD, con el sello Bonberenea Ekintzak.<\/p>\n<p>Humus vuelve a sus ra\u00edces. Tal y como dice el titulo del disco, con valentia, de una manera cruda. Vuelven con una formaci\u00f3n de power trio: Natalia a la voz y el bajo, Mantxi a la guitarra y Aritz a la bater\u00eda. Como hemos dicho, traen una propuesta cruda, reflejando en el trabajo de estudio la fuerza y la intensidad que los componentes de la banda saben transmitir en los directos. Como ellos mismos dicen, su sitio es el escenario y vienen repletos de ganas de presentar \u201cAdorez\u201d en directo.<\/p>\n<p><img decoding=\"async\" class=\"alignnone wp-image-23313 size-full\" src=\"https:\/\/bonberenea.com\/wp-content\/uploads\/2016\/03\/BANNER-HUMUS-16-urte.jpg\" alt=\"BANNER HUMUS 16 urte\" width=\"2048\" height=\"724\" srcset=\"https:\/\/www.bonberenea.com\/wp-content\/uploads\/2016\/03\/BANNER-HUMUS-16-urte.jpg 2048w, https:\/\/www.bonberenea.com\/wp-content\/uploads\/2016\/03\/BANNER-HUMUS-16-urte-300x106.jpg 300w, https:\/\/www.bonberenea.com\/wp-content\/uploads\/2016\/03\/BANNER-HUMUS-16-urte-768x272.jpg 768w, https:\/\/www.bonberenea.com\/wp-content\/uploads\/2016\/03\/BANNER-HUMUS-16-urte-1024x362.jpg 1024w, https:\/\/www.bonberenea.com\/wp-content\/uploads\/2016\/03\/BANNER-HUMUS-16-urte-890x315.jpg 890w, https:\/\/www.bonberenea.com\/wp-content\/uploads\/2016\/03\/BANNER-HUMUS-16-urte-663x234.jpg 663w\" sizes=\"(max-width: 2048px) 100vw, 2048px\" \/><\/p>\n<p>La primera canci\u00f3n se titula\u00a0<em>Hemen gelditzen da\u00a0<\/em>y trata de la necesidad humana de perdonar y ser personados, aunque no sea un perd\u00f3n de verdad. La segunda,\u00a0<em>Gorde,\u00a0<\/em>habla de los sentimientos que las personas guardamos para nosotras mismas, en estos tiempos en los que parece que haya que compartirlo todo con los dem\u00e1s. En la tercera,\u00a0<em>Adorez<\/em>\u00a0(canci\u00f3n que da t\u00edtulo al disco), se plantea la batalla entre el miedo y la valent\u00eda. Para este tema han contado con la colaboraci\u00f3n de Juantxo (Glaukoma), acercando su propio estilo a ritmos de RAP. Por \u00faltimo, la canci\u00f3n\u00a0<em>Dutenari begira\u00a0<\/em>denuncia que vivimos pendientes de lo que hace, dice o tiene el resto.<\/p>\n<p>El sonido de Humus es tan crudo como sus letras. La banda ha sido capaz de reflejar su propia personalidad en 4 canciones, y el hecho de contar con un miembro menos no les ha producido ning\u00fan perjuicio. Es m\u00e1s: se puede decir que han ganado consistencia, una de las caracter\u00edsticas m\u00e1s patentes de este trabajo. Han sabido llevar al estudio la fuerza que consiguen en los directos y sabemos que la devolver\u00e1n al escenario. Estamos deseando disfrutar de este trabajo en los directos. Enhorabuena!<\/p>\n<p><img decoding=\"async\" class=\"alignnone size-full wp-image-23150\" src=\"https:\/\/bonberenea.com\/wp-content\/uploads\/2016\/03\/Humus-adorez-web.jpg\" alt=\"Humus Adorez\" width=\"886\" height=\"589\" srcset=\"https:\/\/www.bonberenea.com\/wp-content\/uploads\/2016\/03\/Humus-adorez-web.jpg 886w, https:\/\/www.bonberenea.com\/wp-content\/uploads\/2016\/03\/Humus-adorez-web-300x199.jpg 300w, https:\/\/www.bonberenea.com\/wp-content\/uploads\/2016\/03\/Humus-adorez-web-768x511.jpg 768w, https:\/\/www.bonberenea.com\/wp-content\/uploads\/2016\/03\/Humus-adorez-web-663x441.jpg 663w\" sizes=\"(max-width: 886px) 100vw, 886px\" \/><\/p>\n<p>TRACKLIST:<br \/>\n1-\u00a0<em>Hemen gelditzen da<br \/>\n<\/em>2-\u00a0<em>Gorde<br \/>\n<\/em>3-\u00a0<em>Adorez<br \/>\n<\/em>4-\u00a0<em>Dutenari begira<\/em><\/p>\n<div id=\"stcpDiv\">\n<p><strong>Contacto:<\/strong><br \/>\n<a href=\"mailto:Humusinside@gmail.com\">Humusinside@gmail.com<\/a><br \/>\n<a href=\"https:\/\/bonberenea.com\/bonberenea-ekintzak\/albums\/humus-saurius\/www.facebook.com\/humus.tolosa\">www.facebook.com\/humus.tolosa<\/a><br \/>\nMantxi: 656 726 164<\/p>\n<\/div>\n<p><\/p>","protected":false},"excerpt":{"rendered":"<p>El grupo tolosarra Humus ha vuelto a pasar por el estudio. Tras una gira de m\u00e1s de 40 conciertos realizada con su anterior trabajo \u201cSaurius\u201d (Bonberenea Ekintzak, 2013), presentan su nuevo trabajo, titulado \u201cAdorez\u201d. Formado por 4 canciones, ha contado [&hellip;]<\/p>\n","protected":false},"featured_media":23335,"template":"","meta":{"_exactmetrics_skip_tracking":false,"_exactmetrics_sitenote_active":false,"_exactmetrics_sitenote_note":"","_exactmetrics_sitenote_category":0},"product_cat":[135],"product_tag":[507,442,205,455],"_links":{"self":[{"href":"https:\/\/www.bonberenea.com\/es\/wp-json\/wp\/v2\/product\/23316"}],"collection":[{"href":"https:\/\/www.bonberenea.com\/es\/wp-json\/wp\/v2\/product"}],"about":[{"href":"https:\/\/www.bonberenea.com\/es\/wp-json\/wp\/v2\/types\/product"}],"wp:featuredmedia":[{"embeddable":true,"href":"https:\/\/www.bonberenea.com\/es\/wp-json\/wp\/v2\/media\/23335"}],"wp:attachment":[{"href":"https:\/\/www.bonberenea.com\/es\/wp-json\/wp\/v2\/media?parent=23316"}],"wp:term":[{"taxonomy":"product_cat","embeddable":true,"href":"https:\/\/www.bonberenea.com\/es\/wp-json\/wp\/v2\/product_cat?post=23316"},{"taxonomy":"product_tag","embeddable":true,"href":"https:\/\/www.bonberenea.com\/es\/wp-json\/wp\/v2\/product_tag?post=23316"}],"curies":[{"name":"wp","href":"https:\/\/api.w.org\/{rel}","templated":true}]}}