{"id":22909,"date":"2016-03-19T19:31:15","date_gmt":"2016-03-19T18:31:15","guid":{"rendered":"https:\/\/www.bonberenea.com\/?post_type=product&#038;p=22909"},"modified":"2021-11-19T19:50:40","modified_gmt":"2021-11-19T18:50:40","slug":"eraso-kaiolatik-ihes","status":"publish","type":"product","link":"https:\/\/www.bonberenea.com\/es\/online-denda\/eraso-kaiolatik-ihes\/","title":{"rendered":"Eraso! &#8211; Kaiolatik Ihes"},"content":{"rendered":"<p><a href=\"https:\/\/bonberenea.com\/wp-content\/uploads\/2016\/01\/Eraso-promoweb.jpg\"><br \/>\n<\/a><a href=\"https:\/\/bonberenea.com\/wp-content\/uploads\/2016\/01\/ErasoBanner02.jpg\"><img decoding=\"async\" class=\"alignnone size-full wp-image-22907\" src=\"https:\/\/bonberenea.com\/wp-content\/uploads\/2016\/01\/ErasoBanner02.jpg\" alt=\"Eraso!\" width=\"851\" height=\"315\" srcset=\"https:\/\/www.bonberenea.com\/wp-content\/uploads\/2016\/01\/ErasoBanner02.jpg 851w, https:\/\/www.bonberenea.com\/wp-content\/uploads\/2016\/01\/ErasoBanner02-300x111.jpg 300w, https:\/\/www.bonberenea.com\/wp-content\/uploads\/2016\/01\/ErasoBanner02-663x245.jpg 663w\" sizes=\"(max-width: 851px) 100vw, 851px\" \/><\/a><\/p>\n<p>No es habitual (y cada vez pasa menos), pero de cuando en cuando nos encontramos con grupos que llevan m\u00e1s tiempo que nosotros en esto de la m\u00fasica. De hecho, a veces surgen proyectos conjuntos. Un encuentro as\u00ed siempre adquiere un cariz especial, m\u00e1s si cabe cuando ha sido provocado por dos partes que tras una larga trayectoria se quieren encontrar.<\/p>\n<p>Es lo que les pasa en la actualidad a Eraso y Bonberenea. Dos amigos que se conocen desde siempre caminando juntos, porque as\u00ed han querido que suceda y quienes han buscado y provocado dicha situaci\u00f3n. Porque, tal vez, como con el anterior disco, el primero haya encontrado en el otro un lugar donde hacer su trabajo y el otro, como con el anterior disco, desea coincidir con Eraso y grupos de su cala\u00f1a.<br \/>\n<img decoding=\"async\" class=\"alignnone size-full wp-image-22908\" src=\"https:\/\/bonberenea.com\/wp-content\/uploads\/2016\/01\/Erasobanner.jpg\" alt=\"Eraso!\" width=\"2048\" height=\"724\" srcset=\"https:\/\/www.bonberenea.com\/wp-content\/uploads\/2016\/01\/Erasobanner.jpg 2048w, https:\/\/www.bonberenea.com\/wp-content\/uploads\/2016\/01\/Erasobanner-300x106.jpg 300w, https:\/\/www.bonberenea.com\/wp-content\/uploads\/2016\/01\/Erasobanner-1024x362.jpg 1024w, https:\/\/www.bonberenea.com\/wp-content\/uploads\/2016\/01\/Erasobanner-890x315.jpg 890w, https:\/\/www.bonberenea.com\/wp-content\/uploads\/2016\/01\/Erasobanner-663x234.jpg 663w\" sizes=\"(max-width: 2048px) 100vw, 2048px\" \/><\/p>\n<p>Eraso vuelve y no es broma. El grupo que ha cumplido 20 a\u00f1os de trayectoria publica nuevo disco. Este dato, sin m\u00e1s, ya es como para alegrarse. Pero a los que nos gusta su m\u00fasica nos alegra m\u00e1s saber que no han estado pensando en ello a la hora de crearlo. Como dice su t\u00edtulo, se han escapado de la jaula. Han compaginado la frescura de las primeras actuaciones con la experiencia que da un bagaje de 20 a\u00f1os. Y suenan frescos. Porque han vuelto al punto de partida sin renegar de la trayectoria hecha hasta ahora. Porque se han escapado de la jaula.<\/p>\n<p><a href=\"https:\/\/bonberenea.com\/wp-content\/uploads\/2016\/01\/Erasobanner.jpg\"><br \/>\n<img decoding=\"async\" class=\"alignnone size-full wp-image-22857\" src=\"https:\/\/bonberenea.com\/wp-content\/uploads\/2016\/01\/Eraso-promoweb.jpg\" alt=\"Eraso!\" width=\"830\" height=\"468\" srcset=\"https:\/\/www.bonberenea.com\/wp-content\/uploads\/2016\/01\/Eraso-promoweb.jpg 830w, https:\/\/www.bonberenea.com\/wp-content\/uploads\/2016\/01\/Eraso-promoweb-300x169.jpg 300w, https:\/\/www.bonberenea.com\/wp-content\/uploads\/2016\/01\/Eraso-promoweb-663x374.jpg 663w\" sizes=\"(max-width: 830px) 100vw, 830px\" \/><br \/>\n<\/a><\/p>\n<p><iframe title=\"ERASO! - &quot;SUA HERRA MINA&quot;\" width=\"500\" height=\"281\" src=\"https:\/\/www.youtube.com\/embed\/NLcAswDaVVM?feature=oembed\" frameborder=\"0\" allow=\"accelerometer; autoplay; clipboard-write; encrypted-media; gyroscope; picture-in-picture\" allowfullscreen><\/iframe><\/p>\n<p><strong>Kontaktua:<br \/>\n<\/strong>erasomania@gmail.com<strong><br \/>\n<\/strong>https:\/\/www.facebook.com\/erasomania<br \/>\nhttps:\/\/eraso.bandcamp.com<\/p>\n<p><strong>Management:<br \/>\n<\/strong>Hontza Produkzioak<br \/>\n945 206 348 \/ 648 040 354<br \/>\nhontza@hontza.org<br \/>\nwww.hontza.org<\/p>","protected":false},"excerpt":{"rendered":"<p>No es habitual (y cada vez pasa menos), pero de cuando en cuando nos encontramos con grupos que llevan m\u00e1s tiempo que nosotros en esto de la m\u00fasica. De hecho, a veces surgen proyectos conjuntos. Un encuentro as\u00ed siempre adquiere [&hellip;]<\/p>\n","protected":false},"featured_media":23329,"template":"","meta":{"_exactmetrics_skip_tracking":false,"_exactmetrics_sitenote_active":false,"_exactmetrics_sitenote_note":"","_exactmetrics_sitenote_category":0},"product_cat":[451],"product_tag":[507,442,205,506],"_links":{"self":[{"href":"https:\/\/www.bonberenea.com\/es\/wp-json\/wp\/v2\/product\/22909"}],"collection":[{"href":"https:\/\/www.bonberenea.com\/es\/wp-json\/wp\/v2\/product"}],"about":[{"href":"https:\/\/www.bonberenea.com\/es\/wp-json\/wp\/v2\/types\/product"}],"wp:featuredmedia":[{"embeddable":true,"href":"https:\/\/www.bonberenea.com\/es\/wp-json\/wp\/v2\/media\/23329"}],"wp:attachment":[{"href":"https:\/\/www.bonberenea.com\/es\/wp-json\/wp\/v2\/media?parent=22909"}],"wp:term":[{"taxonomy":"product_cat","embeddable":true,"href":"https:\/\/www.bonberenea.com\/es\/wp-json\/wp\/v2\/product_cat?post=22909"},{"taxonomy":"product_tag","embeddable":true,"href":"https:\/\/www.bonberenea.com\/es\/wp-json\/wp\/v2\/product_tag?post=22909"}],"curies":[{"name":"wp","href":"https:\/\/api.w.org\/{rel}","templated":true}]}}