{"id":21808,"date":"2015-10-14T18:06:47","date_gmt":"2015-10-14T17:06:47","guid":{"rendered":"https:\/\/www.bonberenea.com\/?post_type=product&#038;p=21808"},"modified":"2016-04-16T23:08:18","modified_gmt":"2016-04-16T22:08:18","slug":"bi-bala-gure-eroyak","status":"publish","type":"product","link":"https:\/\/www.bonberenea.com\/es\/online-denda\/bi-bala-gure-eroyak\/","title":{"rendered":"Bi Bala &#8211; Gure Eroyak"},"content":{"rendered":"<p><a href=\"https:\/\/bonberenea.com\/wp-content\/uploads\/2015\/08\/Bi-Bala.jpg\"><img decoding=\"async\" class=\"alignnone size-full wp-image-21439\" src=\"https:\/\/bonberenea.com\/wp-content\/uploads\/2015\/08\/Bi-Bala.jpg\" alt=\"Bi-Bala\" width=\"886\" height=\"589\" srcset=\"https:\/\/www.bonberenea.com\/wp-content\/uploads\/2015\/08\/Bi-Bala.jpg 886w, https:\/\/www.bonberenea.com\/wp-content\/uploads\/2015\/08\/Bi-Bala-300x199.jpg 300w, https:\/\/www.bonberenea.com\/wp-content\/uploads\/2015\/08\/Bi-Bala-663x441.jpg 663w\" sizes=\"(max-width: 886px) 100vw, 886px\" \/><\/a><\/p>\n<p>Bi Bala est\u00e1n de vuelta. Vuelve el cuarteto formado por miembros de Alegia, Ataun y Orio. Cuando no ha transcurrido ni un a\u00f1o desde que publicaron su primer disco (Wasabi, 2014), han creado y lanzado su segundo \u00e1lbum, con el nombre \u201cGure eroyak\u201d.<br \/>\nProducido por Bonberenea Ekintzak, Karlos Osinaga ha sido el encargado de los aspectos sonoros (grabaci\u00f3n, mezcla y masterizaci\u00f3n) en el estudio del gaztetxe Bonberenea a lo largo del verano de 2015. Tal y como ellos lo definen, este proyecto nacido de una sesi\u00f3n de bertsolaris muy especial que se realiz\u00f3 en 2013 es un referente del llamativo estilo \u201cbertso-rock\u201d.<\/p>\n<p>Bi bala tiene mucho de ambos elementos. El ataundarra Aitzol barandiaran y el oriotarra I\u00f1aki Gurrutxaga son los vocalistas. Ambos bertsolaris, el \u00faltimo tambi\u00e9n es guitarrista. Adem\u00e1s de los trovadores, forman la banda los m\u00fasicos Xabier Etxeberria \u201cPitxu\u201d (bajo) y Julen Goikoetxea (bateria).<br \/>\nEl elemento central de este proyecto que tiene mucho que ver con los bertsos \u201cmusicalizados\u201d es la letra de las canciones. Nadie se escapa del \u201cfuego a discreci\u00f3n\u201d que proponen, ni siquiera ellos mismos. La canci\u00f3n \u201cKontraesanak\u201d (contradicciones), brutal repaso de las contradicciones que observamos en el d\u00eda a d\u00eda o \u201cErtzainak\u201d (Ertzainas), sarc\u00e1stico \u201chimno\u201d dedicado a la polic\u00eda de Euskadi son claro ejemplo de ello. Tampoco podemos olvidar \u201cFamilia sakratua\u201d (familia sagrada), elegante versi\u00f3n del grupo catal\u00e1n Nueva Vulcano.<\/p>\n<p>\u00bfPodr\u00e1 soportar la sociedad vasca posmoderna la tormenta de estos bertsolaris rockeros?<\/p>\n<p><strong>TRACKLIST :<\/strong><\/p>\n<p>1-Dabiltzan harriak<br \/>\n2-Zuloak edo apaizac obeto<br \/>\n3-Gure heroiak<br \/>\n4-Psikologo flowepowerrei jarri<br \/>\n5-Kontraesanak<br \/>\n6-Zurikeriatan beltz<br \/>\n7-I&#8217;m basque<br \/>\n8-Bai, bai, gizontxo<br \/>\n9-Familia sakratua (Nueva Vulcano cover)<br \/>\n10-Ertzainak<\/p>\n<p><iframe width=\"500\" height=\"281\" src=\"https:\/\/www.youtube.com\/embed\/TVhWx7gf4iU?feature=oembed\" frameborder=\"0\" allowfullscreen><\/iframe><br \/>\n<strong><br \/>\nContacto:<br \/>\n<\/strong>bibalataldea@gmail.com<br \/>\n647024034 (Julen)<\/p>","protected":false},"excerpt":{"rendered":"<p>Bi Bala est\u00e1n de vuelta. Vuelve el cuarteto formado por miembros de Alegia, Ataun y Orio. Cuando no ha transcurrido ni un a\u00f1o desde que publicaron su primer disco (Wasabi, 2014), han creado y lanzado su segundo \u00e1lbum, con el [&hellip;]<\/p>\n","protected":false},"featured_media":23327,"template":"","meta":{"_exactmetrics_skip_tracking":false,"_exactmetrics_sitenote_active":false,"_exactmetrics_sitenote_note":"","_exactmetrics_sitenote_category":0},"product_cat":[134],"product_tag":[500,442,504,205],"_links":{"self":[{"href":"https:\/\/www.bonberenea.com\/es\/wp-json\/wp\/v2\/product\/21808"}],"collection":[{"href":"https:\/\/www.bonberenea.com\/es\/wp-json\/wp\/v2\/product"}],"about":[{"href":"https:\/\/www.bonberenea.com\/es\/wp-json\/wp\/v2\/types\/product"}],"wp:featuredmedia":[{"embeddable":true,"href":"https:\/\/www.bonberenea.com\/es\/wp-json\/wp\/v2\/media\/23327"}],"wp:attachment":[{"href":"https:\/\/www.bonberenea.com\/es\/wp-json\/wp\/v2\/media?parent=21808"}],"wp:term":[{"taxonomy":"product_cat","embeddable":true,"href":"https:\/\/www.bonberenea.com\/es\/wp-json\/wp\/v2\/product_cat?post=21808"},{"taxonomy":"product_tag","embeddable":true,"href":"https:\/\/www.bonberenea.com\/es\/wp-json\/wp\/v2\/product_tag?post=21808"}],"curies":[{"name":"wp","href":"https:\/\/api.w.org\/{rel}","templated":true}]}}