{"id":21805,"date":"2015-10-14T18:37:28","date_gmt":"2015-10-14T17:37:28","guid":{"rendered":"https:\/\/www.bonberenea.com\/?post_type=product&#038;p=21805"},"modified":"2016-04-16T23:18:00","modified_gmt":"2016-04-16T22:18:00","slug":"ze-esatek-inoiz-egin-dugun-diskorik-onena","status":"publish","type":"product","link":"https:\/\/www.bonberenea.com\/es\/online-denda\/ze-esatek-inoiz-egin-dugun-diskorik-onena\/","title":{"rendered":"Ze Esatek! &#8211; Inoiz egin dugun diskorik onena"},"content":{"rendered":"<p><a href=\"https:\/\/bonberenea.com\/wp-content\/uploads\/2015\/10\/Ze-esatek_argazkia_web.jpeg\"><img decoding=\"async\" class=\"alignnone size-full wp-image-21720\" src=\"https:\/\/bonberenea.com\/wp-content\/uploads\/2015\/10\/Ze-esatek_argazkia_web.jpeg\" alt=\"Ze esatek_argazkia_web\" width=\"632\" height=\"580\" srcset=\"https:\/\/www.bonberenea.com\/wp-content\/uploads\/2015\/10\/Ze-esatek_argazkia_web.jpeg 632w, https:\/\/www.bonberenea.com\/wp-content\/uploads\/2015\/10\/Ze-esatek_argazkia_web-300x275.jpeg 300w\" sizes=\"(max-width: 632px) 100vw, 632px\" \/><\/a><\/p>\n<p>El grupo Ze Esatek vuelve a las pistas de baile, y no de cualquier manera. Vuelve con el mejor disco que han hecho nunca. As\u00ed lo confirma el t\u00edtulo del disco que publican con la plataforma Bonberenea Ekintzak. La verdad es que tiene muchas posibilidades de que as\u00ed sea, debido a que la experiencia adquirida a lo largo de sus a\u00f1os de trayectoria se ve reflejada en las canciones. Una vez m\u00e1s, han sido capaces de pintar las situaciones o noticias que suceden en la cotidianeidad desde su prisma cr\u00edtico y sarc\u00e1stico.<\/p>\n<p>Los temas tratados son diversos y se puede decir que no se salva nadie. Sirva de ejemplo la canci\u00f3n\u00a0<em>Jonky Rolari<\/em>, cuya diana son las personas que anteponen el culto al cuerpo a todo lo dem\u00e1s. Tambi\u00e9n hay una historia de amor con final no tan feliz (<em>Ilunetik argira eta buelta<\/em>) y una canci\u00f3n que describe las situaciones entre amigos cuando la confianza da asco (<em>Ezin zaitut jasan<\/em>). Canciones sobre la juerga (<em>Zapaiatik zintzilik<\/em>), sobre la conciencia de clase (<em>Working Class<\/em>), sobre las puertas giratorias que van desde los altos cargos de la administraci\u00f3n p\u00fablica a los consejos de administraci\u00f3n de las grandes empresas (<em>Kosta ala kosta<\/em>)&#8230; Al grupo donostiarra no se le ha olvidado su estilo a la hora de agitar nuestras conciencias y formas de pensar.<\/p>\n<p>Adem\u00e1s de todo esto, el disco cuenta con diferentes colaboraciones: Garazi Esnaola ha introducido teclados en varias canciones y los componentes del grupo Talco cantan en la canci\u00f3n\u00a0<em>Ezin zaitut jasan.\u00a0<\/em>Por otro lado, la letra de\u00a0<em>Pianistaren Heriotza<\/em>\u00a0est\u00e1 basada en un poema de Joseba Sarrionaindia. La grabaci\u00f3n y mezcla del disco son de Karlos Osinaga y la masterizaci\u00f3n de Jonan Ordorika. En el apartado visual, los dibujos son de Joseba Ponce y Pablo Garc\u00eda mientras que el dise\u00f1o y la maquetaci\u00f3n son de Imanol Urizar. Ha vuelto Ze Esatek!<\/p>\n<p><strong>TRACKLIST:\u00a0<\/strong><br \/>\n1-Ezin zaitut jasan<br \/>\n2-Kosta ala kosta<br \/>\n3-Summer of 74<br \/>\n4-Pianistaren heriotza<br \/>\n5-Zapaiatik zintzilik<br \/>\n6-Ilunetik argira eta buelta<br \/>\n7-Jonky Rolari<br \/>\n8-Working Class<br \/>\n9-Saminaren ederra<br \/>\n10-Bagoaz<\/p>\n<p><strong>Contacto:<\/strong><a href=\"http:\/\/www.zeesatek.com\/zeesatek\"><br \/>\n<\/a>http:\/\/www.zeesatek.com\/zeesatek<br \/>\nhttps:\/\/twitter.com\/zeesatek<br \/>\nhttps:\/\/www.facebook.com\/Ze-esatek-53836056450\/timeline\/<\/p>\n<p><strong>Promo Musika<\/strong><br \/>\nTelf. 653 737 70<br \/>\nInfo@promomusika.com<br \/>\nwww.promomusika.com<\/p>\n<p><strong>Management:<\/strong><br \/>\nPotoloak managementa (Ion Esnaola)<br \/>\ninfo@zeesatek.com<br \/>\n680428794<\/p>","protected":false},"excerpt":{"rendered":"<p>El grupo Ze Esatek vuelve a las pistas de baile, y no de cualquier manera. Vuelve con el mejor disco que han hecho nunca. As\u00ed lo confirma el t\u00edtulo del disco que publican con la plataforma Bonberenea Ekintzak. La verdad [&hellip;]<\/p>\n","protected":false},"featured_media":23328,"template":"","meta":{"_exactmetrics_skip_tracking":false,"_exactmetrics_sitenote_active":false,"_exactmetrics_sitenote_note":"","_exactmetrics_sitenote_category":0},"product_cat":[134],"product_tag":[500,442,205,505],"_links":{"self":[{"href":"https:\/\/www.bonberenea.com\/es\/wp-json\/wp\/v2\/product\/21805"}],"collection":[{"href":"https:\/\/www.bonberenea.com\/es\/wp-json\/wp\/v2\/product"}],"about":[{"href":"https:\/\/www.bonberenea.com\/es\/wp-json\/wp\/v2\/types\/product"}],"wp:featuredmedia":[{"embeddable":true,"href":"https:\/\/www.bonberenea.com\/es\/wp-json\/wp\/v2\/media\/23328"}],"wp:attachment":[{"href":"https:\/\/www.bonberenea.com\/es\/wp-json\/wp\/v2\/media?parent=21805"}],"wp:term":[{"taxonomy":"product_cat","embeddable":true,"href":"https:\/\/www.bonberenea.com\/es\/wp-json\/wp\/v2\/product_cat?post=21805"},{"taxonomy":"product_tag","embeddable":true,"href":"https:\/\/www.bonberenea.com\/es\/wp-json\/wp\/v2\/product_tag?post=21805"}],"curies":[{"name":"wp","href":"https:\/\/api.w.org\/{rel}","templated":true}]}}