{"id":21713,"date":"2015-10-07T19:38:14","date_gmt":"2015-10-07T18:38:14","guid":{"rendered":"https:\/\/www.bonberenea.com\/?post_type=product&#038;p=21713"},"modified":"2021-11-19T19:51:41","modified_gmt":"2021-11-19T18:51:41","slug":"glaukoma-ta-bad-sound-sua-zaintzen-10","status":"publish","type":"product","link":"https:\/\/www.bonberenea.com\/es\/online-denda\/glaukoma-ta-bad-sound-sua-zaintzen-10\/","title":{"rendered":"Glaukoma Ta Bad Sound &#8211; Sua zaintzen &#8211; 10&#8243;"},"content":{"rendered":"<p><a href=\"https:\/\/bonberenea.com\/wp-content\/uploads\/2015\/08\/glaukoma_ta_bad_sound_web.jpg\"><img decoding=\"async\" class=\"alignnone size-full wp-image-21708\" src=\"https:\/\/bonberenea.com\/wp-content\/uploads\/2015\/08\/glaukoma_ta_bad_sound_web.jpg\" alt=\"glaukoma_ta_bad_sound_web\" width=\"886\" height=\"589\" srcset=\"https:\/\/www.bonberenea.com\/wp-content\/uploads\/2015\/08\/glaukoma_ta_bad_sound_web.jpg 886w, https:\/\/www.bonberenea.com\/wp-content\/uploads\/2015\/08\/glaukoma_ta_bad_sound_web-300x199.jpg 300w, https:\/\/www.bonberenea.com\/wp-content\/uploads\/2015\/08\/glaukoma_ta_bad_sound_web-663x441.jpg 663w\" sizes=\"(max-width: 886px) 100vw, 886px\" \/><\/a><br \/>\nEl single \u201cSUA ZAINTZEN\u201d publicado por Bad Sound\u00a0 y Glaukoma es un encuentro entre dos hermanos. El fruto del trabajo conjunto entre dos compa\u00f1eros que bailan alrededor de las llamas del reggae. Dos canciones que re\u00fanen dos formas de crear m\u00fasica. La primera (\u201cBatak bestetik\u201d), grabada y mezclada en Bonberenea por Karlos Osinaga, cuenta con las colaboraciones de Ander Altuna y Aitzol Moneo, trompeta y tromb\u00f3n respectivamente. La otra composici\u00f3n (\u201cBizitzaren antzerkia\u201d), fue grabada en el estudio GUA de Ir\u00fan y mezclada en el estudio MIK de Bera por Maikel. El Dise\u00f1o corre a cargo del mexicano Roberto Ramirez \u201cPunker\u201d, miembro del colectivo Rebel Sounds.<\/p>\n<p>Dos canciones, dos grupos, dos puntos de vista pero un solo objetivo: cuidar el fuego del reggae y extenderlo por toda Euskal Herria. Si han creado esta golosina en forma de vinilo (EP) + CD, es porque el cuerpo y la cabeza se lo han pedido. Producido por la plataforma Bonberenea Ekintzak, el single \u201cSUA ZAINTZEN\u201d es el fruto del trabajo conjunto entre dos grupos que se conocieron en el gaztetxe. Disfr\u00fatalo!<\/p>\n<p><strong>T\u00cdTULO:\u00a0<\/strong><\/p>\n<p>Glaukoma ta Bad Sound sua zaintzen.<\/p>\n<p><strong>TRACKLIST:<\/strong><\/p>\n<p>Cara A- BATAK BESTETIK<\/p>\n<p>Cara B- BIZITZAREN ANTZERKIA<\/p>\n<p>Contacto:<a href=\"mailto:glaukomaband@gmail.com\"><br \/>\n<\/a>glaukomaband@gmail.com<br \/>\n647024034 (Julen)<\/p>","protected":false},"excerpt":{"rendered":"<p>El single \u201cSUA ZAINTZEN\u201d publicado por Bad Sound\u00a0 y Glaukoma es un encuentro entre dos hermanos. El fruto del trabajo conjunto entre dos compa\u00f1eros que bailan alrededor de las llamas del reggae. Dos canciones que re\u00fanen dos formas de crear [&hellip;]<\/p>\n","protected":false},"featured_media":23325,"template":"","meta":{"_exactmetrics_skip_tracking":false,"_exactmetrics_sitenote_active":false,"_exactmetrics_sitenote_note":"","_exactmetrics_sitenote_category":0},"product_cat":[135],"product_tag":[500,442,502,205,449],"_links":{"self":[{"href":"https:\/\/www.bonberenea.com\/es\/wp-json\/wp\/v2\/product\/21713"}],"collection":[{"href":"https:\/\/www.bonberenea.com\/es\/wp-json\/wp\/v2\/product"}],"about":[{"href":"https:\/\/www.bonberenea.com\/es\/wp-json\/wp\/v2\/types\/product"}],"wp:featuredmedia":[{"embeddable":true,"href":"https:\/\/www.bonberenea.com\/es\/wp-json\/wp\/v2\/media\/23325"}],"wp:attachment":[{"href":"https:\/\/www.bonberenea.com\/es\/wp-json\/wp\/v2\/media?parent=21713"}],"wp:term":[{"taxonomy":"product_cat","embeddable":true,"href":"https:\/\/www.bonberenea.com\/es\/wp-json\/wp\/v2\/product_cat?post=21713"},{"taxonomy":"product_tag","embeddable":true,"href":"https:\/\/www.bonberenea.com\/es\/wp-json\/wp\/v2\/product_tag?post=21713"}],"curies":[{"name":"wp","href":"https:\/\/api.w.org\/{rel}","templated":true}]}}