{"id":13733,"date":"2015-02-25T15:37:54","date_gmt":"2015-02-25T14:37:54","guid":{"rendered":"https:\/\/www.bonberenea.com\/?post_type=product&#038;p=13733"},"modified":"2016-04-16T23:02:51","modified_gmt":"2016-04-16T22:02:51","slug":"anai-arrebak-2","status":"publish","type":"product","link":"https:\/\/www.bonberenea.com\/es\/online-denda\/anai-arrebak-2\/","title":{"rendered":"Anai Arrebak"},"content":{"rendered":"<p>Despu\u00e9s de componer m\u00fasica al l\u00edmite y romperse los tobillos en mil escenarios, formaron Anai Arrebak en 2010, rockeros haciendo m\u00fasica disco. Esta propuesta vintage, as\u00ed como renovadora y sobre todo bailable de new-wave, disco y post-punk imprimi\u00f3 mucha frescura a la escena musical de Euskal Herria. La maqueta fue una explosi\u00f3n de confetti y mala ostia. El primer largo, de 2012, tambi\u00e9n incluye mucho baile, pero quiz\u00e1s para evitar infartos, sacrifica parte de la urgencia de su debut y multiplica su car\u00e1cter bailable. De hecho, entonces confesaron que quer\u00edan convertir la banda en una m\u00e1quina para hacer bailar.<\/p>\n<p>Han transcurrido dos largos a\u00f1os desde entonces y estos hermanos-hermanas se han dedicado a buscar sus ra\u00edces anteriores a la distorsi\u00f3n y a la velocidad. Y han decidido intentar aplacar esa energ\u00eda incontrolada y sacar a flote el pop que llevan dentro, para embrujar al oyente mediante el ritmo y el baile. Han compuesto varios hits, de los que te atrapan y te neutralizan antes de que te des cuenta. Adem\u00e1s, saben de sobra que gracias a las grandes melod\u00edas, es m\u00e1s f\u00e1cil sacarnos a la pista y con nocturnidad empaparnos de mensajes agrios y envenenados.<\/p>\n<p>Cada una de las canciones contiene muchos detalles, mucho trabajo de composici\u00f3n y de arreglos: son piezas casi inclasificables, puzzles de ambientes y tonalidades. La electr\u00f3nica, hecha con maquinitas de los 80, est\u00e1 cada vez m\u00e1s presente en la propuesta del cuarteto. Cada vez se mueven con m\u00e1s soltura en el funky; se valen mucho de la percusi\u00f3n; y la aproximaci\u00f3n hacia la m\u00fasica disco merece cap\u00edtulo aparte: muchos creen que nacieron para hacer disco, pero algunos creemos que realmente han venido para revitalizar y cambiar la m\u00fasica disco.<\/p>\n<p>Pop s\u00ed, en las voces y melod\u00edas pegadizas; m\u00fasica negra, en la alfombra que nos obliga a bailar; electr\u00f3nica, en ese ritmo y empuj\u00f3n extra; rock, imposible de esconder en el ADN; y el misterio de los miembros y de la noche, en los intros id\u00f3neos para bandas sonoras.<\/p>\n<p><a href=\"https:\/\/bonberenea.com\/wp-content\/uploads\/2015\/02\/10960008_1069773693048863_928465241893134745_o.jpg\"><img decoding=\"async\" class=\"size-large wp-image-13737 aligncenter\" src=\"https:\/\/bonberenea.com\/wp-content\/uploads\/2015\/02\/10960008_1069773693048863_928465241893134745_o-820x1024.jpg\" alt=\"Anai Arrebak\" width=\"820\" height=\"1024\" srcset=\"https:\/\/www.bonberenea.com\/wp-content\/uploads\/2015\/02\/10960008_1069773693048863_928465241893134745_o-820x1024.jpg 820w, https:\/\/www.bonberenea.com\/wp-content\/uploads\/2015\/02\/10960008_1069773693048863_928465241893134745_o-300x375.jpg 300w, https:\/\/www.bonberenea.com\/wp-content\/uploads\/2015\/02\/10960008_1069773693048863_928465241893134745_o-240x300.jpg 240w, https:\/\/www.bonberenea.com\/wp-content\/uploads\/2015\/02\/10960008_1069773693048863_928465241893134745_o-890x1111.jpg 890w, https:\/\/www.bonberenea.com\/wp-content\/uploads\/2015\/02\/10960008_1069773693048863_928465241893134745_o-663x827.jpg 663w, https:\/\/www.bonberenea.com\/wp-content\/uploads\/2015\/02\/10960008_1069773693048863_928465241893134745_o.jpg 1640w\" sizes=\"(max-width: 820px) 100vw, 820px\" \/><\/a><\/p>","protected":false},"excerpt":{"rendered":"<p>Despu\u00e9s de componer m\u00fasica al l\u00edmite y romperse los tobillos en mil escenarios, formaron Anai Arrebak en 2010, rockeros haciendo m\u00fasica disco. Esta propuesta vintage, as\u00ed como renovadora y sobre todo bailable de new-wave, disco y post-punk imprimi\u00f3 mucha frescura [&hellip;]<\/p>\n","protected":false},"featured_media":23323,"template":"","meta":{"_exactmetrics_skip_tracking":false,"_exactmetrics_sitenote_active":false,"_exactmetrics_sitenote_note":"","_exactmetrics_sitenote_category":0},"product_cat":[134],"product_tag":[500,220,442,205],"_links":{"self":[{"href":"https:\/\/www.bonberenea.com\/es\/wp-json\/wp\/v2\/product\/13733"}],"collection":[{"href":"https:\/\/www.bonberenea.com\/es\/wp-json\/wp\/v2\/product"}],"about":[{"href":"https:\/\/www.bonberenea.com\/es\/wp-json\/wp\/v2\/types\/product"}],"wp:featuredmedia":[{"embeddable":true,"href":"https:\/\/www.bonberenea.com\/es\/wp-json\/wp\/v2\/media\/23323"}],"wp:attachment":[{"href":"https:\/\/www.bonberenea.com\/es\/wp-json\/wp\/v2\/media?parent=13733"}],"wp:term":[{"taxonomy":"product_cat","embeddable":true,"href":"https:\/\/www.bonberenea.com\/es\/wp-json\/wp\/v2\/product_cat?post=13733"},{"taxonomy":"product_tag","embeddable":true,"href":"https:\/\/www.bonberenea.com\/es\/wp-json\/wp\/v2\/product_tag?post=13733"}],"curies":[{"name":"wp","href":"https:\/\/api.w.org\/{rel}","templated":true}]}}