{"id":13207,"date":"2014-12-05T00:40:26","date_gmt":"2014-12-04T23:40:26","guid":{"rendered":"https:\/\/www.bonberenea.com\/?post_type=product&#038;p=13207"},"modified":"2016-04-16T23:01:22","modified_gmt":"2016-04-16T22:01:22","slug":"anger-sute-perfektua","status":"publish","type":"product","link":"https:\/\/www.bonberenea.com\/es\/online-denda\/anger-sute-perfektua\/","title":{"rendered":"Anger &#8211; Sute perfektua"},"content":{"rendered":"<p>La mayor\u00eda de nosotros somos piezas insignificantes pero a su vez imprescindibles para el gran incendio (\u2018Sute perfektua\u2019). Queriendo creer que luchamos contra el sistema y que le damos la espalda, actuamos como borregos movi\u00e9ndonos en grupo en funci\u00f3n de unos patrones determinados y lo nuestro hace mucho que est\u00e1 asimilado. Los miembros que forman la banda Anger tambi\u00e9n son combustible para ese fuego que lentamente y casi sin ser conscientes nos va quemando y lo saben, pero desde sus inicios han caminado su propia senda y han sido cr\u00edticos con todo empezando desde s\u00ed mismos.<\/p>\n<p>De hecho, han huido siempre de formar parte de cualquier tribu urbana que les hubiera brindado cierta comodidad y desosiego. As\u00ed, surgieron en un barrio perif\u00e9rico de Arrasate-Mondrag\u00f3n, compartieron local con un at\u00edpico (abierto) grupo de rudeboys en sus Ant\u00edpodas musicales, y propagaron el metal-core de sus inicios en asociaciones culturales regionales.<\/p>\n<p>Casi 18 a\u00f1os m\u00e1s tarde, siguen tentando al fuego haciendo uso de sus propios f\u00f3sforos; y aquella banda que dio sus primeros pasos en el metal, hace ya much\u00edsimo que se despoj\u00f3 de ello, para sumergirse en las vastas aguas del post-hardcore y nadar sin cuidar la ropa con total libertad.<\/p>\n<p><a href=\"https:\/\/bonberenea.com\/wp-content\/uploads\/2014\/11\/Anger-Sute-perfektua1.jpg\"><img decoding=\"async\" class=\"aligncenter size-full wp-image-128&lt;a href=\" src=\"https:\/\/bonberenea.com\/wp-content\/uploads\/2014\/11\/Anger-Sute-perfektua1.jpg\" alt=\"Anger - Sute perfektua\" width=\"601\" height=\"402\" \/><\/a><\/p>\n<p>Este grupo de amigos a los que George Orwell inspir\u00f3 en sus inicios sigue peleando contra la verg\u00fcenza ajena y construyendo la revoluci\u00f3n a escala de barrio, en su medida, con los siguientes objetivos: pensar por s\u00ed mismos, reflexionar antes de tragar y promover el baile.<\/p>\n<p>En este trabajo han hecho un esfuerzo extra para acentuar la construcci\u00f3n del ritmo y de la maraca de cada uno de nosotros. Es este el trabajo m\u00e1s rico, completo y libre hasta la fecha. Digo libre, porque han sabido confluir todas las personalidades y estilos presentes dentro de Anger en cada una de las canciones, en todas, y as\u00ed han dado un paso de gigante. Es verdad que el esqueleto de varios de los temas est\u00e1 forjado con riffs metaleros y ritmos contundentes currados al detalle, pero la melod\u00eda permanente de la voz, los cambios constantes de registro y los medios tiempos m\u00e1s pausados, que son marca de la casa, tienen mayor peso. Tambi\u00e9n trabajan con maestr\u00eda la sutil intensidad del post-rock, y el rap que les ha acompa\u00f1ado desde sus inicios afianza a veces el mensaje. Pero ahora, m\u00e1s que nunca, han sacado el cuerpo entero del armario y han legado un lugar de honor a los ritmos calientes, negros, al funky, al raggamuffi, a la percusi\u00f3n y dem\u00e1s familia en esa construcci\u00f3n tan precisa de temas donde nada est\u00e1 de sobra.<\/p>\n<p><iframe width=\"425\" height=\"344\" src=\"http:\/\/www.youtube.com\/embed\/ZRyY3AtFGzA?wmode=transparent\" frameborder=\"0\" allowfullscreen> <\/iframe><\/p>\n<p><strong>Contacto:<br \/>\n<\/strong>anger@angerweb.net<a class=\"prettyphoto\" href=\"mailto:anger@angerweb.net\" rel=\"prettyphoto[]\"><br \/>\n<\/a>www.angerweb.net<br \/>\nHaritz: 607 782 401<\/p>","protected":false},"excerpt":{"rendered":"<p>La mayor\u00eda de nosotros somos piezas insignificantes pero a su vez imprescindibles para el gran incendio (\u2018Sute perfektua\u2019). Queriendo creer que luchamos contra el sistema y que le damos la espalda, actuamos como borregos movi\u00e9ndonos en grupo en funci\u00f3n de [&hellip;]<\/p>\n","protected":false},"featured_media":23332,"template":"","meta":{"_exactmetrics_skip_tracking":false,"_exactmetrics_sitenote_active":false,"_exactmetrics_sitenote_note":"","_exactmetrics_sitenote_category":0},"product_cat":[134],"product_tag":[441,457,442,205],"_links":{"self":[{"href":"https:\/\/www.bonberenea.com\/es\/wp-json\/wp\/v2\/product\/13207"}],"collection":[{"href":"https:\/\/www.bonberenea.com\/es\/wp-json\/wp\/v2\/product"}],"about":[{"href":"https:\/\/www.bonberenea.com\/es\/wp-json\/wp\/v2\/types\/product"}],"wp:featuredmedia":[{"embeddable":true,"href":"https:\/\/www.bonberenea.com\/es\/wp-json\/wp\/v2\/media\/23332"}],"wp:attachment":[{"href":"https:\/\/www.bonberenea.com\/es\/wp-json\/wp\/v2\/media?parent=13207"}],"wp:term":[{"taxonomy":"product_cat","embeddable":true,"href":"https:\/\/www.bonberenea.com\/es\/wp-json\/wp\/v2\/product_cat?post=13207"},{"taxonomy":"product_tag","embeddable":true,"href":"https:\/\/www.bonberenea.com\/es\/wp-json\/wp\/v2\/product_tag?post=13207"}],"curies":[{"name":"wp","href":"https:\/\/api.w.org\/{rel}","templated":true}]}}