{"id":13205,"date":"2014-12-05T12:45:40","date_gmt":"2014-12-05T11:45:40","guid":{"rendered":"https:\/\/www.bonberenea.com\/?post_type=product&#038;p=13205"},"modified":"2020-02-29T20:10:46","modified_gmt":"2020-02-29T19:10:46","slug":"anestesia-zirkulutik-espiralea","status":"publish","type":"product","link":"https:\/\/www.bonberenea.com\/es\/online-denda\/anestesia-zirkulutik-espiralea\/","title":{"rendered":"Anestesia &#8211; Zirkulutik espiralera"},"content":{"rendered":"<p><a href=\"https:\/\/bonberenea.com\/wp-content\/uploads\/2014\/12\/cabezeraFacebookIV.jpg\"><img decoding=\"async\" class=\"size-full wp-image-13209 aligncenter\" src=\"https:\/\/bonberenea.com\/wp-content\/uploads\/2014\/12\/cabezeraFacebookIV.jpg\" alt=\"Anestesia-26urtez\" width=\"601\" height=\"210\" \/><\/a><\/p>\n<p>Ha vuelto Anestesia. Este grupo tan renombrado en la escena de Euskal Herria est\u00e1 de vuelta. Tras 26 a\u00f1os de andadura y 9 desde que publicaran su \u00faltimo disco, el cuarteto de Zarautz ha preparado 13 nuevas canciones. Pocas presentaciones le hacen falta al grupo que con este \u00faltimo lleva 9 trabajos de estudio. 2 maquetas (\u201cAnestesia cerebral\u201d y \u201cMoralidad\u201d), un EP (\u201cToki berean\u201d), y 5 LP\/CDs: \u201cGorrotoaren ahotsa\u201d en 1993, \u201cErantzun\u201d en 1995, \u201cGu\u201d en 1997, \u201cUltrakomunikatzen\u201d en el 2000, y el primero editado por Bonberenea Ekintzak, \u201cTerapia\u201d, en el 2006.<\/p>\n<p><a href=\"https:\/\/bonberenea.com\/wp-content\/uploads\/2014\/11\/Banner_diskakalean.jpg\"><img decoding=\"async\" class=\"wp-image-13567 aligncenter\" src=\"https:\/\/bonberenea.com\/wp-content\/uploads\/2014\/11\/Banner_diskakalean-1024x358.jpg\" alt=\"Banner_diskakalean\" width=\"715\" height=\"250\" srcset=\"https:\/\/www.bonberenea.com\/wp-content\/uploads\/2014\/11\/Banner_diskakalean-1024x358.jpg 1024w, https:\/\/www.bonberenea.com\/wp-content\/uploads\/2014\/11\/Banner_diskakalean-300x105.jpg 300w, https:\/\/www.bonberenea.com\/wp-content\/uploads\/2014\/11\/Banner_diskakalean-890x311.jpg 890w, https:\/\/www.bonberenea.com\/wp-content\/uploads\/2014\/11\/Banner_diskakalean-663x231.jpg 663w\" sizes=\"(max-width: 715px) 100vw, 715px\" \/><\/a><\/p>\n<p>\u201cZirkulutik espiralera\u201d es el nombre de su \u00faltimo trabajo. Formado por 13 canciones, ha sido grabado en el estudio Fidelenea de Zarautz. Habr\u00e1 varias\u00a0maneras de realizar la compra del disco. Por un lado se podr\u00e1 hacer en la p\u00e1gina web de Bonberenea (<a href=\"https:\/\/bonberenea.com\">www.bonberenea.com<\/a>), en su apartado TIENDA. Otra opci\u00f3n es acudir a los directos que dar\u00e1 Anestesia, en el stand que instalaran. Adem\u00e1s, el disco estara disponible en diferentes tiendas de musica. Anestesia ha vuelto.<\/p>\n<p><a href=\"https:\/\/bonberenea.com\/wp-content\/uploads\/2014\/11\/Anestesia-Zirkulutikespiralea.jpg\"><img decoding=\"async\" class=\"wp-image-13566 aligncenter\" src=\"https:\/\/bonberenea.com\/wp-content\/uploads\/2014\/11\/Anestesia-Zirkulutikespiralea.jpg\" alt=\"Anestesia - Zirkulutikespiralea\" width=\"600\" height=\"270\" srcset=\"https:\/\/www.bonberenea.com\/wp-content\/uploads\/2014\/11\/Anestesia-Zirkulutikespiralea.jpg 960w, https:\/\/www.bonberenea.com\/wp-content\/uploads\/2014\/11\/Anestesia-Zirkulutikespiralea-300x135.jpg 300w, https:\/\/www.bonberenea.com\/wp-content\/uploads\/2014\/11\/Anestesia-Zirkulutikespiralea-890x400.jpg 890w, https:\/\/www.bonberenea.com\/wp-content\/uploads\/2014\/11\/Anestesia-Zirkulutikespiralea-663x298.jpg 663w\" sizes=\"(max-width: 600px) 100vw, 600px\" \/><\/a><\/p>\n<p><strong>Contacto:<\/strong><\/p>\n<p><a class=\"prettyphoto\" href=\"https:\/\/bonberenea.com\" rel=\"prettyphoto[]\">https:\/\/www.facebook.com\/anestesiataldea<\/a><\/p>\n<p><a class=\"prettyphoto\" href=\"http:\/\/www.myspace.com\/anestesia88\" rel=\"prettyphoto[]\">http:\/\/www.myspace.com\/anestesia88<\/a><\/p>","protected":false},"excerpt":{"rendered":"<p>Ha vuelto Anestesia. Este grupo tan renombrado en la escena de Euskal Herria est\u00e1 de vuelta. Tras 26 a\u00f1os de andadura y 9 desde que publicaran su \u00faltimo disco, el cuarteto de Zarautz ha preparado 13 nuevas canciones. Pocas presentaciones [&hellip;]<\/p>\n","protected":false},"featured_media":23320,"template":"","meta":{"_exactmetrics_skip_tracking":false,"_exactmetrics_sitenote_active":false,"_exactmetrics_sitenote_note":"","_exactmetrics_sitenote_category":0},"product_cat":[134],"product_tag":[441,224,442,205],"_links":{"self":[{"href":"https:\/\/www.bonberenea.com\/es\/wp-json\/wp\/v2\/product\/13205"}],"collection":[{"href":"https:\/\/www.bonberenea.com\/es\/wp-json\/wp\/v2\/product"}],"about":[{"href":"https:\/\/www.bonberenea.com\/es\/wp-json\/wp\/v2\/types\/product"}],"wp:featuredmedia":[{"embeddable":true,"href":"https:\/\/www.bonberenea.com\/es\/wp-json\/wp\/v2\/media\/23320"}],"wp:attachment":[{"href":"https:\/\/www.bonberenea.com\/es\/wp-json\/wp\/v2\/media?parent=13205"}],"wp:term":[{"taxonomy":"product_cat","embeddable":true,"href":"https:\/\/www.bonberenea.com\/es\/wp-json\/wp\/v2\/product_cat?post=13205"},{"taxonomy":"product_tag","embeddable":true,"href":"https:\/\/www.bonberenea.com\/es\/wp-json\/wp\/v2\/product_tag?post=13205"}],"curies":[{"name":"wp","href":"https:\/\/api.w.org\/{rel}","templated":true}]}}