{"id":7877,"date":"2014-10-09T17:47:06","date_gmt":"2014-10-09T16:47:06","guid":{"rendered":"https:\/\/www.bonberenea.com\/?page_id=7877"},"modified":"2015-10-03T20:50:55","modified_gmt":"2015-10-03T19:50:55","slug":"piromanoen-deialdia-2011","status":"publish","type":"page","link":"https:\/\/www.bonberenea.com\/es\/piromanoen-deialdia-2011\/","title":{"rendered":"Piromanoen Deialdia 2011"},"content":{"rendered":"<p>[vc_row][vc_column width=&#8221;1\/1&#8243;][vc_video link=&#8221;https:\/\/www.youtube.com\/watch?v=EGWBxeNptN0&#8243;][\/vc_column][\/vc_row][vc_row][vc_column width=&#8221;1\/1&#8243;][vc_column_text]<\/p>\n<p class=\"P2\"><span class=\"T2\">La convocatoria se celebr\u00f3 el 1 de junio de 2011. Como el propio nombre indica, fue un llamamiento que realizamos los piromanos (los que formamos parte de Bonberenea) a toda la sociedad en general: m\u00fasicos, ciudadan\u00eda de Tolosa, Ayuntamiento de Tolosa, pol\u00edticos&#8230;<\/span><\/p>\n<p class=\"P2\">El evento tiene que ver con la campa\u00f1a Bonberenea Sutan llevada a cabo desde 2007 a 2012. \u00a0Las personas que participamos en Bonberenea dimos a conocer nuestras intenciones de cara al futuro, realizando a su vez diversas reflexiones sobre la sostenibilidad del proyecto y del entorno, haciendo ver que lo reclamado hasta entonces segu\u00eda vigente y era realizable. No s\u00f3lo eso. El acto ven\u00eda a reafirmar las peticiones de la campa\u00f1a Bonberenea Sutan: que se garantizara el futuro de Bonberenea en el emplazamiento donde se encuentra actualmente y con la misma independencia.<\/p>\n<p class=\"P3\"><span class=\"T2\">No es casualidad que la fecha elegida fuera unos d\u00edas despu\u00e9s de las elecciones municipales de 2011. Los resultados no iban a condicionar el mensaje lanzado, pues \u00e9ste estaba ya definido desde antes de las elecciones. Sin embargo, Bonberenea quer\u00eda mostrar sus deseos y propuestas a quienes fueran a copar los asientos del ayuntamiento.<\/span><\/p>\n<p class=\"P3\">Al acto, que fue abierto para toda la ciudadan\u00eda, invitamos especialmente a personas y colectivos relevantes en distintos \u00e1mbitos: a la coporaci\u00f3n en funciones (que no acudi\u00f3), a la corporaci\u00f3n que sali\u00f3 elegida, a personas de distintos \u00e1mbitos de la cultura&#8230; Menci\u00f3n especial merece el grupo GOSE, quienes actuaron en la cita.<\/p>\n<p class=\"P3\">Desgraciadamente, la principal petici\u00f3n realizada en aquella cita (la de siempre) sigue vigente, puesto que todav\u00eda ningun \u00f3rgano oficial le ha garantizado el futuro a Bonberenea. Seguimos exigiendo lo que exigimos en aquella convocatoria.<\/p>\n<p>[\/vc_column_text][\/vc_column][\/vc_row][vc_row][vc_column width=&#8221;1\/1&#8243;][vc_column_text]<audio class=\"wp-audio-shortcode\" id=\"audio-7877-2\" preload=\"none\" style=\"width: 100%;\" controls=\"controls\"><source type=\"audio\/mpeg\" src=\"https:\/\/bonberenea.com\/wp-content\/uploads\/2014\/10\/Bonberenea-Sutan-Gose.mp3?_=2\" \/><a href=\"https:\/\/bonberenea.com\/wp-content\/uploads\/2014\/10\/Bonberenea-Sutan-Gose.mp3\">https:\/\/bonberenea.com\/wp-content\/uploads\/2014\/10\/Bonberenea-Sutan-Gose.mp3<\/a><\/audio>[\/vc_column_text][\/vc_column][\/vc_row][vc_row][vc_column width=&#8221;1\/1&#8243;]\n                    <style type='text\/css'>\n                        #gallery-2 {\n                            margin: auto;\n                        }\n                        #gallery-2 .gallery-item {\n                            float: left;\n                            margin-top: 10px;\n                            text-align: center;\n                            width: 33%;\n                        }\n                        #gallery-2 .gallery-caption {\n                            margin-left: 0;\n                        }\n\n                        #gallery-2 dt {\n                            margin: 0px 10px !important;\n                        }\n                        \/* see gallery_shortcode() in wp-includes\/media.php *\/\n                    <\/style>\n\t\t<div id='gallery-2' class='gallery galleryid-7877 gallery-columns-3 gallery-size-thumbnail'><dl class='gallery-item'>\n                        <dt class='gallery-icon landscape'>\n                            <a href=\"https:\/\/www.bonberenea.com\/wp-content\/uploads\/2014\/10\/Piromanoen-deialdia-09-scaled.jpg\" rel=\"prettyPhoto[pp_gal]\" alt=\"\"><img width=\"290\" height=\"290\" src=\"https:\/\/www.bonberenea.com\/wp-content\/uploads\/2014\/10\/Piromanoen-deialdia-09-290x290.jpg\" class=\"attachment-thumbnail size-thumbnail\" alt=\"\" decoding=\"async\" srcset=\"https:\/\/www.bonberenea.com\/wp-content\/uploads\/2014\/10\/Piromanoen-deialdia-09-290x290.jpg 290w, https:\/\/www.bonberenea.com\/wp-content\/uploads\/2014\/10\/Piromanoen-deialdia-09-100x100.jpg 100w, https:\/\/www.bonberenea.com\/wp-content\/uploads\/2014\/10\/Piromanoen-deialdia-09-350x350.jpg 350w, https:\/\/www.bonberenea.com\/wp-content\/uploads\/2014\/10\/Piromanoen-deialdia-09-300x300.jpg 300w, https:\/\/www.bonberenea.com\/wp-content\/uploads\/2014\/10\/Piromanoen-deialdia-09-400x400.jpg 400w\" sizes=\"(max-width: 290px) 100vw, 290px\" \/><\/a>\n                        <\/dt><\/dl><dl class='gallery-item'>\n                        <dt class='gallery-icon landscape'>\n                            <a href=\"https:\/\/www.bonberenea.com\/wp-content\/uploads\/2014\/10\/Piromanoen-deialdia-08-scaled.jpg\" rel=\"prettyPhoto[pp_gal]\" alt=\"\"><img width=\"290\" height=\"290\" src=\"https:\/\/www.bonberenea.com\/wp-content\/uploads\/2014\/10\/Piromanoen-deialdia-08-290x290.jpg\" class=\"attachment-thumbnail size-thumbnail\" alt=\"\" decoding=\"async\" srcset=\"https:\/\/www.bonberenea.com\/wp-content\/uploads\/2014\/10\/Piromanoen-deialdia-08-290x290.jpg 290w, https:\/\/www.bonberenea.com\/wp-content\/uploads\/2014\/10\/Piromanoen-deialdia-08-100x100.jpg 100w, https:\/\/www.bonberenea.com\/wp-content\/uploads\/2014\/10\/Piromanoen-deialdia-08-350x350.jpg 350w, https:\/\/www.bonberenea.com\/wp-content\/uploads\/2014\/10\/Piromanoen-deialdia-08-300x300.jpg 300w, https:\/\/www.bonberenea.com\/wp-content\/uploads\/2014\/10\/Piromanoen-deialdia-08-400x400.jpg 400w\" sizes=\"(max-width: 290px) 100vw, 290px\" \/><\/a>\n                        <\/dt><\/dl><dl class='gallery-item'>\n                        <dt class='gallery-icon landscape'>\n                            <a href=\"https:\/\/www.bonberenea.com\/wp-content\/uploads\/2014\/10\/Piromanoen-deialdia-07-scaled.jpg\" rel=\"prettyPhoto[pp_gal]\" alt=\"\"><img width=\"290\" height=\"290\" src=\"https:\/\/www.bonberenea.com\/wp-content\/uploads\/2014\/10\/Piromanoen-deialdia-07-290x290.jpg\" class=\"attachment-thumbnail size-thumbnail\" alt=\"\" decoding=\"async\" srcset=\"https:\/\/www.bonberenea.com\/wp-content\/uploads\/2014\/10\/Piromanoen-deialdia-07-290x290.jpg 290w, https:\/\/www.bonberenea.com\/wp-content\/uploads\/2014\/10\/Piromanoen-deialdia-07-100x100.jpg 100w, https:\/\/www.bonberenea.com\/wp-content\/uploads\/2014\/10\/Piromanoen-deialdia-07-350x350.jpg 350w, https:\/\/www.bonberenea.com\/wp-content\/uploads\/2014\/10\/Piromanoen-deialdia-07-300x300.jpg 300w, https:\/\/www.bonberenea.com\/wp-content\/uploads\/2014\/10\/Piromanoen-deialdia-07-400x400.jpg 400w\" sizes=\"(max-width: 290px) 100vw, 290px\" \/><\/a>\n                        <\/dt><\/dl><br style=\"clear: both\" \/><dl class='gallery-item'>\n                        <dt class='gallery-icon landscape'>\n                            <a href=\"https:\/\/www.bonberenea.com\/wp-content\/uploads\/2014\/10\/Piromanoen-deialdia-06-scaled.jpg\" rel=\"prettyPhoto[pp_gal]\" alt=\"\"><img width=\"290\" height=\"290\" src=\"https:\/\/www.bonberenea.com\/wp-content\/uploads\/2014\/10\/Piromanoen-deialdia-06-290x290.jpg\" class=\"attachment-thumbnail size-thumbnail\" alt=\"\" decoding=\"async\" srcset=\"https:\/\/www.bonberenea.com\/wp-content\/uploads\/2014\/10\/Piromanoen-deialdia-06-290x290.jpg 290w, https:\/\/www.bonberenea.com\/wp-content\/uploads\/2014\/10\/Piromanoen-deialdia-06-100x100.jpg 100w, https:\/\/www.bonberenea.com\/wp-content\/uploads\/2014\/10\/Piromanoen-deialdia-06-350x350.jpg 350w, https:\/\/www.bonberenea.com\/wp-content\/uploads\/2014\/10\/Piromanoen-deialdia-06-300x300.jpg 300w, https:\/\/www.bonberenea.com\/wp-content\/uploads\/2014\/10\/Piromanoen-deialdia-06-400x400.jpg 400w\" sizes=\"(max-width: 290px) 100vw, 290px\" \/><\/a>\n                        <\/dt><\/dl><dl class='gallery-item'>\n                        <dt class='gallery-icon landscape'>\n                            <a href=\"https:\/\/www.bonberenea.com\/wp-content\/uploads\/2014\/10\/Piromanoen-deialdia-05-scaled.jpg\" rel=\"prettyPhoto[pp_gal]\" alt=\"\"><img width=\"290\" height=\"290\" src=\"https:\/\/www.bonberenea.com\/wp-content\/uploads\/2014\/10\/Piromanoen-deialdia-05-290x290.jpg\" class=\"attachment-thumbnail size-thumbnail\" alt=\"\" decoding=\"async\" srcset=\"https:\/\/www.bonberenea.com\/wp-content\/uploads\/2014\/10\/Piromanoen-deialdia-05-290x290.jpg 290w, https:\/\/www.bonberenea.com\/wp-content\/uploads\/2014\/10\/Piromanoen-deialdia-05-100x100.jpg 100w, https:\/\/www.bonberenea.com\/wp-content\/uploads\/2014\/10\/Piromanoen-deialdia-05-350x350.jpg 350w, https:\/\/www.bonberenea.com\/wp-content\/uploads\/2014\/10\/Piromanoen-deialdia-05-300x300.jpg 300w, https:\/\/www.bonberenea.com\/wp-content\/uploads\/2014\/10\/Piromanoen-deialdia-05-400x400.jpg 400w\" sizes=\"(max-width: 290px) 100vw, 290px\" \/><\/a>\n                        <\/dt><\/dl><dl class='gallery-item'>\n                        <dt class='gallery-icon landscape'>\n                            <a href=\"https:\/\/www.bonberenea.com\/wp-content\/uploads\/2014\/10\/Piromanoen-deialdia-04-scaled.jpg\" rel=\"prettyPhoto[pp_gal]\" alt=\"\"><img width=\"290\" height=\"290\" src=\"https:\/\/www.bonberenea.com\/wp-content\/uploads\/2014\/10\/Piromanoen-deialdia-04-290x290.jpg\" class=\"attachment-thumbnail size-thumbnail\" alt=\"\" decoding=\"async\" srcset=\"https:\/\/www.bonberenea.com\/wp-content\/uploads\/2014\/10\/Piromanoen-deialdia-04-290x290.jpg 290w, https:\/\/www.bonberenea.com\/wp-content\/uploads\/2014\/10\/Piromanoen-deialdia-04-100x100.jpg 100w, https:\/\/www.bonberenea.com\/wp-content\/uploads\/2014\/10\/Piromanoen-deialdia-04-350x350.jpg 350w, https:\/\/www.bonberenea.com\/wp-content\/uploads\/2014\/10\/Piromanoen-deialdia-04-300x300.jpg 300w, https:\/\/www.bonberenea.com\/wp-content\/uploads\/2014\/10\/Piromanoen-deialdia-04-400x400.jpg 400w\" sizes=\"(max-width: 290px) 100vw, 290px\" \/><\/a>\n                        <\/dt><\/dl><br style=\"clear: both\" \/><dl class='gallery-item'>\n                        <dt class='gallery-icon landscape'>\n                            <a href=\"https:\/\/www.bonberenea.com\/wp-content\/uploads\/2014\/10\/Piromanoen-deialdia-03-scaled.jpg\" rel=\"prettyPhoto[pp_gal]\" alt=\"\"><img width=\"290\" height=\"290\" src=\"https:\/\/www.bonberenea.com\/wp-content\/uploads\/2014\/10\/Piromanoen-deialdia-03-290x290.jpg\" class=\"attachment-thumbnail size-thumbnail\" alt=\"\" decoding=\"async\" srcset=\"https:\/\/www.bonberenea.com\/wp-content\/uploads\/2014\/10\/Piromanoen-deialdia-03-290x290.jpg 290w, https:\/\/www.bonberenea.com\/wp-content\/uploads\/2014\/10\/Piromanoen-deialdia-03-100x100.jpg 100w, https:\/\/www.bonberenea.com\/wp-content\/uploads\/2014\/10\/Piromanoen-deialdia-03-350x350.jpg 350w, https:\/\/www.bonberenea.com\/wp-content\/uploads\/2014\/10\/Piromanoen-deialdia-03-300x300.jpg 300w, https:\/\/www.bonberenea.com\/wp-content\/uploads\/2014\/10\/Piromanoen-deialdia-03-400x400.jpg 400w\" sizes=\"(max-width: 290px) 100vw, 290px\" \/><\/a>\n                        <\/dt><\/dl><dl class='gallery-item'>\n                        <dt class='gallery-icon landscape'>\n                            <a href=\"https:\/\/www.bonberenea.com\/wp-content\/uploads\/2014\/10\/Piromanoen-deialdia-02-scaled.jpg\" rel=\"prettyPhoto[pp_gal]\" alt=\"\"><img width=\"290\" height=\"290\" src=\"https:\/\/www.bonberenea.com\/wp-content\/uploads\/2014\/10\/Piromanoen-deialdia-02-290x290.jpg\" class=\"attachment-thumbnail size-thumbnail\" alt=\"\" decoding=\"async\" srcset=\"https:\/\/www.bonberenea.com\/wp-content\/uploads\/2014\/10\/Piromanoen-deialdia-02-290x290.jpg 290w, https:\/\/www.bonberenea.com\/wp-content\/uploads\/2014\/10\/Piromanoen-deialdia-02-100x100.jpg 100w, https:\/\/www.bonberenea.com\/wp-content\/uploads\/2014\/10\/Piromanoen-deialdia-02-350x350.jpg 350w, https:\/\/www.bonberenea.com\/wp-content\/uploads\/2014\/10\/Piromanoen-deialdia-02-300x300.jpg 300w, https:\/\/www.bonberenea.com\/wp-content\/uploads\/2014\/10\/Piromanoen-deialdia-02-400x400.jpg 400w\" sizes=\"(max-width: 290px) 100vw, 290px\" \/><\/a>\n                        <\/dt><\/dl><dl class='gallery-item'>\n                        <dt class='gallery-icon landscape'>\n                            <a href=\"https:\/\/www.bonberenea.com\/wp-content\/uploads\/2014\/10\/Piromanoen-deialdia-01-scaled.jpg\" rel=\"prettyPhoto[pp_gal]\" alt=\"\"><img width=\"290\" height=\"290\" src=\"https:\/\/www.bonberenea.com\/wp-content\/uploads\/2014\/10\/Piromanoen-deialdia-01-290x290.jpg\" class=\"attachment-thumbnail size-thumbnail\" alt=\"\" decoding=\"async\" srcset=\"https:\/\/www.bonberenea.com\/wp-content\/uploads\/2014\/10\/Piromanoen-deialdia-01-290x290.jpg 290w, https:\/\/www.bonberenea.com\/wp-content\/uploads\/2014\/10\/Piromanoen-deialdia-01-100x100.jpg 100w, https:\/\/www.bonberenea.com\/wp-content\/uploads\/2014\/10\/Piromanoen-deialdia-01-350x350.jpg 350w, https:\/\/www.bonberenea.com\/wp-content\/uploads\/2014\/10\/Piromanoen-deialdia-01-300x300.jpg 300w, https:\/\/www.bonberenea.com\/wp-content\/uploads\/2014\/10\/Piromanoen-deialdia-01-400x400.jpg 400w\" sizes=\"(max-width: 290px) 100vw, 290px\" \/><\/a>\n                        <\/dt><\/dl><br style=\"clear: both\" \/>\n                        <br style='clear: both;' \/>\n                    <\/div>\n[\/vc_column][\/vc_row]<\/p>","protected":false},"excerpt":{"rendered":"<p>[vc_row][vc_column width=&#8221;1\/1&#8243;][vc_video link=&#8221;https:\/\/www.youtube.com\/watch?v=EGWBxeNptN0&#8243;][\/vc_column][\/vc_row][vc_row][vc_column width=&#8221;1\/1&#8243;][vc_column_text] La convocatoria se celebr\u00f3 el 1 de junio de 2011. Como el propio nombre indica, fue un llamamiento que realizamos los piromanos (los que formamos parte de Bonberenea) a toda la sociedad en general: m\u00fasicos, ciudadan\u00eda [&hellip;]<\/p>\n","protected":false},"author":1,"featured_media":0,"parent":0,"menu_order":0,"comment_status":"closed","ping_status":"closed","template":"template-page-fullwidth.php","meta":{"_exactmetrics_skip_tracking":false,"_exactmetrics_sitenote_active":false,"_exactmetrics_sitenote_note":"","_exactmetrics_sitenote_category":0},"_links":{"self":[{"href":"https:\/\/www.bonberenea.com\/es\/wp-json\/wp\/v2\/pages\/7877"}],"collection":[{"href":"https:\/\/www.bonberenea.com\/es\/wp-json\/wp\/v2\/pages"}],"about":[{"href":"https:\/\/www.bonberenea.com\/es\/wp-json\/wp\/v2\/types\/page"}],"author":[{"embeddable":true,"href":"https:\/\/www.bonberenea.com\/es\/wp-json\/wp\/v2\/users\/1"}],"replies":[{"embeddable":true,"href":"https:\/\/www.bonberenea.com\/es\/wp-json\/wp\/v2\/comments?post=7877"}],"version-history":[{"count":2,"href":"https:\/\/www.bonberenea.com\/es\/wp-json\/wp\/v2\/pages\/7877\/revisions"}],"predecessor-version":[{"id":21682,"href":"https:\/\/www.bonberenea.com\/es\/wp-json\/wp\/v2\/pages\/7877\/revisions\/21682"}],"wp:attachment":[{"href":"https:\/\/www.bonberenea.com\/es\/wp-json\/wp\/v2\/media?parent=7877"}],"curies":[{"name":"wp","href":"https:\/\/api.w.org\/{rel}","templated":true}]}}