{"id":7869,"date":"2014-10-09T17:31:58","date_gmt":"2014-10-09T16:31:58","guid":{"rendered":"https:\/\/www.bonberenea.com\/?page_id=7869"},"modified":"2016-03-07T23:21:37","modified_gmt":"2016-03-07T22:21:37","slug":"bonberenea-estudio","status":"publish","type":"page","link":"https:\/\/www.bonberenea.com\/es\/bonberenea-ekintzak\/bonberenea-estudio\/","title":{"rendered":"Bonberenea Estudio"},"content":{"rendered":"<p>[vc_row][vc_column width=&#8221;1\/1&#8243;][vc_empty_space height=&#8221;50px&#8221;][\/vc_column][\/vc_row][vc_row][vc_column width=&#8221;1\/1&#8243;][vc_column_text]<\/p>\n<p class=\"P3\" style=\"text-align: center;\">El estudio de grabaci\u00f3n ocupa un lugar privilegiado en Bonberenea. <span class=\"T2\">Este<\/span> espacio, donde se han grabado cientos de discos, <span class=\"T2\">es el centro de la plataforma Bonberenea Ekintzak. Sin embargo, cuando se okup\u00f3 el gaztetxe no estaba alli, hubo que crearlo, como es l\u00f3gico. El esp\u00edritu transformador innerente a los movimientos okupas<\/span> <span class=\"T2\">se materializa firmemente en este lugar.<\/span><\/p>\n<p class=\"P3\" style=\"text-align: center;\">\u00a0<span class=\"T2\">Los inicios de su recorrido son del 2002. Como ocurre a menudo, nadie ten\u00eda pensado construir un estudio, no era una idea preconcebida. Fue el \u00e1lbum \u201cOztopo guztien gainetik\u201d quien cre\u00f3 una necesidad a la que hab\u00eda que responder: d\u00f3nde grabar? Para responder a la cuesti\u00f3n se habilit\u00f3 un cuarto con los recursos de los que se dispon\u00eda.<\/span><\/p>\n<p>[\/vc_column_text][\/vc_column][\/vc_row][vc_row][vc_column width=&#8221;1\/1&#8243;][vc_empty_space height=&#8221;50px&#8221;][\/vc_column][\/vc_row][vc_row bg_type=&#8221;image&#8221; bg_grad=&#8221;background: -webkit-gradient(linear, left top, left bottom, color-stop(0%, #FBFBFB), color-stop(50%, #E3E3E3), color-stop(100%, #C2C2C2));background: -moz-linear-gradient(top,#FBFBFB 0%,#E3E3E3 50%,#C2C2C2 100%);background: -webkit-linear-gradient(top,#FBFBFB 0%,#E3E3E3 50%,#C2C2C2 100%);background: -o-linear-gradient(top,#FBFBFB 0%,#E3E3E3 50%,#C2C2C2 100%);background: -ms-linear-gradient(top,#FBFBFB 0%,#E3E3E3 50%,#C2C2C2 100%);background: linear-gradient(top,#FBFBFB 0%,#E3E3E3 50%,#C2C2C2 100%);&#8221; parallax_style=&#8221;vcpb-hz-jquery&#8221; bg_image=&#8221;11515&#8243; bg_image_repeat=&#8221;repeat&#8221; bg_image_size=&#8221;cover&#8221; bg_img_attach=&#8221;fixed&#8221; parallax_sense=&#8221;60&#8243; overlay_set=&#8221;overlay_show&#8221; overlay_color=&#8221;#000000&#8243; overlay_opacity=&#8221;50&#8243; bg_animation=&#8221;upb_default_animation&#8221; bg_override=&#8221;9&#8243;][vc_column width=&#8221;1\/1&#8243;][vc_row_inner][vc_column_inner width=&#8221;1\/1&#8243;]<div class=\"ult-spacer spacer-6a078f1ad6a6e\" data-id=\"6a078f1ad6a6e\" data-height=\"400\" data-height-mobile=\"400\" data-height-tab=\"400\" data-height-tab-portrait=\"\" data-height-mobile-landscape=\"\" style=\"clear:both;display:block;\"><\/div>[\/vc_column_inner][\/vc_row_inner][\/vc_column][\/vc_row][vc_row][vc_column width=&#8221;1\/1&#8243;][vc_empty_space height=&#8221;50px&#8221;][\/vc_column][\/vc_row][vc_row][vc_column width=&#8221;1\/1&#8243;][vc_column_text]<\/p>\n<p class=\"P3\" style=\"text-align: center;\"><span class=\"T3\">Aquella grabaci\u00f3n abri\u00f3 nuevos senderos y muchos grupos de m\u00fasica consiguieron dotar de una mayor utilidad a aquel estudio. En los inicios, por ejemplo, los t\u00e9cnicos montaban y desmontaban los equipos antes y despu\u00e9s de cada grabaci\u00f3n, pero esa situacion de provisionalidad fue dando paso a una mayor estabilidad y m\u00e1s recursos t\u00e9cnicos, adquiriendo un espacio fijo, en lo que hoy conocemos como \u201cEstudio viejo\u201d.<\/span><\/p>\n<p class=\"P3\" style=\"text-align: center;\">\u00a0<span class=\"T3\">Diez a\u00f1os despu\u00e9s se estren\u00f3 el \u201cestudio nuevo\u201d, en mayo de 2012. Lo que en un principio iba a ser un local de ensay\u00f3 se utiliz\u00f3 para una grabaci\u00f3n. Viendo que este nuevo espacio reun\u00eda caracter\u00edsticas mucho mejores que el anterior, se decidi\u00f3 trasladar el estudio.<\/span><\/p>\n<p>\u00a0[\/vc_column_text][\/vc_column][\/vc_row][vc_row][vc_column width=&#8221;1\/1&#8243;][vc_empty_space height=&#8221;50px&#8221;][\/vc_column][\/vc_row][vc_row bg_type=&#8221;image&#8221; bg_grad=&#8221;background: -webkit-gradient(linear, left top, left bottom, color-stop(0%, #FBFBFB), color-stop(50%, #E3E3E3), color-stop(100%, #C2C2C2));background: -moz-linear-gradient(top,#FBFBFB 0%,#E3E3E3 50%,#C2C2C2 100%);background: -webkit-linear-gradient(top,#FBFBFB 0%,#E3E3E3 50%,#C2C2C2 100%);background: -o-linear-gradient(top,#FBFBFB 0%,#E3E3E3 50%,#C2C2C2 100%);background: -ms-linear-gradient(top,#FBFBFB 0%,#E3E3E3 50%,#C2C2C2 100%);background: linear-gradient(top,#FBFBFB 0%,#E3E3E3 50%,#C2C2C2 100%);&#8221; parallax_style=&#8221;vcpb-hz-jquery&#8221; bg_image=&#8221;11515&#8243; bg_image_repeat=&#8221;repeat&#8221; bg_image_size=&#8221;cover&#8221; bg_img_attach=&#8221;fixed&#8221; parallax_sense=&#8221;60&#8243; overlay_set=&#8221;overlay_show&#8221; overlay_color=&#8221;#000000&#8243; overlay_opacity=&#8221;50&#8243; bg_animation=&#8221;upb_default_animation&#8221; bg_override=&#8221;9&#8243;][vc_column width=&#8221;1\/1&#8243;][vc_row_inner][vc_column_inner width=&#8221;1\/1&#8243;]<div class=\"ult-spacer spacer-6a078f1ad6a84\" data-id=\"6a078f1ad6a84\" data-height=\"400\" data-height-mobile=\"400\" data-height-tab=\"400\" data-height-tab-portrait=\"\" data-height-mobile-landscape=\"\" style=\"clear:both;display:block;\"><\/div>[\/vc_column_inner][\/vc_row_inner][\/vc_column][\/vc_row][vc_row][vc_column width=&#8221;1\/1&#8243;][vc_empty_space height=&#8221;50px&#8221;][\/vc_column][\/vc_row][vc_row][vc_column width=&#8221;1\/1&#8243;][vc_column_text]<\/p>\n<p class=\"P2\" style=\"text-align: center;\">Han transcurrido m\u00e1s de una decada y un sinf\u00edn de grupos desde aquella grabaci\u00f3n y los recursos t\u00e9cnicos han evolucionado de una forma incre\u00edble. Aun as\u00ed, el estudio mantiene el mismo esp\u00edritu y los mismos principios que al comienzo: poder dar una oportunidad a grupos con un menor presupuesto y que sea en las mejores condiciones posibles, a un nivel profesional. Dar cobijo a la cultura underground, al fin y al cabo.<\/p>\n<p>[\/vc_column_text][\/vc_column][\/vc_row]<\/p>","protected":false},"excerpt":{"rendered":"<p>[vc_row][vc_column width=&#8221;1\/1&#8243;][vc_empty_space height=&#8221;50px&#8221;][\/vc_column][\/vc_row][vc_row][vc_column width=&#8221;1\/1&#8243;][vc_column_text] El estudio de grabaci\u00f3n ocupa un lugar privilegiado en Bonberenea. Este espacio, donde se han grabado cientos de discos, es el centro de la plataforma Bonberenea Ekintzak. Sin embargo, cuando se okup\u00f3 el gaztetxe no estaba [&hellip;]<\/p>\n","protected":false},"author":1,"featured_media":0,"parent":10723,"menu_order":0,"comment_status":"closed","ping_status":"closed","template":"template-page-fullwidth.php","meta":{"_exactmetrics_skip_tracking":false,"_exactmetrics_sitenote_active":false,"_exactmetrics_sitenote_note":"","_exactmetrics_sitenote_category":0},"_links":{"self":[{"href":"https:\/\/www.bonberenea.com\/es\/wp-json\/wp\/v2\/pages\/7869"}],"collection":[{"href":"https:\/\/www.bonberenea.com\/es\/wp-json\/wp\/v2\/pages"}],"about":[{"href":"https:\/\/www.bonberenea.com\/es\/wp-json\/wp\/v2\/types\/page"}],"author":[{"embeddable":true,"href":"https:\/\/www.bonberenea.com\/es\/wp-json\/wp\/v2\/users\/1"}],"replies":[{"embeddable":true,"href":"https:\/\/www.bonberenea.com\/es\/wp-json\/wp\/v2\/comments?post=7869"}],"version-history":[{"count":3,"href":"https:\/\/www.bonberenea.com\/es\/wp-json\/wp\/v2\/pages\/7869\/revisions"}],"predecessor-version":[{"id":22991,"href":"https:\/\/www.bonberenea.com\/es\/wp-json\/wp\/v2\/pages\/7869\/revisions\/22991"}],"up":[{"embeddable":true,"href":"https:\/\/www.bonberenea.com\/es\/wp-json\/wp\/v2\/pages\/10723"}],"wp:attachment":[{"href":"https:\/\/www.bonberenea.com\/es\/wp-json\/wp\/v2\/media?parent=7869"}],"curies":[{"name":"wp","href":"https:\/\/api.w.org\/{rel}","templated":true}]}}