{"id":4531,"date":"2014-09-18T18:14:21","date_gmt":"2014-09-18T17:14:21","guid":{"rendered":"https:\/\/www.bonberenea.com\/?page_id=4531"},"modified":"2023-12-08T22:00:57","modified_gmt":"2023-12-08T21:00:57","slug":"bonberenea-txaranga","status":"publish","type":"page","link":"https:\/\/www.bonberenea.com\/es\/bonberenea-txaranga\/","title":{"rendered":"Bonberenea Txaranga"},"content":{"rendered":"<p>[vc_row][vc_column][vc_empty_space][vc_column_text]<\/p>\n<p style=\"text-align: center;\">Bonberenea Txaranga es, sin duda alguna, uno de los mayores culpables que de el nombre y la fama que Bonberenea tiene ese expanda y arda como la p\u00f3lvora. Se puede decir que estos embajadores del proyecto autogestionado van de pueblo a pueblo poniendo gran ambiente, ya que, son muchos y muchos los pueblos que han disfrutado de esta txaranga.<\/p>\n<p>Una cuadrilla se junto all\u00e1 por el 2003 para tocar unas canciones y pasando el tiempo este proyecto se ha ido confirmando y afirm\u00e1ndose, los pueblos ped\u00edan su presencia, cada vez con mas frecuencia. Y adem\u00e1s, parece que el ambiente y el buen humor siguen reinando en esta txaranga. Y as\u00ed lo dice la larga lista de \u201cchapuzas\u201d que sin temor ha ido incrementando.<\/p>\n<p>[\/vc_column_text][vc_empty_space height=&#8221;0px&#8221;][\/vc_column][\/vc_row][vc_row bg_type=&#8221;no_bg&#8221;][vc_column][rev_slider_vc alias=&#8221;slider-slider&#8221;][\/vc_column][\/vc_row][vc_row][vc_column][vc_empty_space][vc_column_text]<\/p>\n<p style=\"text-align: center;\">La calle es el h\u00e1bitat natural de una txaranga. Habr\u00e1 pocas cosas en el mundo que animen mas unas fiestas, pueblo, o festividad que una txaranga. Aunque Bonberenea Txaranga ha tenido una prospera trayectoria en estudios de m\u00fasica, como se puede demostrar en sus discos, las mas de 200 actuaciones en distintos pueblos de Euskal Herria, as\u00ed como actuaciones en el BEC con Pirritx eta Porrotx, La kalejira a favor de Kukutza, la kalejira en Trevi\u00f1o a favor de la ikastola, la versi\u00f3n de la canci\u00f3n de GOSE llamada\u00a0<em>Eutsi<\/em>, el concierto especial que dieron en Laskorain Ikastola apoyando el Kilometroak de 2013\u2026<\/p>\n<p>[\/vc_column_text][\/vc_column][\/vc_row][vc_row][vc_column]<div class=\"row\"><div class=\"minimal-player\"><ul data-component=\"audio-player\" class=\"component\"><li class=\"track\" data-song-path=\"https:\/\/www.bonberenea.com\/wp-content\/uploads\/2021\/11\/Bonberenea-Txaranga-Izurritearen-gorabeherak-Marikruzen-korridoa.mp3\" data-song-name=\"Izurritearen gorabeherak - Marikruzen korridoa - Bonb-101 LP\/CD 2022-02-03\" data-song-img=\"https:\/\/www.bonberenea.com\/wp-content\/uploads\/2021\/07\/BTX-azalatxikia.jpg\" data-author-name=\"Bonberenea Txaranga\" data-track-number=\"\"><div class=\"additional-buttons\"><\/div><a class=\"play-pause-button\"><i class=\"fa fa-play\"><\/i><\/a><div class=\"name\"><p><img class=\"feat-img\" src=\"https:\/\/www.bonberenea.com\/wp-content\/uploads\/2021\/07\/BTX-azalatxikia.jpg\" alt=\"\">Bonberenea Txaranga - Izurritearen gorabeherak - Marikruzen korridoa - Bonb-101 LP\/CD 2022-02-03<\/p><div class=\"time-bar\"><span style=\"width: 0%;\"><\/span><\/div><\/div><time><\/time><\/li><li class=\"track\" data-song-path=\"https:\/\/www.bonberenea.com\/wp-content\/uploads\/2016\/12\/Bonberenea-Txaranga-Berriozar-Burundiana.mp3\" data-song-name=\"\"Berriozar\"- Burundiana - Bonb-079 10\"EP\/CD-2017-01-12\" data-song-img=\"https:\/\/www.bonberenea.com\/wp-content\/uploads\/2016\/12\/PORTADA-BERRIOZAR.jpeg\" data-author-name=\"Bonberenea Txaranga\" data-track-number=\"\"><div class=\"additional-buttons\"><\/div><a class=\"play-pause-button\"><i class=\"fa fa-play\"><\/i><\/a><div class=\"name\"><p><img class=\"feat-img\" src=\"https:\/\/www.bonberenea.com\/wp-content\/uploads\/2016\/12\/PORTADA-BERRIOZAR.jpeg\" alt=\"\">Bonberenea Txaranga - \"Berriozar\"- Burundiana - Bonb-079 10\"EP\/CD-2017-01-12<\/p><div class=\"time-bar\"><span style=\"width: 0%;\"><\/span><\/div><\/div><time><\/time><\/li><li class=\"track\" data-song-path=\"https:\/\/www.bonberenea.com\/wp-content\/uploads\/2014\/11\/Bonberenea-Txaranga-Triskaketa.mp3\" data-song-name=\"Triskaketa - bonb-060\/cd - 2014-11-13\" data-song-img=\"https:\/\/www.bonberenea.com\/wp-content\/uploads\/2014\/10\/Bonberenea-Txaranga-Bihar-ez-da-gaur.jpg\" data-author-name=\"Bonberenea Txaranga \"bihar ez da gaur\"\" data-track-number=\"\"><div class=\"additional-buttons\"><\/div><a class=\"play-pause-button\"><i class=\"fa fa-play\"><\/i><\/a><div class=\"name\"><p><img class=\"feat-img\" src=\"https:\/\/www.bonberenea.com\/wp-content\/uploads\/2014\/10\/Bonberenea-Txaranga-Bihar-ez-da-gaur.jpg\" alt=\"\">Bonberenea Txaranga \"bihar ez da gaur\" - Triskaketa - bonb-060\/cd - 2014-11-13<\/p><div class=\"time-bar\"><span style=\"width: 0%;\"><\/span><\/div><\/div><time><\/time><\/li><li class=\"track\" data-song-path=\"https:\/\/www.bonberenea.com\/wp-content\/uploads\/2014\/11\/Pirritx-Porrotx-eta-Manimotots-Bonberenea-Txaranga-Bonberenea.mp3\" data-song-name=\"Bonberenea - bonb-034\/cd\/dvd - 2011-29-10\" data-song-img=\"https:\/\/www.bonberenea.com\/wp-content\/uploads\/2014\/10\/PiPo-Bonberenea-Txaranga.jpg\" data-author-name=\"Bonberenea Txaranga & Pirritx, Porrotx eta Marimotots\" data-track-number=\"\"><div class=\"additional-buttons\"><\/div><a class=\"play-pause-button\"><i class=\"fa fa-play\"><\/i><\/a><div class=\"name\"><p><img class=\"feat-img\" src=\"https:\/\/www.bonberenea.com\/wp-content\/uploads\/2014\/10\/PiPo-Bonberenea-Txaranga.jpg\" alt=\"\">Bonberenea Txaranga & Pirritx, Porrotx eta Marimotots - Bonberenea - bonb-034\/cd\/dvd - 2011-29-10<\/p><div class=\"time-bar\"><span style=\"width: 0%;\"><\/span><\/div><\/div><time><\/time><\/li><li class=\"track\" data-song-path=\"https:\/\/www.bonberenea.com\/wp-content\/uploads\/2014\/11\/Bonberenea-Txaranga-Jota-que.mp3\" data-song-name=\"\u00bfJota Que? - Bonb-020\/cd - 2008-12-23\" data-song-img=\"https:\/\/www.bonberenea.com\/wp-content\/uploads\/2014\/10\/Bonberenea-Txaranga-Rocka-ta-urrezko-komona.jpg\" data-author-name=\"Bonberenea Txaranga \" Rocka ta urrezko komona\"\" data-track-number=\"\"><div class=\"additional-buttons\"><\/div><a class=\"play-pause-button\"><i class=\"fa fa-play\"><\/i><\/a><div class=\"name\"><p><img class=\"feat-img\" src=\"https:\/\/www.bonberenea.com\/wp-content\/uploads\/2014\/10\/Bonberenea-Txaranga-Rocka-ta-urrezko-komona.jpg\" alt=\"\">Bonberenea Txaranga \" Rocka ta urrezko komona\" - \u00bfJota Que? - Bonb-020\/cd - 2008-12-23<\/p><div class=\"time-bar\"><span style=\"width: 0%;\"><\/span><\/div><\/div><time><\/time><\/li><li class=\"track\" data-song-path=\"https:\/\/www.bonberenea.com\/wp-content\/uploads\/2014\/11\/Bonberenea-Txaranga-Kaletxirri.mp3\" data-song-name=\"Kaletxirri - bonb-010\/cd - 2005\/12\/01\" data-song-img=\"https:\/\/www.bonberenea.com\/wp-content\/uploads\/2014\/09\/Txaranga_Azala.jpg\" data-author-name=\"Bonberenea Txaranga\" data-track-number=\"\"><div class=\"additional-buttons\"><\/div><a class=\"play-pause-button\"><i class=\"fa fa-play\"><\/i><\/a><div class=\"name\"><p><img class=\"feat-img\" src=\"https:\/\/www.bonberenea.com\/wp-content\/uploads\/2014\/09\/Txaranga_Azala.jpg\" alt=\"\">Bonberenea Txaranga - Kaletxirri - bonb-010\/cd - 2005\/12\/01<\/p><div class=\"time-bar\"><span style=\"width: 0%;\"><\/span><\/div><\/div><time><\/time><\/li><\/ul><\/div><\/div>[vc_empty_space][\/vc_column][\/vc_row][vc_row bg_type=&#8221;image&#8221; parallax_style=&#8221;vcpb-default&#8221; bg_image_new=&#8221;id^30608|url^https:\/\/bonberenea.com\/wp-content\/uploads\/2023\/02\/Txaranga-arg-2022-1.jpg|caption^null|alt^null|title^Txaranga web fondo|description^null&#8221; bg_image_repeat=&#8221;no-repeat&#8221; bg_img_attach=&#8221;fixed&#8221; bg_override=&#8221;9&#8243; enable_overlay=&#8221;enable_overlay_value&#8221; overlay_color=&#8221;#000000&#8243; overlay_pattern=&#8221;09.png&#8221; overlay_pattern_opacity=&#8221;60&#8243;][vc_column][vc_row_inner][vc_column_inner]<div class=\"ult-spacer spacer-6a04645ccf338\" data-id=\"6a04645ccf338\" data-height=\"300\" data-height-mobile=\"300\" data-height-tab=\"300\" data-height-tab-portrait=\"\" data-height-mobile-landscape=\"\" style=\"clear:both;display:block;\"><\/div>[\/vc_column_inner][\/vc_row_inner][\/vc_column][\/vc_row][vc_row][vc_column][vc_empty_space][vc_column_text]<\/p>\n<p style=\"text-align: center;\">Sin embargo, hay algo que aunque pase el tiempo se mantendr\u00e1, y aunque la txaranga desapareciera se mantendr\u00eda en el recuerdo: los discos que se han grabado hasta ahora (adem\u00e1s de un DVD). El primero, \u201cBonberenea Txaranga\u201d (2005), el disco mas cercano a la esencia de la txaranga, el disco mas cl\u00e1sico incluyendo un repertorio de cl\u00e1sicos. El segundo es el \u201cRocka ta urrezko komona\u201d (2008), que posteriormente ha marcado el camino de la txaranga. Todas las canciones son versiones que en su tiempo fueron grandes canciones (Su ta gar, Mano Negra, Piperrak, Ramones\u2026), suficientemente conocidas cuando se tocan con diferentes instrumentos. Sino vayan a preguntar al barrio de Mosku (Ir\u00fan).<\/p>\n<p>[\/vc_column_text][\/vc_column][\/vc_row][vc_row][vc_column]<\/p>\n\n                    <style type='text\/css'>\n                        #gallery-2 {\n                            margin: auto;\n                        }\n                        #gallery-2 .gallery-item {\n                            float: left;\n                            margin-top: 10px;\n                            text-align: center;\n                            width: 14%;\n                        }\n                        #gallery-2 .gallery-caption {\n                            margin-left: 0;\n                        }\n\n                        #gallery-2 dt {\n                            margin: 0px 10px !important;\n                        }\n                        \/* see gallery_shortcode() in wp-includes\/media.php *\/\n                    <\/style>\n\t\t<div id='gallery-2' class='gallery galleryid-4531 gallery-columns-7 gallery-size-thumbnail'><dl class='gallery-item'>\n                        <dt class='gallery-icon landscape'>\n                            <a href=\"https:\/\/www.bonberenea.com\/wp-content\/uploads\/2014\/10\/Bonberenea-Txaranga.jpg\" rel=\"prettyPhoto[pp_gal]\" alt=\"\"><img width=\"290\" height=\"290\" src=\"https:\/\/www.bonberenea.com\/wp-content\/uploads\/2014\/10\/Bonberenea-Txaranga-290x290.jpg\" class=\"attachment-thumbnail size-thumbnail\" alt=\"\" decoding=\"async\" srcset=\"https:\/\/www.bonberenea.com\/wp-content\/uploads\/2014\/10\/Bonberenea-Txaranga-290x290.jpg 290w, https:\/\/www.bonberenea.com\/wp-content\/uploads\/2014\/10\/Bonberenea-Txaranga-100x100.jpg 100w, https:\/\/www.bonberenea.com\/wp-content\/uploads\/2014\/10\/Bonberenea-Txaranga-300x300.jpg 300w, https:\/\/www.bonberenea.com\/wp-content\/uploads\/2014\/10\/Bonberenea-Txaranga.jpg 350w\" sizes=\"(max-width: 290px) 100vw, 290px\" \/><\/a>\n                        <\/dt><\/dl><dl class='gallery-item'>\n                        <dt class='gallery-icon landscape'>\n                            <a href=\"https:\/\/www.bonberenea.com\/wp-content\/uploads\/2014\/10\/Bonberenea-Txaranga-Rocka-ta-urrezko-komona.jpg\" rel=\"prettyPhoto[pp_gal]\" alt=\"\"><img width=\"290\" height=\"290\" src=\"https:\/\/www.bonberenea.com\/wp-content\/uploads\/2014\/10\/Bonberenea-Txaranga-Rocka-ta-urrezko-komona-290x290.jpg\" class=\"attachment-thumbnail size-thumbnail\" alt=\"\" decoding=\"async\" srcset=\"https:\/\/www.bonberenea.com\/wp-content\/uploads\/2014\/10\/Bonberenea-Txaranga-Rocka-ta-urrezko-komona-290x290.jpg 290w, https:\/\/www.bonberenea.com\/wp-content\/uploads\/2014\/10\/Bonberenea-Txaranga-Rocka-ta-urrezko-komona-100x100.jpg 100w, https:\/\/www.bonberenea.com\/wp-content\/uploads\/2014\/10\/Bonberenea-Txaranga-Rocka-ta-urrezko-komona-300x300.jpg 300w, https:\/\/www.bonberenea.com\/wp-content\/uploads\/2014\/10\/Bonberenea-Txaranga-Rocka-ta-urrezko-komona.jpg 350w\" sizes=\"(max-width: 290px) 100vw, 290px\" \/><\/a>\n                        <\/dt><\/dl><dl class='gallery-item'>\n                        <dt class='gallery-icon landscape'>\n                            <a href=\"https:\/\/www.bonberenea.com\/wp-content\/uploads\/2014\/10\/PiPo-Bonberenea-Txaranga.jpg\" rel=\"prettyPhoto[pp_gal]\" alt=\"\"><img width=\"290\" height=\"290\" src=\"https:\/\/www.bonberenea.com\/wp-content\/uploads\/2014\/10\/PiPo-Bonberenea-Txaranga-290x290.jpg\" class=\"attachment-thumbnail size-thumbnail\" alt=\"\" decoding=\"async\" srcset=\"https:\/\/www.bonberenea.com\/wp-content\/uploads\/2014\/10\/PiPo-Bonberenea-Txaranga-290x290.jpg 290w, https:\/\/www.bonberenea.com\/wp-content\/uploads\/2014\/10\/PiPo-Bonberenea-Txaranga-100x100.jpg 100w, https:\/\/www.bonberenea.com\/wp-content\/uploads\/2014\/10\/PiPo-Bonberenea-Txaranga-300x300.jpg 300w, https:\/\/www.bonberenea.com\/wp-content\/uploads\/2014\/10\/PiPo-Bonberenea-Txaranga.jpg 350w\" sizes=\"(max-width: 290px) 100vw, 290px\" \/><\/a>\n                        <\/dt><\/dl><dl class='gallery-item'>\n                        <dt class='gallery-icon portrait'>\n                            <a href=\"https:\/\/www.bonberenea.com\/wp-content\/uploads\/2014\/09\/Bonberenea-Txaranga-...Etxean-zuzenean-DVD.jpg\" rel=\"prettyPhoto[pp_gal]\" alt=\"\"><img width=\"290\" height=\"290\" src=\"https:\/\/www.bonberenea.com\/wp-content\/uploads\/2014\/09\/Bonberenea-Txaranga-...Etxean-zuzenean-DVD-290x290.jpg\" class=\"attachment-thumbnail size-thumbnail\" alt=\"\" decoding=\"async\" srcset=\"https:\/\/www.bonberenea.com\/wp-content\/uploads\/2014\/09\/Bonberenea-Txaranga-...Etxean-zuzenean-DVD-290x290.jpg 290w, https:\/\/www.bonberenea.com\/wp-content\/uploads\/2014\/09\/Bonberenea-Txaranga-...Etxean-zuzenean-DVD-100x100.jpg 100w, https:\/\/www.bonberenea.com\/wp-content\/uploads\/2014\/09\/Bonberenea-Txaranga-...Etxean-zuzenean-DVD-350x350.jpg 350w, https:\/\/www.bonberenea.com\/wp-content\/uploads\/2014\/09\/Bonberenea-Txaranga-...Etxean-zuzenean-DVD-300x300.jpg 300w\" sizes=\"(max-width: 290px) 100vw, 290px\" \/><\/a>\n                        <\/dt><\/dl><dl class='gallery-item'>\n                        <dt class='gallery-icon landscape'>\n                            <a href=\"https:\/\/www.bonberenea.com\/wp-content\/uploads\/2014\/09\/Bonberenea-Txaranga-bihar-ez-da-gaur.jpg\" rel=\"prettyPhoto[pp_gal]\" alt=\"\"><img width=\"290\" height=\"290\" src=\"https:\/\/www.bonberenea.com\/wp-content\/uploads\/2014\/09\/Bonberenea-Txaranga-bihar-ez-da-gaur-290x290.jpg\" class=\"attachment-thumbnail size-thumbnail\" alt=\"\" decoding=\"async\" srcset=\"https:\/\/www.bonberenea.com\/wp-content\/uploads\/2014\/09\/Bonberenea-Txaranga-bihar-ez-da-gaur-290x290.jpg 290w, https:\/\/www.bonberenea.com\/wp-content\/uploads\/2014\/09\/Bonberenea-Txaranga-bihar-ez-da-gaur-100x100.jpg 100w, https:\/\/www.bonberenea.com\/wp-content\/uploads\/2014\/09\/Bonberenea-Txaranga-bihar-ez-da-gaur-300x300.jpg 300w, https:\/\/www.bonberenea.com\/wp-content\/uploads\/2014\/09\/Bonberenea-Txaranga-bihar-ez-da-gaur.jpg 350w\" sizes=\"(max-width: 290px) 100vw, 290px\" \/><\/a>\n                        <\/dt><\/dl><dl class='gallery-item'>\n                        <dt class='gallery-icon landscape'>\n                            <a href=\"https:\/\/www.bonberenea.com\/wp-content\/uploads\/2014\/10\/PORTADA-BERRIOZAR.jpg\" rel=\"prettyPhoto[pp_gal]\" alt=\"\"><img width=\"290\" height=\"290\" src=\"https:\/\/www.bonberenea.com\/wp-content\/uploads\/2014\/10\/PORTADA-BERRIOZAR-290x290.jpg\" class=\"attachment-thumbnail size-thumbnail\" alt=\"\" decoding=\"async\" srcset=\"https:\/\/www.bonberenea.com\/wp-content\/uploads\/2014\/10\/PORTADA-BERRIOZAR-290x290.jpg 290w, https:\/\/www.bonberenea.com\/wp-content\/uploads\/2014\/10\/PORTADA-BERRIOZAR-100x100.jpg 100w, https:\/\/www.bonberenea.com\/wp-content\/uploads\/2014\/10\/PORTADA-BERRIOZAR-300x300.jpg 300w, https:\/\/www.bonberenea.com\/wp-content\/uploads\/2014\/10\/PORTADA-BERRIOZAR.jpg 350w\" sizes=\"(max-width: 290px) 100vw, 290px\" \/><\/a>\n                        <\/dt><\/dl><dl class='gallery-item'>\n                        <dt class='gallery-icon landscape'>\n                            <a href=\"https:\/\/www.bonberenea.com\/wp-content\/uploads\/2021\/07\/BTX-IG-Azala.jpg\" rel=\"prettyPhoto[pp_gal]\" alt=\"\"><img width=\"290\" height=\"290\" src=\"https:\/\/www.bonberenea.com\/wp-content\/uploads\/2021\/07\/BTX-IG-Azala-290x290.jpg\" class=\"attachment-thumbnail size-thumbnail\" alt=\"\" decoding=\"async\" srcset=\"https:\/\/www.bonberenea.com\/wp-content\/uploads\/2021\/07\/BTX-IG-Azala-290x290.jpg 290w, https:\/\/www.bonberenea.com\/wp-content\/uploads\/2021\/07\/BTX-IG-Azala-300x300.jpg 300w, https:\/\/www.bonberenea.com\/wp-content\/uploads\/2021\/07\/BTX-IG-Azala.jpg 350w, https:\/\/www.bonberenea.com\/wp-content\/uploads\/2021\/07\/BTX-IG-Azala-100x100.jpg 100w\" sizes=\"(max-width: 290px) 100vw, 290px\" \/><\/a>\n                        <\/dt><\/dl><br style=\"clear: both\" \/>\n                        <br style='clear: both;' \/>\n                    <\/div>\n\n<p>[\/vc_column][\/vc_row][vc_row][vc_column][vc_column_text]<\/p>\n<p style=\"text-align: center;\">Su tercer \u00e1lbum fue el proyecto compartido con Pirritx eta Porrotx, \u201cPirritx, Porrotx eta Marimotots &amp; Bonberenea Txaranga\u201d (2011). En el, los payasos van de la mano de la txaranga, as\u00ed como con otros artistas de Euskal Herria. En 2013 colaboraron con la txaranga Poca Tripa para el disco incluido en el libro conmemorativo de su 50 aniversario y se publico \u201cEtxean, zuzenean\u2026\u201d, un concierto de la txaranga en el escenario de Bonberenea en formato DVD.<\/p>\n<p style=\"text-align: center;\">El 2014 nos trajo el disco \u201cBihar ez da gaur\u201d, compuesto por canciones fuera del contexto charanguero. Se trata de una experimentaci\u00f3n entorno a los fueros tradicionales y las canciones citadas son de composici\u00f3n propia. Este trabajo que enlaza la txaranga con el rock oscuro, dio la oportunidad al grupo de salir de casa para ofrecer conciertos y donde pueblos como Zarautz, Ataun, Arrasate y Hondarribia pudieron gozar de la experiencia de ver un grupo de tales caracter\u00edsticas. Para redondear la gira, la txaranga ofreci\u00f3 un concierto inolvidable en junio del 2015 en la plaza del ayuntamiento.<\/p>\n<p style=\"text-align: center;\">Tres a\u00f1os despu\u00e9s, el 2017, se present\u00f3 el disco \u201cBerriozar\u201d, el cual es un soplo de aire fresco para las canciones populares del carnaval tolosano, utilizando ritmos y melod\u00edas de todo el mundo. La txaranga siempre ha hecho un gui\u00f1o a estas canciones en casi todos sus trabajos, pero es en este donde se han escogido canciones concretamente para darles ese toque \u201cBonberenea Txaranga\u201d para demostrar que todos los puntos de vista son v\u00e1lidos. Siguiendo la constumbre, este trabajo fue presentado en formato concierto en la v\u00edspera de los carnavales y se convirti\u00f3 en una reivindicaci\u00f3n de la modernizaci\u00f3n del carnaval m\u00e1s tradicional.<\/p>\n<p>&nbsp;<\/p>\n<p style=\"text-align: center;\">Por \u00faltimo, el 2022 trajo consigo la presentaci\u00f3n de un nuevo trabajo, despu\u00e9s de unos a\u00f1os de par\u00f3n en las publicaciones. Este trabajo se puede considerar como una consecuencia positiva de la maldita pandemia del coronavirus y de ah\u00ed el motivo del t\u00edtulo: \u201cIzurritearen gora beherak\u201d. Tal y como bien sabe la txaranga, este trabajo contiene versiones de canciones de grupos del panorama musical vasca e internacional, donde nos encontramos entre otros con grupos como Ruper Ordorrika, Sorotan Bele, Negu Gorriak y Nirvana. Este trabajo muestra claramente el origen de la txaranga, es decir, como si hubiera extra\u00eddo sus ra\u00edces desde el subsuelo.<br \/>\nEste nuevo trabajo vio la luz el dia 3 de Febrero y su presentacion fue el dia 12 de Febrero en Bonberenea. Mucha gente se acerco a este espectacular concierto que ofrecieron los jovenes.<\/p>\n<p><img decoding=\"async\" class=\"wp-image-35999 aligncenter\" src=\"https:\/\/bonberenea.com\/wp-content\/uploads\/2023\/12\/405970390_851620070090394_5544341710273010862_n.jpg\" alt=\"\" width=\"755\" height=\"539\" srcset=\"https:\/\/www.bonberenea.com\/wp-content\/uploads\/2023\/12\/405970390_851620070090394_5544341710273010862_n.jpg 1600w, https:\/\/www.bonberenea.com\/wp-content\/uploads\/2023\/12\/405970390_851620070090394_5544341710273010862_n-300x214.jpg 300w, https:\/\/www.bonberenea.com\/wp-content\/uploads\/2023\/12\/405970390_851620070090394_5544341710273010862_n-1024x731.jpg 1024w, https:\/\/www.bonberenea.com\/wp-content\/uploads\/2023\/12\/405970390_851620070090394_5544341710273010862_n-768x548.jpg 768w, https:\/\/www.bonberenea.com\/wp-content\/uploads\/2023\/12\/405970390_851620070090394_5544341710273010862_n-1536x1096.jpg 1536w, https:\/\/www.bonberenea.com\/wp-content\/uploads\/2023\/12\/405970390_851620070090394_5544341710273010862_n-890x635.jpg 890w, https:\/\/www.bonberenea.com\/wp-content\/uploads\/2023\/12\/405970390_851620070090394_5544341710273010862_n-663x473.jpg 663w\" sizes=\"(max-width: 755px) 100vw, 755px\" \/><\/p>\n<p style=\"text-align: center;\">La txaranga Bonberenea surgio en un aniversario de la casa con la excusa de echar una buena parranda, han pasado ya 20 a\u00f1os desde aquella primera actuaci\u00f3n y la cosa no para. Desde entonces se han grabado 6 disco en el estudio de casa, un DVD en directo y han ofrecido mas de 220 actuaciones en diferentes punto de Euskal Herria, colaborando con diferentes artistas como payasos, musicos\u2026 a la vez tambien colaborando con asociaciones y colectivos varios. En todos estos a\u00f1os son muchas las personas que han pasado por la Txaranga teniendo todos una cosa en comun, han sido formados desde muy jovenes por los miembros mas veteranos. Siguiendo con esta filosofia seguiremos trabajando en una txaranga autogestionada, abierta a las personas y a nuevos retos.<\/p>\n<p>[\/vc_column_text][\/vc_column][\/vc_row][vc_row bg_type=&#8221;bg_color&#8221; bg_override=&#8221;9&#8243; bg_color_value=&#8221;#000000&#8243;][vc_column][vc_empty_space height=&#8221;64px&#8221;][vc_row_inner][vc_column_inner width=&#8221;1\/3&#8243;]<div class=\"stats-block stats-top  \"><div class=\"aio-icon-top\"><div class=\"ult-just-icon-wrapper  \"><div class=\"align-icon\" style=\"text-align:center;\">\n<div class=\"aio-icon none \"  style=\"color:#333333;font-size:32px;display:inline-block;\">\n\t<i class=\"Defaults-music\"><\/i>\n<\/div><\/div><\/div><\/div><div class=\"stats-desc\" id=\"counter-responsv-wrap-7771\"><div id=\"counter_15280040176a04645ccffb9\" data-id=\"counter_15280040176a04645ccffb9\"  data-ultimate-target='#counter-responsv-wrap-7771 .stats-number'  data-responsive-json-new='{\"font-size\":\"\",\"line-height\":\"\"}'  class=\"stats-number ult-responsive\" style=\"font-size:28px;  \" data-speed=\"3\" data-counter-value=\"241\" data-separator=\",\" data-decimal=\".\">0<\/div><div id=\"counter_15280040176a04645ccffb9\"  data-ultimate-target='#counter-responsv-wrap-7771 .stats-text'  data-responsive-json-new='{\"font-size\":\"\",\"line-height\":\"\"}'  class=\"stats-text ult-responsive\" style=\"font-size:18px;  \">Actuaciones<\/div><\/div><\/div>[\/vc_column_inner][vc_column_inner width=&#8221;1\/3&#8243;]<div class=\"stats-block stats-top  \"><div class=\"aio-icon-top\"><div class=\"ult-just-icon-wrapper  \"><div class=\"align-icon\" style=\"text-align:center;\">\n<div class=\"aio-icon none \"  style=\"color:#333333;font-size:32px;display:inline-block;\">\n\t<i class=\"Defaults-headphones\"><\/i>\n<\/div><\/div><\/div><\/div><div class=\"stats-desc\" id=\"counter-responsv-wrap-7922\"><div id=\"counter_34397236546a04645cd008e\" data-id=\"counter_34397236546a04645cd008e\"  data-ultimate-target='#counter-responsv-wrap-7922 .stats-number'  data-responsive-json-new='{\"font-size\":\"\",\"line-height\":\"\"}'  class=\"stats-number ult-responsive\" style=\"font-size:28px;  \" data-speed=\"3\" data-counter-value=\"6\" data-separator=\",\" data-decimal=\".\">0<\/div><div id=\"counter_34397236546a04645cd008e\"  data-ultimate-target='#counter-responsv-wrap-7922 .stats-text'  data-responsive-json-new='{\"font-size\":\"\",\"line-height\":\"\"}'  class=\"stats-text ult-responsive\" style=\"font-size:18px;  \">Discos<\/div><\/div><\/div>[\/vc_column_inner][vc_column_inner width=&#8221;1\/3&#8243;]<div class=\"stats-block stats-top  \"><div class=\"aio-icon-top\"><div class=\"ult-just-icon-wrapper  \"><div class=\"align-icon\" style=\"text-align:center;\">\n<div class=\"aio-icon none \"  style=\"color:#333333;font-size:32px;display:inline-block;\">\n\t<i class=\"Defaults-group\"><\/i>\n<\/div><\/div><\/div><\/div><div class=\"stats-desc\" id=\"counter-responsv-wrap-9886\"><div id=\"counter_30182478146a04645cd013d\" data-id=\"counter_30182478146a04645cd013d\"  data-ultimate-target='#counter-responsv-wrap-9886 .stats-number'  data-responsive-json-new='{\"font-size\":\"\",\"line-height\":\"\"}'  class=\"stats-number ult-responsive\" style=\"font-size:28px;  \" data-speed=\"3\" data-counter-value=\"40\" data-separator=\",\" data-decimal=\".\">0<\/div><div id=\"counter_30182478146a04645cd013d\"  data-ultimate-target='#counter-responsv-wrap-9886 .stats-text'  data-responsive-json-new='{\"font-size\":\"\",\"line-height\":\"\"}'  class=\"stats-text ult-responsive\" style=\"font-size:18px;  \">Musicos<\/div><\/div><\/div>[\/vc_column_inner][\/vc_row_inner][vc_empty_space height=&#8221;8px&#8221;][\/vc_column][\/vc_row][vc_row][vc_column][vc_column_text]<\/p>\n<p style=\"text-align: center;\"><strong>Promo:<\/strong><\/p>\n<p style=\"text-align: center;\">info@bonberenea.com<\/p>\n<p style=\"text-align: center;\"><strong>Contrataci\u00f3n:<\/strong><\/p>\n<p style=\"text-align: center;\">Mikel: 634 448 316<\/p>\n<p>[\/vc_column_text][\/vc_column][\/vc_row]<\/p>","protected":false},"excerpt":{"rendered":"<p>[vc_row][vc_column][vc_empty_space][vc_column_text] Bonberenea Txaranga es, sin duda alguna, uno de los mayores culpables que de el nombre y la fama que Bonberenea tiene ese expanda y arda como la p\u00f3lvora. Se puede decir que estos embajadores del proyecto autogestionado van de [&hellip;]<\/p>\n","protected":false},"author":1,"featured_media":0,"parent":0,"menu_order":0,"comment_status":"closed","ping_status":"closed","template":"template-page-fullwidth.php","meta":{"_exactmetrics_skip_tracking":false,"_exactmetrics_sitenote_active":false,"_exactmetrics_sitenote_note":"","_exactmetrics_sitenote_category":0},"_links":{"self":[{"href":"https:\/\/www.bonberenea.com\/es\/wp-json\/wp\/v2\/pages\/4531"}],"collection":[{"href":"https:\/\/www.bonberenea.com\/es\/wp-json\/wp\/v2\/pages"}],"about":[{"href":"https:\/\/www.bonberenea.com\/es\/wp-json\/wp\/v2\/types\/page"}],"author":[{"embeddable":true,"href":"https:\/\/www.bonberenea.com\/es\/wp-json\/wp\/v2\/users\/1"}],"replies":[{"embeddable":true,"href":"https:\/\/www.bonberenea.com\/es\/wp-json\/wp\/v2\/comments?post=4531"}],"version-history":[{"count":48,"href":"https:\/\/www.bonberenea.com\/es\/wp-json\/wp\/v2\/pages\/4531\/revisions"}],"predecessor-version":[{"id":36031,"href":"https:\/\/www.bonberenea.com\/es\/wp-json\/wp\/v2\/pages\/4531\/revisions\/36031"}],"wp:attachment":[{"href":"https:\/\/www.bonberenea.com\/es\/wp-json\/wp\/v2\/media?parent=4531"}],"curies":[{"name":"wp","href":"https:\/\/api.w.org\/{rel}","templated":true}]}}