{"id":21,"date":"2011-04-27T16:15:19","date_gmt":"2011-04-27T15:15:19","guid":{"rendered":"https:\/\/www.bonberenea.com\/?page_id=21"},"modified":"2014-12-03T13:08:59","modified_gmt":"2014-12-03T12:08:59","slug":"sutan-2010","status":"publish","type":"page","link":"https:\/\/www.bonberenea.com\/es\/bonberenea-sutan\/jaialdia\/sutan-2010\/","title":{"rendered":"Bonberenea Sutan 2010"},"content":{"rendered":"<p>[vc_row][vc_column width=&#8221;1\/1&#8243;][vc_video link=&#8221;http:\/\/www.youtube.com\/watch?v=capO4QxhKIw&#8221;][\/vc_column][\/vc_row][vc_row el_class=&#8221;margin-10&#8243; bg_type=&#8221;no_bg&#8221; bg_grad=&#8221;background: -webkit-gradient(linear, left top, left bottom, color-stop(0%, #FBFBFB), color-stop(50%, #E3E3E3), color-stop(100%, #C2C2C2));background: -moz-linear-gradient(top,#FBFBFB 0%,#E3E3E3 50%,#C2C2C2 100%);background: -webkit-linear-gradient(top,#FBFBFB 0%,#E3E3E3 50%,#C2C2C2 100%);background: -o-linear-gradient(top,#FBFBFB 0%,#E3E3E3 50%,#C2C2C2 100%);background: -ms-linear-gradient(top,#FBFBFB 0%,#E3E3E3 50%,#C2C2C2 100%);background: linear-gradient(top,#FBFBFB 0%,#E3E3E3 50%,#C2C2C2 100%);&#8221; parallax_style=&#8221;vcpb-default&#8221; bg_image_repeat=&#8221;no-repeat&#8221; bg_image_size=&#8221;cover&#8221; bg_img_attach=&#8221;fixed&#8221; parallax_sense=&#8221;10&#8243; overlay_set=&#8221;overlay_hide&#8221; overlay_opacity=&#8221;50&#8243; bg_animation=&#8221;upb_default_animation&#8221; bg_override=&#8221;0&#8243;][vc_column width=&#8221;2\/3&#8243;][vc_column_text]Parece ser,(por que no tenemos respuesta) que en los planes de futuro del ayto. de Tolosa para el barrio donde esta ubicado BONBERENEA esta previsto derruir nuestro peque\u00f1o museo al rock y a la m\u00fasica y arte alternativo en general.Para construir una nueva colmena dormitorio (fr\u00eda y moderna) donde desapareceran por ejemplo la gran mayor\u00eda de zonas verdes, edificios que no son viviendas multifamiliares del barrio esto es (villas,talleres, bloques de pocos pisos,edificios semi-industriales).<\/p>\n<p>Ellos ofrecen una nueva ubicaci\u00f3n para nuestra casa.(Que ya no seria la nuestra sino la que ellos habr\u00edan construido) con todo lo que ello conlleva &#8230;&#8230;..<\/p>\n<p>\u00bfseria bonberenea municipal?\u00bfservir\u00edamos para rellenar panfletos electorales?\u00bfnos tratar\u00edan de manejar siempre bajo la presi\u00f3n de que la casa es suya? Por que no seria nuestra casa sino la suya&#8230;<\/p>\n<p>El grupo de gente que trabaja para y alrededor de bonberenea NO quiere perder la sede donde se empezaron a construir todos los sue\u00f1os que mas tarde han sido realidad y hemos disfrutado aqu\u00ed.<\/p>\n<p>Por que solo viviendo desde dentro bonberenea se entiende por que no queremos una casa nueva.<\/p>\n<p>A nosotros nos gustaria seguir disfrutando (y que a las generaciones que vienen detras tambien) de nuestra VIEJA CASA ,puesto que ya tiene todo lo que necesitamos y esta hecha a nuestra medida.[\/vc_column_text][\/vc_column][vc_column width=&#8221;1\/3&#8243;][vc_single_image image=&#8221;10516&#8243; border_color=&#8221;grey&#8221; img_link_target=&#8221;_self&#8221; img_size=&#8221;medium&#8221; img_link_large=&#8221;yes&#8221; alignment=&#8221;center&#8221;][\/vc_column][\/vc_row][vc_row bg_type=&#8221;no_bg&#8221; bg_grad=&#8221;background: -webkit-gradient(linear, left top, left bottom, color-stop(0%, #FBFBFB), color-stop(50%, #E3E3E3), color-stop(100%, #C2C2C2));background: -moz-linear-gradient(top,#FBFBFB 0%,#E3E3E3 50%,#C2C2C2 100%);background: -webkit-linear-gradient(top,#FBFBFB 0%,#E3E3E3 50%,#C2C2C2 100%);background: -o-linear-gradient(top,#FBFBFB 0%,#E3E3E3 50%,#C2C2C2 100%);background: -ms-linear-gradient(top,#FBFBFB 0%,#E3E3E3 50%,#C2C2C2 100%);background: linear-gradient(top,#FBFBFB 0%,#E3E3E3 50%,#C2C2C2 100%);&#8221; parallax_style=&#8221;vcpb-default&#8221; bg_image_repeat=&#8221;no-repeat&#8221; bg_image_size=&#8221;cover&#8221; bg_img_attach=&#8221;fixed&#8221; parallax_sense=&#8221;10&#8243; overlay_set=&#8221;overlay_hide&#8221; overlay_opacity=&#8221;50&#8243; bg_animation=&#8221;upb_default_animation&#8221; bg_override=&#8221;0&#8243;][vc_column width=&#8221;1\/1&#8243;][vc_column_text]NADIE contesta nada claro conciso ni comprometido sobre la peticion que se hace al ayto.de mantener nuestro espacio.<\/p>\n<p>Tolosako udaletxetik INORK ez du erantzunik ematen, bereziki etxearen babesa jasotzeko.<\/p>\n<p>Unos se pasan la pelota a otros mientras el tiempo transcurre y el que espera no desespera pero sufre la incertidumbre (dificil de sufrir donde las haya).<\/p>\n<p>Entendemos que siendo ciudadanos y ciudadanas tolosarras nos merecemos el mismo respeto que el resto del pueblo y dentro de ese respeto hacia nosotros y hacia nuestro trabajo estaria contarnos algo sobre el futuro del barrio con total sinceridad y seriedad.<\/p>\n<p>UNA BUENA RESPUESTA PUBLICA<\/p>\n<p>Reciclemos boberenea como reciclan em el mundo multitud de edificaciones emblematicas, miremos hacia fuera y veremos que el resto del planeta trata de respetar y respeta todo este tipo de cosas.<\/p>\n<p>Si formas parte de un grupo sea cual sea su fin (siempre alrededor de la cultura, sin fines politicos,religiosos ,racistas etc&#8230;.<\/p>\n<p>Y quieres firmar una rese\u00f1a de apoyo hacia nosotros , nosotras y nuestra humilde noble causa&#8230;.<\/p>\n<p>ADELANTE te lo agradecemos de antemano y pasaras a formar parte de nuestra familia (si no lo eres ya.)<\/p>\n<p>MILA ESKER \u00a0MIL GRACIAS \u00a0THAKS A LOT[\/vc_column_text][\/vc_column][\/vc_row][vc_row][vc_column width=&#8221;1\/3&#8243;][vc_images_carousel onclick=&#8221;link_image&#8221; custom_links_target=&#8221;_self&#8221; mode=&#8221;horizontal&#8221; speed=&#8221;5000&#8243; slides_per_view=&#8221;1&#8243; title=&#8221;Sexty Sexers&#8221; images=&#8221;8031,8034,8036,8035,8033,8032,8037,8038&#8243;][\/vc_column][vc_column width=&#8221;1\/3&#8243;][vc_images_carousel images=&#8221;8019,8020,8022,8021,8023&#8243; onclick=&#8221;link_image&#8221; custom_links_target=&#8221;_self&#8221; mode=&#8221;horizontal&#8221; speed=&#8221;5000&#8243; slides_per_view=&#8221;1&#8243; title=&#8221;Doctor Deseo&#8221;][\/vc_column][vc_column width=&#8221;1\/3&#8243;][vc_images_carousel images=&#8221;8010,8009,8008,8007,8006,8011&#8243; onclick=&#8221;link_image&#8221; custom_links_target=&#8221;_self&#8221; mode=&#8221;horizontal&#8221; speed=&#8221;5000&#8243; slides_per_view=&#8221;1&#8243; title=&#8221;Ama Say&#8221;][\/vc_column][\/vc_row][vc_row][vc_column width=&#8221;1\/3&#8243;][vc_images_carousel onclick=&#8221;link_image&#8221; custom_links_target=&#8221;_self&#8221; mode=&#8221;horizontal&#8221; speed=&#8221;5000&#8243; slides_per_view=&#8221;1&#8243; title=&#8221;Atom Rhumba&#8221; images=&#8221;7982,7981,7980,7983&#8243;][\/vc_column][vc_column width=&#8221;1\/3&#8243;][vc_images_carousel images=&#8221;7993,7992,7991,7990,7994&#8243; onclick=&#8221;link_image&#8221; custom_links_target=&#8221;_self&#8221; mode=&#8221;horizontal&#8221; speed=&#8221;5000&#8243; slides_per_view=&#8221;1&#8243; title=&#8221;Anari&#8221;][\/vc_column][vc_column width=&#8221;1\/3&#8243;][vc_images_carousel images=&#8221;11378,11377&#8243; onclick=&#8221;link_image&#8221; custom_links_target=&#8221;_self&#8221; mode=&#8221;horizontal&#8221; speed=&#8221;5000&#8243; slides_per_view=&#8221;1&#8243; title=&#8221;Txakapatata Brothers DJ&#8221;][\/vc_column][\/vc_row][vc_row][vc_column][vc_column_text]<\/p>\n<p>[\/vc_column_text][\/vc_column][\/vc_row]<\/p>","protected":false},"excerpt":{"rendered":"<p>[vc_row][vc_column width=&#8221;1\/1&#8243;][vc_video link=&#8221;http:\/\/www.youtube.com\/watch?v=capO4QxhKIw&#8221;][\/vc_column][\/vc_row][vc_row el_class=&#8221;margin-10&#8243; bg_type=&#8221;no_bg&#8221; bg_grad=&#8221;background: -webkit-gradient(linear, left top, left bottom, color-stop(0%, #FBFBFB), color-stop(50%, #E3E3E3), color-stop(100%, #C2C2C2));background: -moz-linear-gradient(top,#FBFBFB 0%,#E3E3E3 50%,#C2C2C2 100%);background: -webkit-linear-gradient(top,#FBFBFB 0%,#E3E3E3 50%,#C2C2C2 100%);background: -o-linear-gradient(top,#FBFBFB 0%,#E3E3E3 50%,#C2C2C2 100%);background: -ms-linear-gradient(top,#FBFBFB 0%,#E3E3E3 50%,#C2C2C2 100%);background: linear-gradient(top,#FBFBFB 0%,#E3E3E3 50%,#C2C2C2 100%);&#8221; parallax_style=&#8221;vcpb-default&#8221; bg_image_repeat=&#8221;no-repeat&#8221; bg_image_size=&#8221;cover&#8221; [&hellip;]<\/p>\n","protected":false},"author":1,"featured_media":0,"parent":17,"menu_order":0,"comment_status":"closed","ping_status":"closed","template":"template-page-fullwidth.php","meta":{"_exactmetrics_skip_tracking":false,"_exactmetrics_sitenote_active":false,"_exactmetrics_sitenote_note":"","_exactmetrics_sitenote_category":0},"_links":{"self":[{"href":"https:\/\/www.bonberenea.com\/es\/wp-json\/wp\/v2\/pages\/21"}],"collection":[{"href":"https:\/\/www.bonberenea.com\/es\/wp-json\/wp\/v2\/pages"}],"about":[{"href":"https:\/\/www.bonberenea.com\/es\/wp-json\/wp\/v2\/types\/page"}],"author":[{"embeddable":true,"href":"https:\/\/www.bonberenea.com\/es\/wp-json\/wp\/v2\/users\/1"}],"replies":[{"embeddable":true,"href":"https:\/\/www.bonberenea.com\/es\/wp-json\/wp\/v2\/comments?post=21"}],"version-history":[{"count":2,"href":"https:\/\/www.bonberenea.com\/es\/wp-json\/wp\/v2\/pages\/21\/revisions"}],"predecessor-version":[{"id":7943,"href":"https:\/\/www.bonberenea.com\/es\/wp-json\/wp\/v2\/pages\/21\/revisions\/7943"}],"up":[{"embeddable":true,"href":"https:\/\/www.bonberenea.com\/es\/wp-json\/wp\/v2\/pages\/17"}],"wp:attachment":[{"href":"https:\/\/www.bonberenea.com\/es\/wp-json\/wp\/v2\/media?parent=21"}],"curies":[{"name":"wp","href":"https:\/\/api.w.org\/{rel}","templated":true}]}}