{"id":204,"date":"2011-04-29T15:18:50","date_gmt":"2011-04-29T14:18:50","guid":{"rendered":"https:\/\/www.bonberenea.com\/?page_id=204"},"modified":"2014-12-01T10:59:01","modified_gmt":"2014-12-01T09:59:01","slug":"historia","status":"publish","type":"page","link":"https:\/\/www.bonberenea.com\/es\/etxea-ezagutu\/historia\/","title":{"rendered":"Historia"},"content":{"rendered":"<p><\/p>\n<p><p>El gaztetxe Bonberenea est\u00e1 a punto de celebrar su 15 aniversario en el momento en el que se escribe este texto. No son muchos los movimientos alternativos que consiguen durar a lo largo de 15 a\u00f1os. Menos a\u00fan los que han conseguido semejante desarrollo y siguen tan vivos (o m\u00e1s) que al principio.<\/p>\n<p>Si bien no sabemos d\u00f3nde acabar\u00e1, sabemos que la larga historia de esta casa comenz\u00f3 en invierno de 1997. Aquella Tolosa triste y oscura atravesaba un invierno que se alargaba ya durante unos a\u00f1os y los j\u00f3venes y la cultura en general padec\u00edan una situaci\u00f3n lamentable. En aquella Tolosa azotada por la reconversi\u00f3n industrial no hab\u00eda ning\u00fan lugar ni ning\u00fan espacio para j\u00f3venes. Menos a\u00fan teniendo en cuenta la actitud de los mandatarios de aquellos a\u00f1os.<\/p>\n<p><em>\u00a0\u00a0\u00a0\u00a0\u00a0\u00a0\u00a0\u00a0\u00a0\u00a0\u00a0 <\/em>Siendo as\u00ed las cosas, era evidente la necesidad de un espacio propio para la juventud de Tolosa y alrededores. La \u00fanica salida era la ocupaci\u00f3n, y la primera se efectu\u00f3 el 5 de Diciembre de 1997. Hay que mencionar que el gaztetxe debe su nombre a aquel primer edificio ocupado. Entre otras cosas, hab\u00eda servido de sede para los bomberos de Tolosa (<em>Bonberenea <\/em>= casa de los bomberos).<\/p>\n<p><a href=\"https:\/\/bonberenea.com\/wp-content\/uploads\/2014\/10\/fatxada1997.jpg\"><img decoding=\"async\" class=\"aligncenter  wp-image-8178\" src=\"https:\/\/bonberenea.com\/wp-content\/uploads\/2014\/10\/fatxada1997.jpg\" alt=\"fatxada1997\" width=\"350\" height=\"205\" \/><\/a><\/p>\n<p>Sin embargo, no dur\u00f3 mucho la estancia de aquellos j\u00f3venes dentro de la casa, ya que a los pocos d\u00edas de ocuparse se realiz\u00f3 el desalojo, ordenado por el entonces alcalde de la villa. Tras ponerse en marcha las protestas se ocup\u00f3 una segunda casa (el antiguo cine de Igarondo). Aunque s\u00f3lo duraron unas horas, los desalojados por segunda vez ocuparon un tercer espacio el mismo d\u00eda: el edificio que hoy en d\u00eda conocemos como <em>Topic<\/em>.<\/p>\n<p><a href=\"https:\/\/bonberenea.com\/wp-content\/uploads\/2014\/10\/fatxada1998.gif\"><img decoding=\"async\" class=\"aligncenter size-full wp-image-8179\" src=\"https:\/\/bonberenea.com\/wp-content\/uploads\/2014\/10\/fatxada1998.gif\" alt=\"fatxada1998\" width=\"212\" height=\"282\" \/><\/a><\/p>\n<p><em>\u00a0\u00a0\u00a0\u00a0\u00a0\u00a0\u00a0\u00a0\u00a0\u00a0\u00a0 <\/em>Aunque aguantaron un poco m\u00e1s de tiempo que en las anteriores ocasiones, fueron devueltos a la calle nada m\u00e1s comenzar el a\u00f1o 1998 (el 9 de Enero). De nuevo hubo protestas, manifestaciones y kalejiras. De nuevo realizaron actividades en la calle, de la forma en la que se pod\u00eda, despose\u00eddos de su espacio propio. La famosa canci\u00f3n \u201cBonberenea\u201d, compuesta por Deabruak Teilatuetan, es de aquellos fr\u00edos d\u00edas de invierno.<\/p>\n<p>Poco a poco se fue enfriando la fuerza de aquellos j\u00f3venes. De todas formas, los mandatarios no consiguieron congelar el movimiento del todo y las elecciones de 1999 alteraron de forma radical el panorama, ya que Euskal Herritarrok alcanz\u00f3 el poder en el ayuntamiento, en detrimento de la fuerza pol\u00edtica imperante hasta el momento. Si bien el nuevo ayuntamiento no les mostr\u00f3 su apoyo p\u00fablico, mostr\u00f3 su sentido com\u00fan al no tomar medidas contra los j\u00f3venes que ocuparon la casa actual de Bonberenea. Fue el 23 de Diciembre de 1999.<\/p>\n<p><a href=\"https:\/\/bonberenea.com\/wp-content\/uploads\/2014\/10\/bonberenea.jpg\"><img decoding=\"async\" class=\"aligncenter wp-image-8173 \" src=\"https:\/\/bonberenea.com\/wp-content\/uploads\/2014\/10\/bonberenea-290x290.jpg\" alt=\"bonberenea\" width=\"250\" height=\"250\" srcset=\"https:\/\/www.bonberenea.com\/wp-content\/uploads\/2014\/10\/bonberenea-290x290.jpg 290w, https:\/\/www.bonberenea.com\/wp-content\/uploads\/2014\/10\/bonberenea-100x100.jpg 100w, https:\/\/www.bonberenea.com\/wp-content\/uploads\/2014\/10\/bonberenea-350x350.jpg 350w, https:\/\/www.bonberenea.com\/wp-content\/uploads\/2014\/10\/bonberenea-300x300.jpg 300w, https:\/\/www.bonberenea.com\/wp-content\/uploads\/2014\/10\/bonberenea-400x400.jpg 400w\" sizes=\"(max-width: 250px) 100vw, 250px\" \/><\/a><\/p>\n<p style=\"text-align: left;\">Aunque las malas lenguas no daban un duro por su duraci\u00f3n, nada m\u00e1s entrar en la casa comenzaron las tareas de acondicionamiento del lugar: limpieza, construcci\u00f3n del nuevo escenario, construcci\u00f3n de la barra, pintar las paredes\u2026 En cuanto se compr\u00f3 un equipo de sonido comenzaron a organizarse los primeros conciertos.<\/p>\n<p><a href=\"https:\/\/bonberenea.com\/wp-content\/uploads\/2014\/10\/deabrus-02.jpg\"><img decoding=\"async\" class=\"aligncenter  wp-image-8189\" src=\"https:\/\/bonberenea.com\/wp-content\/uploads\/2014\/10\/deabrus-02.jpg\" alt=\"Deabruak Teilatuetan\" width=\"350\" height=\"208\" \/><\/a><\/p>\n<p><em>\u00a0\u00a0\u00a0\u00a0\u00a0\u00a0\u00a0\u00a0\u00a0\u00a0\u00a0 <\/em>Poco a poco se fueron programando actividades de diverso tipo y se cre\u00f3 la plataforma que actualmente conocemos como Bonberenea Ekintzak, que es conocida por la publicaci\u00f3n de discos y otros soportes. Sin embargo, abarca mucho m\u00e1s que eso, ya que podemos incluir en ella otro tipo de actividades que se han realizado a lo largo de los a\u00f1os en el gaztetxe: competiciones deportivas, talleres varios (macrobi\u00f3tica, teatro\u2026).<\/p>\n<p><em>\u00a0\u00a0\u00a0\u00a0\u00a0\u00a0\u00a0\u00a0\u00a0\u00a0\u00a0 <\/em>El estudio de grabaci\u00f3n se cre\u00f3 en el a\u00f1o 2002. Para poder grabar algunas canciones del recopilatorio <em>\u201cOztopo guztien gainetik\u201d<\/em> se tuvo que improvisar un espacio, que poco a poco ir\u00eda afianz\u00e1ndose hasta convertirse en un fruct\u00edfero estudio en el que han tenido lugar un sinf\u00edn de grabaciones.<\/p>\n<p><a href=\"https:\/\/bonberenea.com\/wp-content\/uploads\/2011\/04\/Estudioa1.jpg\"><img decoding=\"async\" class=\"aligncenter  wp-image-8848\" src=\"https:\/\/bonberenea.com\/wp-content\/uploads\/2011\/04\/Estudioa1.jpg\" alt=\"Estudioa\" width=\"350\" height=\"237\" \/><\/a><\/p>\n<p><em>\u00a0\u00a0\u00a0\u00a0\u00a0\u00a0\u00a0\u00a0\u00a0\u00a0\u00a0 <\/em>As\u00ed fueron surgiendo las actividades de aquella \u00e9poca. Algunas duraron un breve periodo de tiempo, otras fueron m\u00e1s extensas y algunas a\u00fan se mantienen. Entre estas \u00faltimas cabe destacar la Txaranga Bonberenea, nacida en 2003 y que ha publicado 3 discos hasta la fecha. Uno de ellos con los famosos payasos <em>Pirritx, Porrotx eta Marimotots<\/em>.<\/p>\n<p><em>\u00a0\u00a0\u00a0\u00a0\u00a0\u00a0\u00a0\u00a0\u00a0\u00a0\u00a0 <\/em>Una constante revoluci\u00f3n se instal\u00f3 en la casa, y poco a poco se fueron mejorando las infraestructuras y los recursos con los que se contaban. 2004, por citar un ejemplo, fue el a\u00f1o de las reformas, ya que se renovaron muchas parcelas del edificio: el estudio, la cocina, las puertas\u2026<\/p>\n<p><em>\u00a0\u00a0\u00a0\u00a0\u00a0\u00a0\u00a0\u00a0\u00a0\u00a0\u00a0 <\/em>Una verdadera revoluci\u00f3n debe ser constante y lo aprendido en los proyectos realizados debe de servir para dar pasos hacia delante y llegar a \u00e1mbitos a\u00fan no alcanzados. As\u00ed, en 2006 vio la luz el DVD recopilatorio <em>Bonberenea Suffle<\/em>, repleto de actuaciones grabadas en los conciertos. Hab\u00eda pasado ya una considerable cantidad de grupos por el estudio de grabaci\u00f3n de Bonberenea, pero no era suficiente. El pr\u00f3ximo objetivo era aprender a hacer videos y editar un DVD. Tambi\u00e9n se logr\u00f3.<\/p>\n<p><em>\u00a0\u00a0\u00a0\u00a0\u00a0\u00a0\u00a0\u00a0\u00a0\u00a0\u00a0 <\/em>Con el paso del tiempo, se han realizado otro mont\u00f3n de actividades, contando cada vez con una infraestructura m\u00e1s s\u00f3lida pero, a su vez, apuntando a metas cada vez m\u00e1s dif\u00edciles. Por ejemplo, se han celebrado ya 3 ediciones del festival Bonberenea Sutan: 2008, 2010 y 2012.<\/p>\n<p><a href=\"https:\/\/bonberenea.com\/wp-content\/uploads\/2014\/10\/lisabo-2.jpg\"><img decoding=\"async\" class=\"aligncenter size-full wp-image-7986\" src=\"https:\/\/bonberenea.com\/wp-content\/uploads\/2014\/10\/lisabo-2.jpg\" alt=\"Lisab\u00f6\" width=\"350\" height=\"262\" srcset=\"https:\/\/www.bonberenea.com\/wp-content\/uploads\/2014\/10\/lisabo-2.jpg 350w, https:\/\/www.bonberenea.com\/wp-content\/uploads\/2014\/10\/lisabo-2-300x225.jpg 300w\" sizes=\"(max-width: 350px) 100vw, 350px\" \/><\/a><\/p>\n<p><em>\u00a0\u00a0\u00a0\u00a0\u00a0\u00a0\u00a0\u00a0\u00a0\u00a0\u00a0 <\/em>No han cesado las protestas durante estos a\u00f1os, como la kalejira realizada coincidiendo con los San Juanes de 2010. De la misma forma, la declaraci\u00f3n de intenciones que tom\u00f3 por nombre <em>Piromanoen Deialdia<\/em> segu\u00eda el mismo camino. La realidad muestra que a d\u00eda de hoy Bonberenea no tiene garantizado su futuro. La verdadera soberan\u00eda no existe si hay dudas con respecto al porvenir. Es precisamente en lo que la casa est\u00e1 trabajando ahora mismo, porque no quiere depender de lo que dicte veleta de los pol\u00edticos.<\/p>\n<p><em>\u00a0\u00a0\u00a0\u00a0\u00a0\u00a0\u00a0\u00a0\u00a0\u00a0\u00a0 <\/em>Siendo as\u00ed las cosas, el objetivo de los pir\u00f3manos que forman el movimiento de Bonberenea es mantenerse firmes en su trayectoria. Nuevos proyectos, nuevos \u00e1mbitos, mejores proyectos en \u00e1mbitos trabajados hasta ahora&#8230; Igual que el recopilatorio publicado para celebrar el 10 aniversario de la plataforma Bonberenea Ekintzak, cuyo nombre es <em>Bonberenea Ekintzak 2002012 Doinuen Hamarkada <\/em>y en el que se integran diversos \u00e1mbitos de trabajo en los que se ha trabajado hasta ahora: actuaciones en directo, videoclips, un cat\u00e1logo con todas las referencias publicadas hasta ahora\u2026<\/p>\n<p><em>\u00a0\u00a0\u00a0\u00a0\u00a0\u00a0\u00a0\u00a0\u00a0\u00a0\u00a0 <\/em>La cuesti\u00f3n es seguir hacia delante, o por lo menos intentarlo. No parece que la vida de esta casa se vaya a acabar, siempre y cuando no se le pongan barreras desde fuera\u2026<\/p>\n<p>&nbsp;<\/p>\n<p style=\"text-align: center;\">\n<p><\/p>","protected":false},"excerpt":{"rendered":"<p>El gaztetxe Bonberenea est\u00e1 a punto de celebrar su 15 aniversario en el momento en el que se escribe este texto. No son muchos los movimientos alternativos que consiguen durar a lo largo de 15 a\u00f1os. Menos a\u00fan los que [&hellip;]<\/p>\n","protected":false},"author":1,"featured_media":0,"parent":12232,"menu_order":0,"comment_status":"closed","ping_status":"closed","template":"template-page-fullwidth.php","meta":{"_exactmetrics_skip_tracking":false,"_exactmetrics_sitenote_active":false,"_exactmetrics_sitenote_note":"","_exactmetrics_sitenote_category":0},"_links":{"self":[{"href":"https:\/\/www.bonberenea.com\/es\/wp-json\/wp\/v2\/pages\/204"}],"collection":[{"href":"https:\/\/www.bonberenea.com\/es\/wp-json\/wp\/v2\/pages"}],"about":[{"href":"https:\/\/www.bonberenea.com\/es\/wp-json\/wp\/v2\/types\/page"}],"author":[{"embeddable":true,"href":"https:\/\/www.bonberenea.com\/es\/wp-json\/wp\/v2\/users\/1"}],"replies":[{"embeddable":true,"href":"https:\/\/www.bonberenea.com\/es\/wp-json\/wp\/v2\/comments?post=204"}],"version-history":[{"count":2,"href":"https:\/\/www.bonberenea.com\/es\/wp-json\/wp\/v2\/pages\/204\/revisions"}],"predecessor-version":[{"id":4120,"href":"https:\/\/www.bonberenea.com\/es\/wp-json\/wp\/v2\/pages\/204\/revisions\/4120"}],"up":[{"embeddable":true,"href":"https:\/\/www.bonberenea.com\/es\/wp-json\/wp\/v2\/pages\/12232"}],"wp:attachment":[{"href":"https:\/\/www.bonberenea.com\/es\/wp-json\/wp\/v2\/media?parent=204"}],"curies":[{"name":"wp","href":"https:\/\/api.w.org\/{rel}","templated":true}]}}