{"id":12232,"date":"2014-11-12T10:14:13","date_gmt":"2014-11-12T09:14:13","guid":{"rendered":"https:\/\/www.bonberenea.com\/?page_id=12232"},"modified":"2019-04-13T20:14:13","modified_gmt":"2019-04-13T19:14:13","slug":"etxea-ezagutu","status":"publish","type":"page","link":"https:\/\/www.bonberenea.com\/es\/etxea-ezagutu\/","title":{"rendered":"Sobre la casa"},"content":{"rendered":"<p>[vc_row][vc_column]<div class=\"ult-spacer spacer-69fc88457d69a\" data-id=\"69fc88457d69a\" data-height=\"100\" data-height-mobile=\"100\" data-height-tab=\"100\" data-height-tab-portrait=\"\" data-height-mobile-landscape=\"\" style=\"clear:both;display:block;\"><\/div>[vc_custom_heading text=&#8221;Reivindicaci\u00f3n&#8221; font_container=&#8221;tag:h3|font_size:35|text_align:center|color:%23909090&#8243; google_fonts=&#8221;font_family:Lato%3A100%2C100italic%2C300%2C300italic%2Cregular%2Citalic%2C700%2C700italic%2C900%2C900italic|font_style:700%20bold%20regular%3A700%3Anormal&#8221;][vc_column_text]<\/p>\n<p style=\"text-align: center;\">A d\u00eda de hoy, el gaztetxe Bonberenea (uno de los activos culturales m\u00e1s importantes de Tolosa) no tiene garantizado su futuro. Es lo que los pir\u00f3manos reclamamos a las instituciones competentes: que garanticen que esta casa no se va a tocar y que su futuro no depender\u00e1 de la voluntad de la fuerza pol\u00edtica que gobierne.<\/p>\n<p style=\"text-align: center;\">[\/vc_column_text][vc_button2 title=&#8221;VER MAS&#8221; link=&#8221;url:https%3A%2F%2Fbonberenea.com%2Fetxea-ezagutu%2F21-urteurrena%2F|title:Reivindicacion||&#8221; el_class=&#8221;more&#8221;]<div class=\"ult-spacer spacer-69fc88457d6b1\" data-id=\"69fc88457d6b1\" data-height=\"100\" data-height-mobile=\"100\" data-height-tab=\"100\" data-height-tab-portrait=\"\" data-height-mobile-landscape=\"\" style=\"clear:both;display:block;\"><\/div>[\/vc_column][\/vc_row][vc_row bg_type=&#8221;image&#8221; parallax_style=&#8221;vcpb-default&#8221; bg_image_new=&#8221;11486&#8243; bg_image_repeat=&#8221;no-repeat&#8221; bg_image_size=&#8221;cover&#8221; bg_img_attach=&#8221;fixed&#8221; bg_override=&#8221;9&#8243; enable_overlay=&#8221;enable_overlay_value&#8221; overlay_color=&#8221;#000000&#8243; overlay_pattern_opacity=&#8221;60&#8243;][vc_column][vc_row_inner][vc_column_inner]<div class=\"ult-spacer spacer-69fc88457d6c7\" data-id=\"69fc88457d6c7\" data-height=\"100\" data-height-mobile=\"100\" data-height-tab=\"100\" data-height-tab-portrait=\"\" data-height-mobile-landscape=\"\" style=\"clear:both;display:block;\"><\/div>[vc_custom_heading text=&#8221;Desde 1997&#8243; font_container=&#8221;tag:h3|font_size:35|text_align:center|color:%23909090&#8243; google_fonts=&#8221;font_family:Lato%3A100%2C100italic%2C300%2C300italic%2Cregular%2Citalic%2C700%2C700italic%2C900%2C900italic|font_style:700%20bold%20regular%3A700%3Anormal&#8221;][vc_column_text]<\/p>\n<p style=\"text-align: center;\">Aqui recogeremos las fotos de otros edificios que se han ocupado tanto como fotos de la evolucion del edificio actual.<\/p>\n<p>[\/vc_column_text][vc_button2 title=&#8221;VER MAS&#8221; link=&#8221;url:https%3A%2F%2Fbonberenea.com%2Fes%2Fetxea-ezagutu%2Fetxea-1997-tik%2F|title:Desde%201997|&#8221; el_class=&#8221;more&#8221;]<div class=\"ult-spacer spacer-69fc88457d6df\" data-id=\"69fc88457d6df\" data-height=\"100\" data-height-mobile=\"100\" data-height-tab=\"100\" data-height-tab-portrait=\"\" data-height-mobile-landscape=\"\" style=\"clear:both;display:block;\"><\/div>[\/vc_column_inner][\/vc_row_inner][\/vc_column][\/vc_row][vc_row][vc_column]<div class=\"ult-spacer spacer-69fc88457d6f5\" data-id=\"69fc88457d6f5\" data-height=\"100\" data-height-mobile=\"100\" data-height-tab=\"100\" data-height-tab-portrait=\"\" data-height-mobile-landscape=\"\" style=\"clear:both;display:block;\"><\/div>[vc_custom_heading text=&#8221;Txokos&#8221; font_container=&#8221;tag:h3|font_size:35|text_align:center|color:%23909090&#8243; google_fonts=&#8221;font_family:Lato%3A100%2C100italic%2C300%2C300italic%2Cregular%2Citalic%2C700%2C700italic%2C900%2C900italic|font_style:700%20bold%20regular%3A700%3Anormal&#8221;][vc_column_text]<\/p>\n<p style=\"text-align: center;\">Aqui os ense\u00f1aremos todos los txokos de la casa, para aquellos que no han tenido oportunidad de visitarla puedan ver las habitaciones.<\/p>\n<p>[\/vc_column_text][vc_button2 title=&#8221;VER MAS&#8221; link=&#8221;url:https%3A%2F%2Fbonberenea.com%2Fes%2Fetxea-ezagutu%2Ftxokoak%2F|title:Txokos|&#8221; el_class=&#8221;more&#8221;]<div class=\"ult-spacer spacer-69fc88457d709\" data-id=\"69fc88457d709\" data-height=\"100\" data-height-mobile=\"100\" data-height-tab=\"100\" data-height-tab-portrait=\"\" data-height-mobile-landscape=\"\" style=\"clear:both;display:block;\"><\/div>[\/vc_column][\/vc_row][vc_row bg_type=&#8221;image&#8221; parallax_style=&#8221;vcpb-default&#8221; bg_image_new=&#8221;22028|https:\/\/bonberenea.com\/wp-content\/uploads\/2014\/11\/bonberenea_mapa_beltza.jpg&#8221; bg_image_repeat=&#8221;no-repeat&#8221; bg_img_attach=&#8221;fixed&#8221; bg_override=&#8221;9&#8243; enable_overlay=&#8221;enable_overlay_value&#8221; overlay_color=&#8221;#000000&#8243; overlay_pattern=&#8221;09.png&#8221; overlay_pattern_opacity=&#8221;60&#8243;][vc_column][vc_row_inner][vc_column_inner]<div class=\"ult-spacer spacer-69fc88457d71d\" data-id=\"69fc88457d71d\" data-height=\"100\" data-height-mobile=\"100\" data-height-tab=\"100\" data-height-tab-portrait=\"\" data-height-mobile-landscape=\"\" style=\"clear:both;display:block;\"><\/div>[vc_custom_heading text=&#8221;Donde estamos&#8221; font_container=&#8221;tag:h3|font_size:35|text_align:center|color:%23909090&#8243; google_fonts=&#8221;font_family:Lato%3A100%2C100italic%2C300%2C300italic%2Cregular%2Citalic%2C700%2C700italic%2C900%2C900italic|font_style:700%20bold%20regular%3A700%3Anormal&#8221;][vc_column_text]<\/p>\n<p style=\"text-align: center;\">Hemos colgado un mapa a vuestra disposicion, donde dice donde esta localizado Bonberenea, y que ademas tendreis la direccion de Bonberenea. La localizacion de Bonberenea es algo compleja y a veces, cuando se viene de fuera, es conveniente dar un vistazo al mata antes de acercarse.<\/p>\n<p>[\/vc_column_text][vc_button2 title=&#8221;VER MAS&#8221; link=&#8221;url:https%3A%2F%2Fbonberenea.com%2Fes%2Fetxea-ezagutu%2Fnon-gaude%2F|title:Donde%20estamos|&#8221; el_class=&#8221;more&#8221;]<div class=\"ult-spacer spacer-69fc88457d730\" data-id=\"69fc88457d730\" data-height=\"100\" data-height-mobile=\"100\" data-height-tab=\"100\" data-height-tab-portrait=\"\" data-height-mobile-landscape=\"\" style=\"clear:both;display:block;\"><\/div>[\/vc_column_inner][\/vc_row_inner][\/vc_column][\/vc_row][vc_row][vc_column][vc_column_text]<\/p>\n<p>[\/vc_column_text][\/vc_column][\/vc_row][vc_row][vc_column][vc_column_text]<\/p>\n<p>[\/vc_column_text][\/vc_column][\/vc_row]<\/p>","protected":false},"excerpt":{"rendered":"<p>[vc_row][vc_column][vc_custom_heading text=&#8221;Reivindicaci\u00f3n&#8221; font_container=&#8221;tag:h3|font_size:35|text_align:center|color:%23909090&#8243; google_fonts=&#8221;font_family:Lato%3A100%2C100italic%2C300%2C300italic%2Cregular%2Citalic%2C700%2C700italic%2C900%2C900italic|font_style:700%20bold%20regular%3A700%3Anormal&#8221;][vc_column_text] A d\u00eda de hoy, el gaztetxe Bonberenea (uno de los activos culturales m\u00e1s importantes de Tolosa) no tiene garantizado su futuro. Es lo que los pir\u00f3manos reclamamos a las instituciones competentes: que garanticen que esta casa [&hellip;]<\/p>\n","protected":false},"author":2,"featured_media":0,"parent":0,"menu_order":0,"comment_status":"closed","ping_status":"closed","template":"template-page-fullwidth.php","meta":{"_exactmetrics_skip_tracking":false,"_exactmetrics_sitenote_active":false,"_exactmetrics_sitenote_note":"","_exactmetrics_sitenote_category":0},"_links":{"self":[{"href":"https:\/\/www.bonberenea.com\/es\/wp-json\/wp\/v2\/pages\/12232"}],"collection":[{"href":"https:\/\/www.bonberenea.com\/es\/wp-json\/wp\/v2\/pages"}],"about":[{"href":"https:\/\/www.bonberenea.com\/es\/wp-json\/wp\/v2\/types\/page"}],"author":[{"embeddable":true,"href":"https:\/\/www.bonberenea.com\/es\/wp-json\/wp\/v2\/users\/2"}],"replies":[{"embeddable":true,"href":"https:\/\/www.bonberenea.com\/es\/wp-json\/wp\/v2\/comments?post=12232"}],"version-history":[{"count":8,"href":"https:\/\/www.bonberenea.com\/es\/wp-json\/wp\/v2\/pages\/12232\/revisions"}],"predecessor-version":[{"id":28930,"href":"https:\/\/www.bonberenea.com\/es\/wp-json\/wp\/v2\/pages\/12232\/revisions\/28930"}],"wp:attachment":[{"href":"https:\/\/www.bonberenea.com\/es\/wp-json\/wp\/v2\/media?parent=12232"}],"curies":[{"name":"wp","href":"https:\/\/api.w.org\/{rel}","templated":true}]}}