{"id":10844,"date":"2014-11-03T18:15:47","date_gmt":"2014-11-03T17:15:47","guid":{"rendered":"https:\/\/www.bonberenea.com\/?page_id=10844"},"modified":"2014-12-04T12:16:14","modified_gmt":"2014-12-04T11:16:14","slug":"bonberenea-sutan","status":"publish","type":"page","link":"https:\/\/www.bonberenea.com\/es\/bonberenea-sutan\/","title":{"rendered":"Bonberenea Sutan"},"content":{"rendered":"<p>[vc_row][vc_column width=&#8221;1\/1&#8243;][vc_column_text]Bonberenea Sutan es una campa\u00f1a reivindicativa. Se puso en marcha en 2007, con la intenci\u00f3n de responder al macro proyecto urban\u00edstico que pon\u00eda en duda el futuro del gaztetxe y la forma de ser del barrio San Esteban. Adem\u00e1s de mostrarse contraria al plan urban\u00edstico conocido como \u201cSan Esteban-Laskorain Goikoa\u201d y que preve\u00eda construir 1140 viviendas, la campa\u00f1a Bonberenea Sutan reclama una garant\u00eda legal para Bonberenea. Lo que se les pide a las autoridades competentes es que garanticen que Bonberenea permanecer\u00e1 en el lugar en el que se encuentra actualmente y que su futuro no depender\u00e1 de la corporaci\u00f3n que gobierne en cada momento.<\/p>\n<p>Se pueden integrar en esta campa\u00f1a unas cuantas iniciativas. Seguramente la m\u00e1s famosa de ellas sea el festival Bonberenea Sutan, pero han sido muchas m\u00e1s las llevadas a cabo durante estos a\u00f1os: recogida masiva de firmas, la kalejira de 2010, la llamada de los Pir\u00f3manos\u2026<\/p>\n<p>Hoy en d\u00eda la campa\u00f1a se encuentra suspendida, puesto que los vecinos del barrio San Esteban, en un proceso participativo y democr\u00e1tico, decidieron echar atr\u00e1s el plan previsto y aprobar uno en el que Bonberenea permanece donde est\u00e1. Esperamos no tener que reanudar la campa\u00f1a nunca m\u00e1s\u2026[\/vc_column_text][\/vc_column][\/vc_row][vc_row][vc_column width=&#8221;1\/2&#8243;][vc_single_image image=&#8221;8079&#8243; border_color=&#8221;grey&#8221; img_link_target=&#8221;_self&#8221; img_size=&#8221;large&#8221;][\/vc_column][vc_column width=&#8221;1\/2&#8243;][vc_text_separator title=&#8221;Festival&#8221;][vc_column_text]Han sido ya cuatro las ediciones de Bonberenea Sutan que han tenido lugar. En el se buscan apoyo y ayuda, y se busca ensanchar la protesta a los cuatro vientos, eso si, y como siempre, con la ayuda de la musica.[\/vc_column_text][vc_button2 title=&#8221;VER M\u00c1S&#8221; link=&#8221;url:https%3A%2F%2Fbonberenea.com%2Fes%2Fbonberenea-sutan%2Fjaialdia%2F|title:Festival|&#8221; el_class=&#8221;more&#8221;][\/vc_column][\/vc_row][vc_row][vc_column width=&#8221;1\/2&#8243;][vc_text_separator title=&#8221;Piromanoen Deialdia&#8221;][vc_column_text]Piromanoen Deialdia ocurrio en 2012, y con la protesta en mente, acudieron algunos partidos politicos y se charlo de la situacion actual de Bonberenea.[\/vc_column_text][vc_button2 title=&#8221;VER M\u00c1S&#8221; link=&#8221;url:https%3A%2F%2Fbonberenea.com%2Fes%2Fbonberenea-sutan%2Fpiromanoen-deialdia%2F||&#8221; el_class=&#8221;more&#8221;][\/vc_column][vc_column width=&#8221;1\/2&#8243;][vc_single_image image=&#8221;8054&#8243; border_color=&#8221;grey&#8221; img_link_target=&#8221;_self&#8221; img_size=&#8221;large&#8221;][\/vc_column][\/vc_row][vc_row][vc_column width=&#8221;1\/2&#8243;][vc_single_image image=&#8221;7892&#8243; border_color=&#8221;grey&#8221; img_link_target=&#8221;_self&#8221; img_size=&#8221;large&#8221;][\/vc_column][vc_column width=&#8221;1\/2&#8243;][vc_text_separator title=&#8221;Kalejira&#8221;][vc_column_text]&nbsp;<\/p>\n<p>Una gran fiesta arropo los san juanes de 2010, cuando Bonberenea uso su fuerza para movilizar a agentes culturales y a la gente para reivindicar la situacion de la casa.[\/vc_column_text][vc_button2 title=&#8221;VER M\u00c1S&#8221; link=&#8221;url:https%3A%2F%2Fbonberenea.com%2Fes%2Fbonberenea-sutan%2Fkalejira%2F||&#8221; el_class=&#8221;more&#8221;][\/vc_column][\/vc_row]<\/p>","protected":false},"excerpt":{"rendered":"<p>[vc_row][vc_column width=&#8221;1\/1&#8243;][vc_column_text]Bonberenea Sutan es una campa\u00f1a reivindicativa. Se puso en marcha en 2007, con la intenci\u00f3n de responder al macro proyecto urban\u00edstico que pon\u00eda en duda el futuro del gaztetxe y la forma de ser del barrio San Esteban. Adem\u00e1s [&hellip;]<\/p>\n","protected":false},"author":1,"featured_media":0,"parent":0,"menu_order":0,"comment_status":"closed","ping_status":"closed","template":"template-page-fullwidth.php","meta":{"_exactmetrics_skip_tracking":false,"_exactmetrics_sitenote_active":false,"_exactmetrics_sitenote_note":"","_exactmetrics_sitenote_category":0},"_links":{"self":[{"href":"https:\/\/www.bonberenea.com\/es\/wp-json\/wp\/v2\/pages\/10844"}],"collection":[{"href":"https:\/\/www.bonberenea.com\/es\/wp-json\/wp\/v2\/pages"}],"about":[{"href":"https:\/\/www.bonberenea.com\/es\/wp-json\/wp\/v2\/types\/page"}],"author":[{"embeddable":true,"href":"https:\/\/www.bonberenea.com\/es\/wp-json\/wp\/v2\/users\/1"}],"replies":[{"embeddable":true,"href":"https:\/\/www.bonberenea.com\/es\/wp-json\/wp\/v2\/comments?post=10844"}],"version-history":[{"count":2,"href":"https:\/\/www.bonberenea.com\/es\/wp-json\/wp\/v2\/pages\/10844\/revisions"}],"predecessor-version":[{"id":10854,"href":"https:\/\/www.bonberenea.com\/es\/wp-json\/wp\/v2\/pages\/10844\/revisions\/10854"}],"wp:attachment":[{"href":"https:\/\/www.bonberenea.com\/es\/wp-json\/wp\/v2\/media?parent=10844"}],"curies":[{"name":"wp","href":"https:\/\/api.w.org\/{rel}","templated":true}]}}